{"id":1819,"date":"2013-04-09T10:13:18","date_gmt":"2013-04-09T08:13:18","guid":{"rendered":"http:\/\/www.tsv-oberriexingen.de\/WP\/2\/?page_id=1819"},"modified":"2019-02-09T18:56:53","modified_gmt":"2019-02-09T17:56:53","slug":"volkslauf-anmeldung-fur-schulklassen","status":"publish","type":"page","link":"http:\/\/www.tsv-oberriexingen.de\/WP\/2\/volkslauf\/anmeldung\/volkslauf-anmeldung-fur-schulklassen\/","title":{"rendered":"Anmeldung f\u00fcr Schulen"},"content":{"rendered":"<p>Sehr geehrte Damen und Herren,<br \/>\nauch in diesem Jahr findet unser mittlerweile neunzehnter Oberriexinger Volkslauf statt, zu dem wir Ihre Sch\u00fclerinnen, Sch\u00fcler und Mitarbeiter wieder herzlich einladen. Die Alison und Peter Klein Stiftung wird, wie im letzten Jahr, den teilnehmenden Schulen f\u00fcr jede(n)Sch\u00fcler(in), der(die) das Ziel erreicht, Euro 5,- zukommen lassen.<\/p>\n<p>Die Datei zur Anmeldung finden Sie hier: <a href=\"http:\/\/www.tsv-oberriexingen.de\/WP\/download\/volkslauf\/Volkslauf_Oberriexingen_2019_Sammelanmeldung_Schulen.xls\">Datei Sammelanmeldung f\u00fcr Schulen<\/a><br \/>\n<strong>Wir bitten um Verst\u00e4ndnis, dass Nachmeldungen am Lauftag f\u00fcr Schulen nicht m\u00f6glich sind.<\/strong><\/p>\n<p>Die Startnummern und die dazugeh\u00f6rigen Transponder werden am Lauftag ausschlie\u00dflich dem\/den von der Schule genannten Betreuer\/n, also nicht den Sch\u00fclern selbst, gesammelt ausgeh\u00e4ndigt. Wir bitten um rechtzeitige Abholung <strong>ab 13:15 Uhr im Foyer der Festhalle.<\/strong><br \/>\nDie Sch\u00fcler \/innen sollten auf die sichere Anbringung des Transponders hingewiesen werden. Eine Anleitung finden Sie <a href=\"http:\/\/wp1081102.server-he.de\/WP\/wp-content\/uploads\/2012\/11\/AnleitungTransponder.pdf\" target=\"_blank\" rel=\"noopener noreferrer\">hier.<\/a><br \/>\nGleich nach dem Zieleinlauf werden die Transponder von unserem Team wieder eingesammelt. Die Betreuer sollten bitte daf\u00fcr sorgen, dass Transponder von Sch\u00fclern, die das Ziel nicht erreichen, ebenfalls wieder abgegeben werden.<\/p>\n<p>Wir freuen uns darauf, Sie alle am 25. Mai 2019 begr\u00fc\u00dfen zu k\u00f6nnen und w\u00fcnschen Ihnen und Ihren Sch\u00fcler\/inne\/n viel Freude und Erfolg beim Lauf.<\/p>\n<p>Marika Linckh, Werner Scholpp<br \/>\nf\u00fcr den TSV Oberriexingen<\/p>\n","protected":false},"excerpt":{"rendered":"<p>Sehr geehrte Damen und Herren, auch in diesem Jahr findet unser mittlerweile neunzehnter Oberriexinger Volkslauf statt, zu dem wir Ihre Sch\u00fclerinnen, Sch\u00fcler und Mitarbeiter wieder herzlich einladen. Die Alison und Peter Klein Stiftung wird, wie im letzten Jahr, den teilnehmenden &hellip; <a href=\"http:\/\/www.tsv-oberriexingen.de\/WP\/2\/volkslauf\/anmeldung\/volkslauf-anmeldung-fur-schulklassen\/\">Weiterlesen <span class=\"meta-nav\">&rarr;<\/span><\/a><\/p>\n","protected":false},"author":8,"featured_media":0,"parent":474,"menu_order":0,"comment_status":"closed","ping_status":"open","template":"","meta":{"footnotes":""},"class_list":["post-1819","page","type-page","status-publish","hentry"],"jetpack_sharing_enabled":true,"jetpack_shortlink":"https:\/\/wp.me\/P3tr7W-tl","_links":{"self":[{"href":"http:\/\/www.tsv-oberriexingen.de\/WP\/2\/wp-json\/wp\/v2\/pages\/1819","targetHints":{"allow":["GET"]}}],"collection":[{"href":"http:\/\/www.tsv-oberriexingen.de\/WP\/2\/wp-json\/wp\/v2\/pages"}],"about":[{"href":"http:\/\/www.tsv-oberriexingen.de\/WP\/2\/wp-json\/wp\/v2\/types\/page"}],"author":[{"embeddable":true,"href":"http:\/\/www.tsv-oberriexingen.de\/WP\/2\/wp-json\/wp\/v2\/users\/8"}],"replies":[{"embeddable":true,"href":"http:\/\/www.tsv-oberriexingen.de\/WP\/2\/wp-json\/wp\/v2\/comments?post=1819"}],"version-history":[{"count":23,"href":"http:\/\/www.tsv-oberriexingen.de\/WP\/2\/wp-json\/wp\/v2\/pages\/1819\/revisions"}],"predecessor-version":[{"id":7375,"href":"http:\/\/www.tsv-oberriexingen.de\/WP\/2\/wp-json\/wp\/v2\/pages\/1819\/revisions\/7375"}],"up":[{"embeddable":true,"href":"http:\/\/www.tsv-oberriexingen.de\/WP\/2\/wp-json\/wp\/v2\/pages\/474"}],"wp:attachment":[{"href":"http:\/\/www.tsv-oberriexingen.de\/WP\/2\/wp-json\/wp\/v2\/media?parent=1819"}],"curies":[{"name":"wp","href":"https:\/\/api.w.org\/{rel}","templated":true}]}}