{"id":4198,"date":"2015-06-22T14:38:00","date_gmt":"2015-06-22T12:38:00","guid":{"rendered":"http:\/\/www.tsv-oberriexingen.de\/WP\/2\/?page_id=4198"},"modified":"2018-06-24T16:08:13","modified_gmt":"2018-06-24T14:08:13","slug":"volkslauf-2015","status":"publish","type":"page","link":"http:\/\/www.tsv-oberriexingen.de\/WP\/2\/volkslauf\/bilder\/volkslauf-2015\/","title":{"rendered":"Volkslauf 2015"},"content":{"rendered":"<p>Bilder und Eindr\u00fccke vom Volkslauf 2015. Wir haben <strong>nicht<\/strong> von allen L\u00e4ufern Fotos (aber von vielen).<\/p>\n<p><a href=\"https:\/\/i0.wp.com\/www.tsv-oberriexingen.de\/WP\/2\/wp-content\/uploads\/sites\/3\/2015\/06\/DSC_0106.jpg\"><img data-recalc-dims=\"1\" loading=\"lazy\" decoding=\"async\" data-attachment-id=\"4145\" data-permalink=\"http:\/\/www.tsv-oberriexingen.de\/WP\/2\/dsc_0106-2\/\" data-orig-file=\"https:\/\/i0.wp.com\/www.tsv-oberriexingen.de\/WP\/2\/wp-content\/uploads\/sites\/3\/2015\/06\/DSC_0106.jpg?fit=1200%2C900\" data-orig-size=\"1200,900\" data-comments-opened=\"1\" data-image-meta=\"{&quot;aperture&quot;:&quot;0&quot;,&quot;credit&quot;:&quot;&quot;,&quot;camera&quot;:&quot;&quot;,&quot;caption&quot;:&quot;&quot;,&quot;created_timestamp&quot;:&quot;0&quot;,&quot;copyright&quot;:&quot;&quot;,&quot;focal_length&quot;:&quot;0&quot;,&quot;iso&quot;:&quot;0&quot;,&quot;shutter_speed&quot;:&quot;0&quot;,&quot;title&quot;:&quot;&quot;,&quot;orientation&quot;:&quot;0&quot;}\" data-image-title=\"DSC_0106\" data-image-description=\"\" data-image-caption=\"\" data-large-file=\"https:\/\/i0.wp.com\/www.tsv-oberriexingen.de\/WP\/2\/wp-content\/uploads\/sites\/3\/2015\/06\/DSC_0106.jpg?fit=584%2C438\" class=\"alignleft size-medium wp-image-4145\" src=\"https:\/\/i0.wp.com\/www.tsv-oberriexingen.de\/WP\/2\/wp-content\/uploads\/sites\/3\/2015\/06\/DSC_0106.jpg?resize=300%2C225\" alt=\"DSC_0106\" width=\"300\" height=\"225\" srcset=\"https:\/\/i0.wp.com\/www.tsv-oberriexingen.de\/WP\/2\/wp-content\/uploads\/sites\/3\/2015\/06\/DSC_0106.jpg?resize=300%2C225 300w, https:\/\/i0.wp.com\/www.tsv-oberriexingen.de\/WP\/2\/wp-content\/uploads\/sites\/3\/2015\/06\/DSC_0106.jpg?resize=200%2C150 200w, https:\/\/i0.wp.com\/www.tsv-oberriexingen.de\/WP\/2\/wp-content\/uploads\/sites\/3\/2015\/06\/DSC_0106.jpg?resize=600%2C450 600w, https:\/\/i0.wp.com\/www.tsv-oberriexingen.de\/WP\/2\/wp-content\/uploads\/sites\/3\/2015\/06\/DSC_0106.jpg?resize=150%2C113 150w, https:\/\/i0.wp.com\/www.tsv-oberriexingen.de\/WP\/2\/wp-content\/uploads\/sites\/3\/2015\/06\/DSC_0106.jpg?w=1200 1200w\" sizes=\"auto, (max-width: 300px) 100vw, 300px\" \/><\/a><\/p>\n<ul>\n<li><a title=\"Ruhe vor dem Sturm\" href=\"http:\/\/www.tsv-oberriexingen.de\/WP\/?page_id=4201\"><strong>Die Ruhe vor dem Sturm<\/strong><\/a><\/li>\n<li><a title=\"Bambinilauf 2015\" href=\"http:\/\/www.tsv-oberriexingen.de\/WP\/?page_id=4205\"><strong>Bambini<\/strong><\/a><\/li>\n<li><a title=\"Sch\u00fclerinnenlauf 2015\" href=\"http:\/\/www.tsv-oberriexingen.de\/WP\/?page_id=4194\"><strong>Sch\u00fclerinnen<\/strong><\/a><\/li>\n<li><a title=\"Sch\u00fclerlauf 2015\" href=\"http:\/\/www.tsv-oberriexingen.de\/WP\/?page_id=4218\"><strong>Sch\u00fcler<\/strong><\/a><\/li>\n<li><a title=\"Einsteigerlauf und Walker\" href=\"http:\/\/www.tsv-oberriexingen.de\/WP\/?page_id=4337\"><strong>Einsteiger \/ Walker<\/strong><\/a><\/li>\n<li><a title=\"Hauptlauf 2015\" href=\"http:\/\/www.tsv-oberriexingen.de\/WP\/?page_id=4461\"><strong>Hauptlauf<\/strong><\/a><\/li>\n<\/ul>\n","protected":false},"excerpt":{"rendered":"<p>Bilder und Eindr\u00fccke vom Volkslauf 2015. Wir haben nicht von allen L\u00e4ufern Fotos (aber von vielen). Die Ruhe vor dem Sturm Bambini Sch\u00fclerinnen Sch\u00fcler Einsteiger \/ Walker Hauptlauf<\/p>\n","protected":false},"author":8,"featured_media":0,"parent":1987,"menu_order":0,"comment_status":"closed","ping_status":"closed","template":"","meta":{"footnotes":""},"class_list":["post-4198","page","type-page","status-publish","hentry"],"jetpack_sharing_enabled":true,"jetpack_shortlink":"https:\/\/wp.me\/P3tr7W-15I","_links":{"self":[{"href":"http:\/\/www.tsv-oberriexingen.de\/WP\/2\/wp-json\/wp\/v2\/pages\/4198","targetHints":{"allow":["GET"]}}],"collection":[{"href":"http:\/\/www.tsv-oberriexingen.de\/WP\/2\/wp-json\/wp\/v2\/pages"}],"about":[{"href":"http:\/\/www.tsv-oberriexingen.de\/WP\/2\/wp-json\/wp\/v2\/types\/page"}],"author":[{"embeddable":true,"href":"http:\/\/www.tsv-oberriexingen.de\/WP\/2\/wp-json\/wp\/v2\/users\/8"}],"replies":[{"embeddable":true,"href":"http:\/\/www.tsv-oberriexingen.de\/WP\/2\/wp-json\/wp\/v2\/comments?post=4198"}],"version-history":[{"count":9,"href":"http:\/\/www.tsv-oberriexingen.de\/WP\/2\/wp-json\/wp\/v2\/pages\/4198\/revisions"}],"predecessor-version":[{"id":4529,"href":"http:\/\/www.tsv-oberriexingen.de\/WP\/2\/wp-json\/wp\/v2\/pages\/4198\/revisions\/4529"}],"up":[{"embeddable":true,"href":"http:\/\/www.tsv-oberriexingen.de\/WP\/2\/wp-json\/wp\/v2\/pages\/1987"}],"wp:attachment":[{"href":"http:\/\/www.tsv-oberriexingen.de\/WP\/2\/wp-json\/wp\/v2\/media?parent=4198"}],"curies":[{"name":"wp","href":"https:\/\/api.w.org\/{rel}","templated":true}]}}