{"id":466,"date":"2012-11-28T21:08:05","date_gmt":"2012-11-28T20:08:05","guid":{"rendered":"http:\/\/wp1081102.wp115.webpack.hosteurope.de\/WP\/?page_id=466"},"modified":"2017-04-28T10:21:22","modified_gmt":"2017-04-28T08:21:22","slug":"strecke","status":"publish","type":"page","link":"http:\/\/www.tsv-oberriexingen.de\/WP\/2\/volkslauf\/strecke\/","title":{"rendered":"Strecke"},"content":{"rendered":"<table>\n<tbody>\n<tr>\n<td>Die Strecken f\u00fcr Sch\u00fcler, Walker, f\u00fcr Einsteiger- und Hauptlauf<a href=\"https:\/\/i0.wp.com\/www.tsv-oberriexingen.de\/WP\/2\/wp-content\/uploads\/sites\/3\/2012\/11\/StreckenNeu2015.jpg\"><img data-recalc-dims=\"1\" loading=\"lazy\" decoding=\"async\" data-attachment-id=\"3952\" data-permalink=\"http:\/\/www.tsv-oberriexingen.de\/WP\/2\/volkslauf\/strecke\/streckenneu2015\/\" data-orig-file=\"https:\/\/i0.wp.com\/www.tsv-oberriexingen.de\/WP\/2\/wp-content\/uploads\/sites\/3\/2012\/11\/StreckenNeu2015.jpg?fit=1869%2C688\" data-orig-size=\"1869,688\" data-comments-opened=\"1\" data-image-meta=\"{&quot;aperture&quot;:&quot;0&quot;,&quot;credit&quot;:&quot;&quot;,&quot;camera&quot;:&quot;&quot;,&quot;caption&quot;:&quot;&quot;,&quot;created_timestamp&quot;:&quot;0&quot;,&quot;copyright&quot;:&quot;&quot;,&quot;focal_length&quot;:&quot;0&quot;,&quot;iso&quot;:&quot;0&quot;,&quot;shutter_speed&quot;:&quot;0&quot;,&quot;title&quot;:&quot;&quot;,&quot;orientation&quot;:&quot;0&quot;}\" data-image-title=\"StreckenNeu2015\" data-image-description=\"\" data-image-caption=\"\" data-large-file=\"https:\/\/i0.wp.com\/www.tsv-oberriexingen.de\/WP\/2\/wp-content\/uploads\/sites\/3\/2012\/11\/StreckenNeu2015.jpg?fit=584%2C215\" class=\"alignleft wp-image-3952 size-large\" src=\"https:\/\/i0.wp.com\/www.tsv-oberriexingen.de\/WP\/2\/wp-content\/uploads\/sites\/3\/2012\/11\/StreckenNeu2015.jpg?resize=584%2C215\" alt=\"StreckenNeu2015\" width=\"584\" height=\"215\" srcset=\"https:\/\/i0.wp.com\/www.tsv-oberriexingen.de\/WP\/2\/wp-content\/uploads\/sites\/3\/2012\/11\/StreckenNeu2015.jpg?resize=600%2C221 600w, https:\/\/i0.wp.com\/www.tsv-oberriexingen.de\/WP\/2\/wp-content\/uploads\/sites\/3\/2012\/11\/StreckenNeu2015.jpg?resize=200%2C74 200w, https:\/\/i0.wp.com\/www.tsv-oberriexingen.de\/WP\/2\/wp-content\/uploads\/sites\/3\/2012\/11\/StreckenNeu2015.jpg?resize=300%2C110 300w, https:\/\/i0.wp.com\/www.tsv-oberriexingen.de\/WP\/2\/wp-content\/uploads\/sites\/3\/2012\/11\/StreckenNeu2015.jpg?resize=250%2C92 250w, https:\/\/i0.wp.com\/www.tsv-oberriexingen.de\/WP\/2\/wp-content\/uploads\/sites\/3\/2012\/11\/StreckenNeu2015.jpg?resize=150%2C55 150w, https:\/\/i0.wp.com\/www.tsv-oberriexingen.de\/WP\/2\/wp-content\/uploads\/sites\/3\/2012\/11\/StreckenNeu2015.jpg?w=1869 1869w, https:\/\/i0.wp.com\/www.tsv-oberriexingen.de\/WP\/2\/wp-content\/uploads\/sites\/3\/2012\/11\/StreckenNeu2015.jpg?w=1168 1168w, https:\/\/i0.wp.com\/www.tsv-oberriexingen.de\/WP\/2\/wp-content\/uploads\/sites\/3\/2012\/11\/StreckenNeu2015.jpg?w=1752 1752w\" sizes=\"auto, (max-width: 584px) 100vw, 584px\" \/><\/a>:<\/td>\n<\/tr>\n<tr>\n<td>\u00a0H\u00f6henprofil (Walker, Einsteiger und 1 Runde vom Hauptlauf):<img data-recalc-dims=\"1\" loading=\"lazy\" decoding=\"async\" data-attachment-id=\"3973\" data-permalink=\"http:\/\/www.tsv-oberriexingen.de\/WP\/2\/volkslauf\/strecke\/hoehenprofil\/\" data-orig-file=\"https:\/\/i0.wp.com\/www.tsv-oberriexingen.de\/WP\/2\/wp-content\/uploads\/sites\/3\/2012\/11\/hoehenprofil.jpg?fit=737%2C261\" data-orig-size=\"737,261\" data-comments-opened=\"1\" data-image-meta=\"{&quot;aperture&quot;:&quot;0&quot;,&quot;credit&quot;:&quot;&quot;,&quot;camera&quot;:&quot;&quot;,&quot;caption&quot;:&quot;&quot;,&quot;created_timestamp&quot;:&quot;0&quot;,&quot;copyright&quot;:&quot;&quot;,&quot;focal_length&quot;:&quot;0&quot;,&quot;iso&quot;:&quot;0&quot;,&quot;shutter_speed&quot;:&quot;0&quot;,&quot;title&quot;:&quot;&quot;,&quot;orientation&quot;:&quot;0&quot;}\" data-image-title=\"hoehenprofil\" data-image-description=\"\" data-image-caption=\"\" data-large-file=\"https:\/\/i0.wp.com\/www.tsv-oberriexingen.de\/WP\/2\/wp-content\/uploads\/sites\/3\/2012\/11\/hoehenprofil.jpg?fit=584%2C206\" class=\"alignleft size-large wp-image-3973\" src=\"https:\/\/i0.wp.com\/www.tsv-oberriexingen.de\/WP\/2\/wp-content\/uploads\/sites\/3\/2012\/11\/hoehenprofil.jpg?resize=584%2C206\" alt=\"hoehenprofil\" width=\"584\" height=\"206\" srcset=\"https:\/\/i0.wp.com\/www.tsv-oberriexingen.de\/WP\/2\/wp-content\/uploads\/sites\/3\/2012\/11\/hoehenprofil.jpg?resize=600%2C212 600w, https:\/\/i0.wp.com\/www.tsv-oberriexingen.de\/WP\/2\/wp-content\/uploads\/sites\/3\/2012\/11\/hoehenprofil.jpg?resize=200%2C71 200w, https:\/\/i0.wp.com\/www.tsv-oberriexingen.de\/WP\/2\/wp-content\/uploads\/sites\/3\/2012\/11\/hoehenprofil.jpg?resize=300%2C106 300w, https:\/\/i0.wp.com\/www.tsv-oberriexingen.de\/WP\/2\/wp-content\/uploads\/sites\/3\/2012\/11\/hoehenprofil.jpg?resize=250%2C89 250w, https:\/\/i0.wp.com\/www.tsv-oberriexingen.de\/WP\/2\/wp-content\/uploads\/sites\/3\/2012\/11\/hoehenprofil.jpg?resize=150%2C53 150w, https:\/\/i0.wp.com\/www.tsv-oberriexingen.de\/WP\/2\/wp-content\/uploads\/sites\/3\/2012\/11\/hoehenprofil.jpg?w=737 737w\" sizes=\"auto, (max-width: 584px) 100vw, 584px\" \/><\/td>\n<\/tr>\n<\/tbody>\n<\/table>\n","protected":false},"excerpt":{"rendered":"<p>Die Strecken f\u00fcr Sch\u00fcler, Walker, f\u00fcr Einsteiger- und Hauptlauf: \u00a0H\u00f6henprofil (Walker, Einsteiger und 1 Runde vom Hauptlauf):<\/p>\n","protected":false},"author":2,"featured_media":0,"parent":117,"menu_order":0,"comment_status":"closed","ping_status":"open","template":"","meta":{"footnotes":""},"class_list":["post-466","page","type-page","status-publish","hentry"],"jetpack_sharing_enabled":true,"jetpack_shortlink":"https:\/\/wp.me\/P3tr7W-7w","_links":{"self":[{"href":"http:\/\/www.tsv-oberriexingen.de\/WP\/2\/wp-json\/wp\/v2\/pages\/466","targetHints":{"allow":["GET"]}}],"collection":[{"href":"http:\/\/www.tsv-oberriexingen.de\/WP\/2\/wp-json\/wp\/v2\/pages"}],"about":[{"href":"http:\/\/www.tsv-oberriexingen.de\/WP\/2\/wp-json\/wp\/v2\/types\/page"}],"author":[{"embeddable":true,"href":"http:\/\/www.tsv-oberriexingen.de\/WP\/2\/wp-json\/wp\/v2\/users\/2"}],"replies":[{"embeddable":true,"href":"http:\/\/www.tsv-oberriexingen.de\/WP\/2\/wp-json\/wp\/v2\/comments?post=466"}],"version-history":[{"count":27,"href":"http:\/\/www.tsv-oberriexingen.de\/WP\/2\/wp-json\/wp\/v2\/pages\/466\/revisions"}],"predecessor-version":[{"id":3974,"href":"http:\/\/www.tsv-oberriexingen.de\/WP\/2\/wp-json\/wp\/v2\/pages\/466\/revisions\/3974"}],"up":[{"embeddable":true,"href":"http:\/\/www.tsv-oberriexingen.de\/WP\/2\/wp-json\/wp\/v2\/pages\/117"}],"wp:attachment":[{"href":"http:\/\/www.tsv-oberriexingen.de\/WP\/2\/wp-json\/wp\/v2\/media?parent=466"}],"curies":[{"name":"wp","href":"https:\/\/api.w.org\/{rel}","templated":true}]}}