{"id":469,"date":"2012-11-28T21:10:02","date_gmt":"2012-11-28T20:10:02","guid":{"rendered":"http:\/\/wp1081102.wp115.webpack.hosteurope.de\/WP\/?page_id=469"},"modified":"2019-01-14T16:52:03","modified_gmt":"2019-01-14T15:52:03","slug":"laufe","status":"publish","type":"page","link":"http:\/\/www.tsv-oberriexingen.de\/WP\/2\/volkslauf\/laufe\/","title":{"rendered":"L\u00e4ufe"},"content":{"rendered":"<table style=\"width: 100%\" border=\"2\" cellspacing=\"1\" cellpadding=\"1\" align=\"left\">\n<tbody>\n<tr>\n<td width=\"357\"><strong>Die L\u00e4ufe:<\/strong><\/td>\n<td><\/td>\n<td><\/td>\n<td><\/td>\n<td rowspan=\"17\"><\/td>\n<\/tr>\n<tr>\n<td width=\"125\">Bambini:<\/td>\n<td width=\"77\">14:00 Uhr<\/td>\n<td width=\"75\">100 m<\/td>\n<td width=\"80\">kostenlos<\/td>\n<\/tr>\n<tr>\n<td width=\"125\">Sch\u00fclerinnen:<\/td>\n<td width=\"77\">14:30 Uhr<\/td>\n<td width=\"75\">1 700 m<\/td>\n<td width=\"80\">\u20ac 6,-<\/td>\n<\/tr>\n<tr>\n<td width=\"125\">Sch\u00fcler:<\/td>\n<td width=\"77\">15:00 Uhr<\/td>\n<td width=\"75\">1 700 m<\/td>\n<td width=\"80\">\u20ac 6,-<\/td>\n<\/tr>\n<tr>\n<td colspan=\"4\">\n<h3>Bei Anmeldung durch die Schule \u00fcbernimmt die Alison und Peter Klein Stiftung die Geb\u00fchr f\u00fcr die Sch\u00fclerinnen und sch\u00fcler.<\/h3>\n<\/td>\n<\/tr>\n<tr>\n<td width=\"125\">Nordic- \/\u00a0Walker:<\/td>\n<td width=\"77\">15:30 Uhr<\/td>\n<td width=\"75\">5 030 m<\/td>\n<td width=\"80\">\u20ac 6,-*<\/td>\n<\/tr>\n<tr>\n<td width=\"125\">Einsteiger:<\/td>\n<td width=\"77\">15:30 Uhr<\/td>\n<td width=\"75\">5 030 m<\/td>\n<td width=\"80\">\u20ac 8,-*<\/td>\n<\/tr>\n<tr>\n<td width=\"125\">Hauptlauf:<\/td>\n<td width=\"77\">16:30 Uhr<\/td>\n<td width=\"75\">10 060 m<\/td>\n<td width=\"80\">\u20ac 10,-*<\/td>\n<\/tr>\n<tr>\n<td width=\"125\"><\/td>\n<td colspan=\"3\">\n<h6>*Zahlbar bei Online-Anmeldung per Lastschrift, bei Nachmeldung in bar plus Nachmeldegeb\u00fchr von 2,-\u20ac. Online-Urkunde kostenlos.<\/h6>\n<\/td>\n<\/tr>\n<tr>\n<td width=\"125\"><strong>Klassen:<\/strong><\/td>\n<td width=\"77\"><\/td>\n<td width=\"75\"><\/td>\n<td width=\"80\"><\/td>\n<\/tr>\n<tr>\n<td width=\"125\">Bambini:<\/td>\n<td colspan=\"3\" width=\"232\">Jahrgang 2013 und j\u00fcnger<\/td>\n<\/tr>\n<tr>\n<td width=\"125\">Sch\u00fcler:<\/td>\n<td width=\"77\">M+W<\/td>\n<td colspan=\"2\" width=\"155\">Jg. 2004 &#8211; 2012<\/td>\n<\/tr>\n<tr>\n<td width=\"125\">Einsteigerlauf:<\/td>\n<td width=\"77\">M+W<\/td>\n<td colspan=\"2\" width=\"155\">Jg. 2009 und \u00e4lter<\/td>\n<\/tr>\n<tr>\n<td width=\"125\">Hauptlauf, Walker\/NW-Lauf:<\/td>\n<td width=\"77\">M+W<\/td>\n<td colspan=\"2\" width=\"155\">Jg. 2005 und \u00e4lter<\/td>\n<\/tr>\n<tr>\n<td width=\"125\">&#8211; Jugend:<\/td>\n<td width=\"77\">M+W<\/td>\n<td colspan=\"2\" width=\"155\">Jg. 2000 &#8211; 2003<\/td>\n<\/tr>\n<tr>\n<td width=\"125\">&#8211; Aktive:<\/td>\n<td width=\"77\">M+W<\/td>\n<td colspan=\"2\" width=\"155\">Jg. 1990 &#8211; 1999<\/td>\n<\/tr>\n<tr>\n<td width=\"125\">&#8211; Senioren:<\/td>\n<td width=\"77\">M+W<\/td>\n<td colspan=\"2\" width=\"155\">30, 40, 50, 60, 70, 75<\/td>\n<\/tr>\n<\/tbody>\n<\/table>\n","protected":false},"excerpt":{"rendered":"<p>Die L\u00e4ufe: Bambini: 14:00 Uhr 100 m kostenlos Sch\u00fclerinnen: 14:30 Uhr 1 700 m \u20ac 6,- Sch\u00fcler: 15:00 Uhr 1 700 m \u20ac 6,- Bei Anmeldung durch die Schule \u00fcbernimmt die Alison und Peter Klein Stiftung die Geb\u00fchr f\u00fcr die &hellip; <a href=\"http:\/\/www.tsv-oberriexingen.de\/WP\/2\/volkslauf\/laufe\/\">Weiterlesen <span class=\"meta-nav\">&rarr;<\/span><\/a><\/p>\n","protected":false},"author":2,"featured_media":0,"parent":117,"menu_order":0,"comment_status":"closed","ping_status":"open","template":"","meta":{"footnotes":""},"class_list":["post-469","page","type-page","status-publish","hentry"],"jetpack_sharing_enabled":true,"jetpack_shortlink":"https:\/\/wp.me\/P3tr7W-7z","_links":{"self":[{"href":"http:\/\/www.tsv-oberriexingen.de\/WP\/2\/wp-json\/wp\/v2\/pages\/469","targetHints":{"allow":["GET"]}}],"collection":[{"href":"http:\/\/www.tsv-oberriexingen.de\/WP\/2\/wp-json\/wp\/v2\/pages"}],"about":[{"href":"http:\/\/www.tsv-oberriexingen.de\/WP\/2\/wp-json\/wp\/v2\/types\/page"}],"author":[{"embeddable":true,"href":"http:\/\/www.tsv-oberriexingen.de\/WP\/2\/wp-json\/wp\/v2\/users\/2"}],"replies":[{"embeddable":true,"href":"http:\/\/www.tsv-oberriexingen.de\/WP\/2\/wp-json\/wp\/v2\/comments?post=469"}],"version-history":[{"count":33,"href":"http:\/\/www.tsv-oberriexingen.de\/WP\/2\/wp-json\/wp\/v2\/pages\/469\/revisions"}],"predecessor-version":[{"id":7366,"href":"http:\/\/www.tsv-oberriexingen.de\/WP\/2\/wp-json\/wp\/v2\/pages\/469\/revisions\/7366"}],"up":[{"embeddable":true,"href":"http:\/\/www.tsv-oberriexingen.de\/WP\/2\/wp-json\/wp\/v2\/pages\/117"}],"wp:attachment":[{"href":"http:\/\/www.tsv-oberriexingen.de\/WP\/2\/wp-json\/wp\/v2\/media?parent=469"}],"curies":[{"name":"wp","href":"https:\/\/api.w.org\/{rel}","templated":true}]}}