{"id":472,"date":"2012-11-28T21:12:02","date_gmt":"2012-11-28T20:12:02","guid":{"rendered":"http:\/\/wp1081102.wp115.webpack.hosteurope.de\/WP\/?page_id=472"},"modified":"2019-01-14T16:54:45","modified_gmt":"2019-01-14T15:54:45","slug":"ehrungen-und-preise","status":"publish","type":"page","link":"http:\/\/www.tsv-oberriexingen.de\/WP\/2\/volkslauf\/ehrungen-und-preise\/","title":{"rendered":"Ehrungen und Preise"},"content":{"rendered":"<table border=\"1\" width=\"100%\" cellspacing=\"2\" cellpadding=\"0\">\n<tbody>\n<tr>\n<td>Bambinilauf:<\/td>\n<td>Jedes Kind erh\u00e4lt eine Medaille.<\/td>\n<\/tr>\n<tr>\n<td valign=\"top\">Sch\u00fclerlauf:<\/td>\n<td>Pokal + Urkunde 1.-3. der Klassen<br \/>\nU8, U10, U12, U14, U16<\/td>\n<\/tr>\n<tr>\n<td>Walker\/NW:<\/td>\n<td>Sachpreis + Urkunde 1.-3. Gesamtwertung<\/td>\n<\/tr>\n<tr>\n<td valign=\"top\">Einsteigerlauf:<\/td>\n<td>Geldpreis+Urk. 1.-3. Gesamtwertung<br \/>\nSachpreis und Urkunde 1.-3. jeder Klasse<\/td>\n<\/tr>\n<tr>\n<td valign=\"top\">Hauptlauf:<\/td>\n<td>Geldpreis + Urk. 1.-3. Gesamtwertung<br \/>\nSachpreis + Urk. 1.-3. jeder Klasse<\/td>\n<\/tr>\n<tr>\n<td valign=\"top\">Sonderpreise<\/td>\n<td>Gr\u00f6\u00dfte Gast-Mannschaft (au\u00dfer Schulen).<br \/>\n\u00c4lteste Teilnehmer\/-Innen.<br \/>\nNeuer Streckenrekord Einsteigerlauf und<br \/>\nHauptlauf.<\/td>\n<\/tr>\n<tr>\n<td colspan=\"2\">Alison und Peter Klein Stiftung:<br \/>\nF\u00fcr jede Schule erl\u00e4uft jeder Sch\u00fcler, der im Sch\u00fcler-, Einsteiger- oder Hauptlauf das Ziel erreicht, \u20ac 5,-. Das Startgeld \u00fcbernimmt die Stiftung ebenfalls.<\/td>\n<\/tr>\n<tr>\n<td colspan=\"2\">Siegerehrung:<br \/>\nAlle L\u00e4ufe jeweils ca. 1 Stunde nach dem Lauf.<\/td>\n<\/tr>\n<\/tbody>\n<\/table>\n","protected":false},"excerpt":{"rendered":"<p>Bambinilauf: Jedes Kind erh\u00e4lt eine Medaille. Sch\u00fclerlauf: Pokal + Urkunde 1.-3. der Klassen U8, U10, U12, U14, U16 Walker\/NW: Sachpreis + Urkunde 1.-3. Gesamtwertung Einsteigerlauf: Geldpreis+Urk. 1.-3. Gesamtwertung Sachpreis und Urkunde 1.-3. jeder Klasse Hauptlauf: Geldpreis + Urk. 1.-3. Gesamtwertung &hellip; <a href=\"http:\/\/www.tsv-oberriexingen.de\/WP\/2\/volkslauf\/ehrungen-und-preise\/\">Weiterlesen <span class=\"meta-nav\">&rarr;<\/span><\/a><\/p>\n","protected":false},"author":2,"featured_media":0,"parent":117,"menu_order":0,"comment_status":"closed","ping_status":"open","template":"","meta":{"footnotes":""},"class_list":["post-472","page","type-page","status-publish","hentry"],"jetpack_sharing_enabled":true,"jetpack_shortlink":"https:\/\/wp.me\/P3tr7W-7C","_links":{"self":[{"href":"http:\/\/www.tsv-oberriexingen.de\/WP\/2\/wp-json\/wp\/v2\/pages\/472","targetHints":{"allow":["GET"]}}],"collection":[{"href":"http:\/\/www.tsv-oberriexingen.de\/WP\/2\/wp-json\/wp\/v2\/pages"}],"about":[{"href":"http:\/\/www.tsv-oberriexingen.de\/WP\/2\/wp-json\/wp\/v2\/types\/page"}],"author":[{"embeddable":true,"href":"http:\/\/www.tsv-oberriexingen.de\/WP\/2\/wp-json\/wp\/v2\/users\/2"}],"replies":[{"embeddable":true,"href":"http:\/\/www.tsv-oberriexingen.de\/WP\/2\/wp-json\/wp\/v2\/comments?post=472"}],"version-history":[{"count":17,"href":"http:\/\/www.tsv-oberriexingen.de\/WP\/2\/wp-json\/wp\/v2\/pages\/472\/revisions"}],"predecessor-version":[{"id":7367,"href":"http:\/\/www.tsv-oberriexingen.de\/WP\/2\/wp-json\/wp\/v2\/pages\/472\/revisions\/7367"}],"up":[{"embeddable":true,"href":"http:\/\/www.tsv-oberriexingen.de\/WP\/2\/wp-json\/wp\/v2\/pages\/117"}],"wp:attachment":[{"href":"http:\/\/www.tsv-oberriexingen.de\/WP\/2\/wp-json\/wp\/v2\/media?parent=472"}],"curies":[{"name":"wp","href":"https:\/\/api.w.org\/{rel}","templated":true}]}}