{"id":474,"date":"2012-11-28T21:12:53","date_gmt":"2012-11-28T20:12:53","guid":{"rendered":"http:\/\/wp1081102.wp115.webpack.hosteurope.de\/WP\/?page_id=474"},"modified":"2019-03-06T17:33:04","modified_gmt":"2019-03-06T16:33:04","slug":"anmeldung","status":"publish","type":"page","link":"http:\/\/www.tsv-oberriexingen.de\/WP\/2\/volkslauf\/anmeldung\/","title":{"rendered":"Anmeldung"},"content":{"rendered":"<p><strong><span style=\"color: #008000\">Die Online-Anmeldung f\u00fcr unseren 20. Volkslauf am 25. Mai 2019 ist freigeschaltet: <a href=\"https:\/\/oberriexinger-volkslauf-2019.racepedia.de\/\" target=\"_blank\" rel=\"noopener\">racepedia<\/a> <\/span><\/strong><br \/>\nSammelanmeldungen f\u00fcr<strong> Schulen<\/strong> bitte <strong>ausschlie\u00dflich<\/strong> mit nachfolgender Datei einreichen: <strong><a href=\"http:\/\/www.tsv-oberriexingen.de\/WP\/download\/volkslauf\/Volkslauf_Oberriexingen_2019_Sammelanmeldung_Schulen.xls\" target=\"_blank\" rel=\"noopener noreferrer\"><span style=\"color: #8a0808\">Schul-Anmeldung<\/span><\/a><\/strong><del><\/del><\/p>\n<p><span style=\"color: #ff0000\"><strong> <span class=\"Apple-style-span\">Mit einer Anmeldung erkennen Sie ausdr\u00fccklich die Satzungen und Ordnungen des DLV, insbesondere die Deutsche Leichtathletik-Ordnung (DLO), den DLV-Anti-Doping-Code (DLV-ADC) und die Internationalen Wettkampfregeln (IWR) an und unterwerfen sich den entsprechenden Bestimmungen.<\/span><\/strong><\/span><\/p>\n<ul>\n<li><strong>Voranmeldungen k\u00f6nnen nur online mit Abbuchung der Anmeldegeb\u00fchren unter dem oben angef\u00fchrten Link erfolgen. <\/strong><\/li>\n<li><strong>Voranmeldungen online m\u00f6glich bis 20. Mai 24.00 Uhr.<br \/>\n<\/strong><\/li>\n<li><strong>Startnummernausgabe ab 13.15 Uhr im Foyer der Festhalle. <\/strong><\/li>\n<li><strong><span style=\"color: #b22222\"><strong>Nachmeldungen bis 60 Minuten vor dem Start des jeweiligen Laufes. Nachmeldegeb\u00fchr: \u20ac 2,- (nicht beim Bambinilauf). <\/strong><\/span><\/strong><\/li>\n<\/ul>\n<p>Die Laufzeit (au\u00dfer Bambini) wird ausschlie\u00dflich mit dem Transponder-System der Firma Time2Finish gemessen.<br \/>\nDer pers\u00f6nlich registrierte Chip wird mit der Startnummer ausgeh\u00e4ndigt, ist w\u00e4hrend des Laufes am Schuh zu tragen und sofort nach dem Lauf zur\u00fcckzugeben.<\/p>\n","protected":false},"excerpt":{"rendered":"<p>Die Online-Anmeldung f\u00fcr unseren 20. Volkslauf am 25. Mai 2019 ist freigeschaltet: racepedia Sammelanmeldungen f\u00fcr Schulen bitte ausschlie\u00dflich mit nachfolgender Datei einreichen: Schul-Anmeldung Mit einer Anmeldung erkennen Sie ausdr\u00fccklich die Satzungen und Ordnungen des DLV, insbesondere die Deutsche Leichtathletik-Ordnung (DLO), &hellip; <a href=\"http:\/\/www.tsv-oberriexingen.de\/WP\/2\/volkslauf\/anmeldung\/\">Weiterlesen <span class=\"meta-nav\">&rarr;<\/span><\/a><\/p>\n","protected":false},"author":8,"featured_media":0,"parent":117,"menu_order":0,"comment_status":"closed","ping_status":"closed","template":"","meta":{"jetpack_post_was_ever_published":false,"footnotes":""},"class_list":["post-474","page","type-page","status-publish","hentry"],"jetpack_sharing_enabled":true,"jetpack_shortlink":"https:\/\/wp.me\/P3tr7W-7E","_links":{"self":[{"href":"http:\/\/www.tsv-oberriexingen.de\/WP\/2\/wp-json\/wp\/v2\/pages\/474","targetHints":{"allow":["GET"]}}],"collection":[{"href":"http:\/\/www.tsv-oberriexingen.de\/WP\/2\/wp-json\/wp\/v2\/pages"}],"about":[{"href":"http:\/\/www.tsv-oberriexingen.de\/WP\/2\/wp-json\/wp\/v2\/types\/page"}],"author":[{"embeddable":true,"href":"http:\/\/www.tsv-oberriexingen.de\/WP\/2\/wp-json\/wp\/v2\/users\/8"}],"replies":[{"embeddable":true,"href":"http:\/\/www.tsv-oberriexingen.de\/WP\/2\/wp-json\/wp\/v2\/comments?post=474"}],"version-history":[{"count":45,"href":"http:\/\/www.tsv-oberriexingen.de\/WP\/2\/wp-json\/wp\/v2\/pages\/474\/revisions"}],"predecessor-version":[{"id":7376,"href":"http:\/\/www.tsv-oberriexingen.de\/WP\/2\/wp-json\/wp\/v2\/pages\/474\/revisions\/7376"}],"up":[{"embeddable":true,"href":"http:\/\/www.tsv-oberriexingen.de\/WP\/2\/wp-json\/wp\/v2\/pages\/117"}],"wp:attachment":[{"href":"http:\/\/www.tsv-oberriexingen.de\/WP\/2\/wp-json\/wp\/v2\/media?parent=474"}],"curies":[{"name":"wp","href":"https:\/\/api.w.org\/{rel}","templated":true}]}}