{"id":6474,"date":"2017-07-02T11:15:17","date_gmt":"2017-07-02T09:15:17","guid":{"rendered":"http:\/\/www.tsv-oberriexingen.de\/WP\/2\/?page_id=6474"},"modified":"2017-07-03T09:38:13","modified_gmt":"2017-07-03T07:38:13","slug":"volkslauf-2017","status":"publish","type":"page","link":"http:\/\/www.tsv-oberriexingen.de\/WP\/2\/volkslauf\/bilder\/volkslauf-2017\/","title":{"rendered":"Volkslauf 2017"},"content":{"rendered":"<p><a href=\"http:\/\/www.tsv-oberriexingen.de\/WP\/2\/volkslauf\/bilder\/volkslauf-2017\/teaser6\/\" rel=\"attachment wp-att-6476\"><img data-recalc-dims=\"1\" loading=\"lazy\" decoding=\"async\" data-attachment-id=\"6476\" data-permalink=\"http:\/\/www.tsv-oberriexingen.de\/WP\/2\/volkslauf\/bilder\/volkslauf-2017\/teaser6\/\" data-orig-file=\"https:\/\/i0.wp.com\/www.tsv-oberriexingen.de\/WP\/2\/wp-content\/uploads\/sites\/3\/2017\/07\/teaser6.jpg?fit=850%2C568\" data-orig-size=\"850,568\" data-comments-opened=\"0\" data-image-meta=\"{&quot;aperture&quot;:&quot;10&quot;,&quot;credit&quot;:&quot;&quot;,&quot;camera&quot;:&quot;NIKON D3100&quot;,&quot;caption&quot;:&quot;&quot;,&quot;created_timestamp&quot;:&quot;1498919581&quot;,&quot;copyright&quot;:&quot;&quot;,&quot;focal_length&quot;:&quot;45&quot;,&quot;iso&quot;:&quot;400&quot;,&quot;shutter_speed&quot;:&quot;0.003125&quot;,&quot;title&quot;:&quot;&quot;,&quot;orientation&quot;:&quot;1&quot;}\" data-image-title=\"teaser6\" data-image-description=\"\" data-image-caption=\"\" data-large-file=\"https:\/\/i0.wp.com\/www.tsv-oberriexingen.de\/WP\/2\/wp-content\/uploads\/sites\/3\/2017\/07\/teaser6.jpg?fit=584%2C390\" class=\"alignleft size-medium wp-image-6476\" src=\"https:\/\/i0.wp.com\/www.tsv-oberriexingen.de\/WP\/2\/wp-content\/uploads\/sites\/3\/2017\/07\/teaser6.jpg?resize=300%2C200\" alt=\"\" width=\"300\" height=\"200\" srcset=\"https:\/\/i0.wp.com\/www.tsv-oberriexingen.de\/WP\/2\/wp-content\/uploads\/sites\/3\/2017\/07\/teaser6.jpg?resize=300%2C200 300w, https:\/\/i0.wp.com\/www.tsv-oberriexingen.de\/WP\/2\/wp-content\/uploads\/sites\/3\/2017\/07\/teaser6.jpg?resize=200%2C134 200w, https:\/\/i0.wp.com\/www.tsv-oberriexingen.de\/WP\/2\/wp-content\/uploads\/sites\/3\/2017\/07\/teaser6.jpg?resize=768%2C513 768w, https:\/\/i0.wp.com\/www.tsv-oberriexingen.de\/WP\/2\/wp-content\/uploads\/sites\/3\/2017\/07\/teaser6.jpg?resize=600%2C401 600w, https:\/\/i0.wp.com\/www.tsv-oberriexingen.de\/WP\/2\/wp-content\/uploads\/sites\/3\/2017\/07\/teaser6.jpg?resize=449%2C300 449w, https:\/\/i0.wp.com\/www.tsv-oberriexingen.de\/WP\/2\/wp-content\/uploads\/sites\/3\/2017\/07\/teaser6.jpg?w=850 850w\" sizes=\"auto, (max-width: 300px) 100vw, 300px\" \/><\/a>Bilder vom Volkslauf 2017<br \/>\n&#8211; Der (erste?) Samstagslauf<\/p>\n<p><a href=\"http:\/\/www.tsv-oberriexingen.de\/WP\/2\/bambinilauf-2017\/\">Bambini<\/a><br \/>\n<a href=\"http:\/\/www.tsv-oberriexingen.de\/WP\/2\/schuelerinnenlauf-2017\/\">Sch\u00fclerinnen<\/a><br \/>\n<a href=\"http:\/\/www.tsv-oberriexingen.de\/WP\/2\/volkslauf\/bilder\/volkslauf-2017\/schuelerlauf-2017\/\">Sch\u00fcler<\/a><br \/>\n<a href=\"http:\/\/www.tsv-oberriexingen.de\/WP\/2\/volkslauf\/bilder\/volkslauf-2017\/einsteigerlauf-2017\/\">Einsteigerlauf und Walking<\/a><br \/>\n<a href=\"http:\/\/www.tsv-oberriexingen.de\/WP\/2\/volkslauf\/bilder\/volkslauf-2017\/hauptlauf-2017\/\">Hauptlauf<\/a><\/p>\n<p>&nbsp;<\/p>\n<p><em>Vielen Dank an Sonja Stahl f\u00fcr die schnelle HIlfe und die sch\u00f6nen Fotos!<\/em><\/p>\n","protected":false},"excerpt":{"rendered":"<p>Bilder vom Volkslauf 2017 &#8211; Der (erste?) Samstagslauf Bambini Sch\u00fclerinnen Sch\u00fcler Einsteigerlauf und Walking Hauptlauf &nbsp; Vielen Dank an Sonja Stahl f\u00fcr die schnelle HIlfe und die sch\u00f6nen Fotos!<\/p>\n","protected":false},"author":8,"featured_media":0,"parent":1987,"menu_order":1,"comment_status":"closed","ping_status":"closed","template":"","meta":{"footnotes":""},"class_list":["post-6474","page","type-page","status-publish","hentry"],"jetpack_sharing_enabled":true,"jetpack_shortlink":"https:\/\/wp.me\/P3tr7W-1Gq","_links":{"self":[{"href":"http:\/\/www.tsv-oberriexingen.de\/WP\/2\/wp-json\/wp\/v2\/pages\/6474","targetHints":{"allow":["GET"]}}],"collection":[{"href":"http:\/\/www.tsv-oberriexingen.de\/WP\/2\/wp-json\/wp\/v2\/pages"}],"about":[{"href":"http:\/\/www.tsv-oberriexingen.de\/WP\/2\/wp-json\/wp\/v2\/types\/page"}],"author":[{"embeddable":true,"href":"http:\/\/www.tsv-oberriexingen.de\/WP\/2\/wp-json\/wp\/v2\/users\/8"}],"replies":[{"embeddable":true,"href":"http:\/\/www.tsv-oberriexingen.de\/WP\/2\/wp-json\/wp\/v2\/comments?post=6474"}],"version-history":[{"count":13,"href":"http:\/\/www.tsv-oberriexingen.de\/WP\/2\/wp-json\/wp\/v2\/pages\/6474\/revisions"}],"predecessor-version":[{"id":6858,"href":"http:\/\/www.tsv-oberriexingen.de\/WP\/2\/wp-json\/wp\/v2\/pages\/6474\/revisions\/6858"}],"up":[{"embeddable":true,"href":"http:\/\/www.tsv-oberriexingen.de\/WP\/2\/wp-json\/wp\/v2\/pages\/1987"}],"wp:attachment":[{"href":"http:\/\/www.tsv-oberriexingen.de\/WP\/2\/wp-json\/wp\/v2\/media?parent=6474"}],"curies":[{"name":"wp","href":"https:\/\/api.w.org\/{rel}","templated":true}]}}