{"id":10,"date":"2012-11-07T11:10:12","date_gmt":"2012-11-07T10:10:12","guid":{"rendered":"http:\/\/wp1081102.wp115.webpack.hosteurope.de\/WP\/?page_id=10"},"modified":"2018-10-04T18:52:38","modified_gmt":"2018-10-04T16:52:38","slug":"turnen-leichtathletik","status":"publish","type":"page","link":"http:\/\/www.tsv-oberriexingen.de\/WP\/turnen-leichtathletik\/","title":{"rendered":"Turnen &amp; Leichtathletik"},"content":{"rendered":"<p><img loading=\"lazy\" decoding=\"async\" class=\"alignleft  wp-image-1313\" style=\"border: 0px;padding: 0px\" src=\"http:\/\/www.tsv-oberriexingen.de\/WP\/wp-content\/uploads\/2012\/11\/ringe.gif\" alt=\"ringe\" width=\"185\" height=\"154\">Um dem Ger\u00e4teturnen ein Forum zu schaffen, wurde im Jahr 1900 der TSV gegr\u00fcndet. In den fr\u00fchen Jahren war die Turnerriege das Glanzst\u00fcck des Vereins, ihre turnerischen und akrobatischen Leistungen waren auch \u00fcber die Grenzen des damaligen Oberamtsbezirks hinaus bekannt. In den Jahren&nbsp;2003 und 2009 wurde die Abteilung neu strukturiert. Mit&nbsp;\u00fcber 500 Mitgliedern stellen die Turner und Leichtathleten zusammen mit Karate und&nbsp;den Ballsportlern (Volleyball und Badminton) heute die gr\u00f6\u00dfte Abteilung des Vereins mit dem breitesten \u00dcbungsangebot.<\/p>\n","protected":false},"excerpt":{"rendered":"<p>Um dem Ger\u00e4teturnen ein Forum zu schaffen, wurde im Jahr 1900 der TSV gegr\u00fcndet. In den fr\u00fchen Jahren war die Turnerriege das Glanzst\u00fcck des Vereins, ihre turnerischen und akrobatischen Leistungen waren auch \u00fcber die Grenzen des damaligen Oberamtsbezirks hinaus bekannt. &hellip; <a href=\"http:\/\/www.tsv-oberriexingen.de\/WP\/turnen-leichtathletik\/\">Weiterlesen <span class=\"meta-nav\">&rarr;<\/span><\/a><\/p>\n","protected":false},"author":8,"featured_media":0,"parent":0,"menu_order":0,"comment_status":"closed","ping_status":"closed","template":"","meta":{"footnotes":""},"class_list":["post-10","page","type-page","status-publish","hentry"],"_links":{"self":[{"href":"http:\/\/www.tsv-oberriexingen.de\/WP\/wp-json\/wp\/v2\/pages\/10","targetHints":{"allow":["GET"]}}],"collection":[{"href":"http:\/\/www.tsv-oberriexingen.de\/WP\/wp-json\/wp\/v2\/pages"}],"about":[{"href":"http:\/\/www.tsv-oberriexingen.de\/WP\/wp-json\/wp\/v2\/types\/page"}],"author":[{"embeddable":true,"href":"http:\/\/www.tsv-oberriexingen.de\/WP\/wp-json\/wp\/v2\/users\/8"}],"replies":[{"embeddable":true,"href":"http:\/\/www.tsv-oberriexingen.de\/WP\/wp-json\/wp\/v2\/comments?post=10"}],"version-history":[{"count":11,"href":"http:\/\/www.tsv-oberriexingen.de\/WP\/wp-json\/wp\/v2\/pages\/10\/revisions"}],"predecessor-version":[{"id":6924,"href":"http:\/\/www.tsv-oberriexingen.de\/WP\/wp-json\/wp\/v2\/pages\/10\/revisions\/6924"}],"wp:attachment":[{"href":"http:\/\/www.tsv-oberriexingen.de\/WP\/wp-json\/wp\/v2\/media?parent=10"}],"curies":[{"name":"wp","href":"https:\/\/api.w.org\/{rel}","templated":true}]}}