{"id":111,"date":"2012-11-13T10:23:18","date_gmt":"2012-11-13T09:23:18","guid":{"rendered":"http:\/\/wp1081102.wp115.webpack.hosteurope.de\/WP\/?page_id=111"},"modified":"2025-05-11T06:49:11","modified_gmt":"2025-05-11T04:49:11","slug":"gymnastikgruppen","status":"publish","type":"page","link":"http:\/\/www.tsv-oberriexingen.de\/WP\/turnen-leichtathletik\/gymnastikgruppen\/","title":{"rendered":"Gymnastikgruppen"},"content":{"rendered":"<hr \/>\n<p>Kurs bei <strong>Gerlinde Ruf <\/strong><\/p>\n<div class=\"signature\">\n<p><strong>N\u00e4chste Runde Zirkeltraining startet!<\/strong><\/p>\n<p>Zirkeltraining bedeutet: abwechslungsreich zu trainieren, dabei maximale Trainingseffekte zu erzielen und m\u00f6glichst wenig Zeit f\u00fcr den Sport aufzuwenden. Es macht dich schneller, kurbelt die Fettverbrennung an und formt deine Muskeln. Durch komplexe \u00dcbungen kr\u00e4ftigt es deinen K\u00f6rper im Ganzen und deine nat\u00fcrlichen Bewegungsabl\u00e4ufe, die du vor allem im Alltag brauchst. Ab 14. September geht\u2019s wieder rund.<\/p>\n<p>Neu- und Wiedereinsteiger sind herzlich willkommen!<\/p>\n<p>Infos und Anmeldung bei Gerlinde Ruf Tel. 1 59 58<\/p>\n<p><strong>Kursbeginn: Montag von 19 \u2013 20 Uhr in der Festhalle<\/strong><\/p>\n<p><strong>Kursdauer: 15 x, Kosten: TSV Mitglieder 30,\u2013 EUR, Nichtmitglieder 65,\u2013 EUR<\/strong><\/p>\n<\/div>\n<hr \/>\n<p><strong>\u201eFit und gesund\u201c mit Claudia Weidinger und Manuela Kirschner<\/strong><br \/>Der Kurs richtet sich an all diejenigen, die gezielt etwas gegen den Bewegungsmangel und die damit verbundenen Risikofaktoren und Beschwerden tun wollen. Denn:\u00a0<em>\u201eGesundheit f\u00e4llt nicht vom Himmel!\u201c<\/em><br \/>In einer Gruppe von Menschen erlernen Sie unter kompetenter Anleitung \u00dcbungen zur Kr\u00e4ftigung der Muskulatur, eingebettet in einen vielf\u00e4ltigen und abwechslungsreichen Stundenverlauf mit Herz-Kreislauf-Aktivierung, Bewegungsspielen und Wissensvermittlung. Dabei soll der Kurs nicht nur Ihre Gesundheit f\u00f6rdern, sondern vor allem Spa\u00df machen.<\/p>\n<p><strong>Info und Anmeldung bei <\/strong><strong>der Gesch\u00e4ftsstelle Tel. <\/strong><b>01578 \/ 03 888 23<\/b><strong><br \/>Kursbeginn: Montag<\/strong><strong>\u00a0von 19 \u2013 20 Uhr in der <\/strong><strong>Sporthalle<\/strong><strong><br \/>Kosten: TSV Mitglieder <\/strong><strong>3<\/strong><strong>0,\u2013 EUR, Nichtmitglieder <\/strong><strong>6<\/strong><strong>5,\u2013 EUR<\/strong><\/p>\n<hr \/>\n<p>Kurse bei <strong>Christine Rakowsky<\/strong>:<\/p>\n<h3>Funktionsgymnastik f\u00fcr M\u00e4nner und Frauen<\/h3>\n<p><strong>Mittwoch 19 &#8211; 20 Uhr<\/strong><br \/>Ausgewogenes Muskelaufbauprogramm f\u00fcr den ganzen K\u00f6rper. Konditions- und Koordinationstraining basierend auf physiotherapeutischen und sportphysiotherapeutischen Grundlagen mit und ohne Kleinger\u00e4te (Step, Hanteln, Theraband, Therapieball u.m.).<\/p>\n<h3>Frauengymnastik<\/h3>\n<p><strong>Mittwoch 20 &#8211; 21 Uhr<\/strong><br \/>Ganzheitliches Muskelaufbautraining mit und ohne Kleinger\u00e4te (Theraband, Tube, Hanteln u.m.)<br \/>Stretching, Pilates, Entspannung, Kondition und Koordination. In beiden Kursangeboten individuelle \u00dcbungsmodiflkation und Beratung bei speziellen Problemen z.B. R\u00fccken, Schulter, Knie.<\/p>\n<hr \/>\n<p>Kurse bei <strong> Schohreh Benz<\/strong>:<br \/>Alle Kurse f\u00fcr M\u00e4nner und Frauen<\/p>\n<h3>Fat-Burning<\/h3>\n<p><strong>Dienstag 20 &#8211; 21 Uhr<\/strong><br \/>Etwa 30 Minuten Warm Up &amp; Ausdauertraining, danach Muskelaufbautraining &amp; Cool Down<\/p>\n<h3>Mobilisatons- und Ausgleichsgymnastik<\/h3>\n<p><strong>Dienstag 21 &#8211; 22 Uhr<\/strong><br \/>Intensives Wirbels\u00e4ule-\/Beckenbodentraining mit anschlie\u00dfenden Entspannungs\u00fcbungen.<\/p>\n<h3>Morgengymnastik<\/h3>\n<p><strong>Mittwoch 9 &#8211; 10 Uhr<\/strong><br \/>Eine Mischung aus Aerobic-, Step- &amp; Muskelaufbautraining mit und ohne Ger\u00e4te.<\/p>\n<h3>R\u00fccken-Fit<\/h3>\n<p><strong>Mittwoch 10 &#8211; 11 Uhr<\/strong><br \/>R\u00fcckenschule &amp; gesunde Mischung von Kraft-, Beweglichkeit- und Fitnesstraining.<\/p>\n<h3>Fit\u00a0&amp; Fun<\/h3>\n<p><strong>Mittwoch 19 &#8211; 20 Uhr<\/strong><br \/>Eine bunte Mischung von verschiedenen Trainingsformen.<\/p>\n<h3>Stretch &amp; Relax<\/h3>\n<p><strong>Donnerstag 19.15 &#8211; 20.15 Uhr<\/strong><br \/>Sanftes Muskelaufbautraining &amp; Stretching, eine Mischung aus Chi-Yoga, Pilates &amp; Autogenes Training.<\/p>\n<hr \/>\n<p>Kurse bei <strong> Simone Stuhlhofer<\/strong>:<\/p>\n<p><strong>Kurs: Zirkel-Ganzk\u00f6rpertraining<\/strong><br \/>Du bist bereit, Deine Leistungsf\u00e4higkeit und Fitness zu verbessern und auch mal an Deine pers\u00f6nlichen Grenzen zu gehen? Gemeinsam mit Gleichgesinnten Deine Kraft\/Ausdauer, Beweglichkeit und Koordination zu verbessern? Dann bist du in diesem Kurs genau richtig. Wir bringen dich auf ein neues Fitnesslevel.<br \/>Das Kursangebot ist f\u00fcr M\u00e4nner und Frauen, die motiviert sind an sich zu arbeiten. Ein Einstieg ist jederzeit m\u00f6glich.<br \/>Termin: 15x freitags, von 9.00 bis 10.00 Uhr (au\u00dfer in den Schulferien)<br \/>Kursbeginn: 26.April 2024<br \/>Kursort: Festhalle in Oberriexingen<br \/>Kosten: Mitglieder 30 \u20ac, Nichtmitglieder 65 \u20ac<br \/>Kursleiterin: Simone Stuhlhofer<br \/>&#8211; DOSB-Trainerin C Breitensport Fitness und Gesundheit<br \/>&#8211; DOSB-\u00dcbungsleiterin B Sport in der Pr\u00e4vention allgemeines<br \/>Gesundheitstraining<br \/>Interesse? Dann melde Dich gleich in unserer Gesch\u00e4ftsstelle unter<br \/><a href=\"mailto:geschaeftsstelle@tsv-oberriexingen.de\" target=\"_blank\" rel=\"noopener\">geschaeftsstelle@tsv-oberriexi<wbr \/>ngen.de<\/a> oder mobil 01578 0388823 an.<\/p>\n<p><strong>Kurs: Fit f\u00fcr den Alltag &#8211; ausgebucht<\/strong><br \/>Mit wohltuenden und herausfordernden \u00dcbungen werden k\u00f6rperliche Leistungsf\u00e4higkeit, Kraft, Beweglichkeit und Ausdauer verbessert. Mit vielf\u00e4ltigen Kr\u00e4ftigungs- und Dehn\u00fcbungen beugen wir Bewegungsmangel, R\u00fcckenbeschwerden, Muskelverspannungen sowie Muskelschw\u00e4chen vor. Insbesondere die K\u00f6rpermitte spielt eine entscheidende Rolle. Davon profitieren Wirbels\u00e4ule, H\u00fcftgelenk und der Beckenboden.<br \/>Wer ein Training f\u00fcr den ganzen K\u00f6rper sucht, ist herzlich willkommen.<br \/>Das Kursangebot ist f\u00fcr M\u00e4nner und Frauen. Ein Einstieg ist jederzeit m\u00f6glich.<br \/>Termin: 15x freitags, von 10.15 bis 11.15 Uhr (au\u00dfer in den Schulferien)<br \/>Kursbeginn: 20. Januar 2023<br \/>Kursort: Festhalle in Oberriexingen<\/p>\n<p>Kosten: Mitglieder 30\u20ac, Nichtmitglieder 65\u20ac<br \/>Kursleiterin: Simone Stuhlhofer<br \/>&#8211; DOSB-Trainerin C Breitensport Fitness und Gesundheit<br \/>&#8211; DOSB-\u00dcbungsleiterin B Sport in der Pr\u00e4vention allgemeines<br \/>Gesundheitstraining<br \/>Interesse? Dann melde Dich gleich in unserer Gesch\u00e4ftsstelle unter\u00a0 \u00a0 \u00a0 \u00a0 \u00a0 \u00a0 \u00a0 \u00a0 \u00a0 \u00a0 \u00a0 \u00a0 <a href=\"mailto:geschaeftsstelle@tsv-oberriexingen.de\" target=\"_blank\" rel=\"noopener\">geschaeftsstelle@tsv-<wbr \/>oberriexingen.de<\/a> oder mobil 01578 0388823 an.<\/p>\n<div>\u00a0<\/div>\n<div>\u00a0<\/div>\n\n\n<p><\/p>\n","protected":false},"excerpt":{"rendered":"<p>Kurs bei Gerlinde Ruf N\u00e4chste Runde Zirkeltraining startet! Zirkeltraining bedeutet: abwechslungsreich zu trainieren, dabei maximale Trainingseffekte zu erzielen und m\u00f6glichst wenig Zeit f\u00fcr den Sport aufzuwenden. Es macht dich schneller, kurbelt die Fettverbrennung an und formt deine Muskeln. Durch komplexe &hellip; <a href=\"http:\/\/www.tsv-oberriexingen.de\/WP\/turnen-leichtathletik\/gymnastikgruppen\/\">Weiterlesen <span class=\"meta-nav\">&rarr;<\/span><\/a><\/p>\n","protected":false},"author":8,"featured_media":0,"parent":10,"menu_order":0,"comment_status":"closed","ping_status":"closed","template":"","meta":{"footnotes":""},"class_list":["post-111","page","type-page","status-publish","hentry"],"_links":{"self":[{"href":"http:\/\/www.tsv-oberriexingen.de\/WP\/wp-json\/wp\/v2\/pages\/111","targetHints":{"allow":["GET"]}}],"collection":[{"href":"http:\/\/www.tsv-oberriexingen.de\/WP\/wp-json\/wp\/v2\/pages"}],"about":[{"href":"http:\/\/www.tsv-oberriexingen.de\/WP\/wp-json\/wp\/v2\/types\/page"}],"author":[{"embeddable":true,"href":"http:\/\/www.tsv-oberriexingen.de\/WP\/wp-json\/wp\/v2\/users\/8"}],"replies":[{"embeddable":true,"href":"http:\/\/www.tsv-oberriexingen.de\/WP\/wp-json\/wp\/v2\/comments?post=111"}],"version-history":[{"count":60,"href":"http:\/\/www.tsv-oberriexingen.de\/WP\/wp-json\/wp\/v2\/pages\/111\/revisions"}],"predecessor-version":[{"id":8150,"href":"http:\/\/www.tsv-oberriexingen.de\/WP\/wp-json\/wp\/v2\/pages\/111\/revisions\/8150"}],"up":[{"embeddable":true,"href":"http:\/\/www.tsv-oberriexingen.de\/WP\/wp-json\/wp\/v2\/pages\/10"}],"wp:attachment":[{"href":"http:\/\/www.tsv-oberriexingen.de\/WP\/wp-json\/wp\/v2\/media?parent=111"}],"curies":[{"name":"wp","href":"https:\/\/api.w.org\/{rel}","templated":true}]}}