{"id":113,"date":"2012-11-13T10:23:34","date_gmt":"2012-11-13T09:23:34","guid":{"rendered":"http:\/\/wp1081102.wp115.webpack.hosteurope.de\/WP\/?page_id=113"},"modified":"2019-09-16T08:35:43","modified_gmt":"2019-09-16T06:35:43","slug":"karate","status":"publish","type":"page","link":"http:\/\/www.tsv-oberriexingen.de\/WP\/karate\/","title":{"rendered":"Karate"},"content":{"rendered":"<table border=\"0\" cellspacing=\"1\" cellpadding=\"1\" align=\"left\">\n<thead>\n<tr>\n<th scope=\"col\" width=\"327\">\n<h2>\u00dcbungsgruppe<\/h2>\n<\/th>\n<th scope=\"col\" width=\"374\">\n<h2>\u00dcbungStag<\/h2>\n<\/th>\n<th scope=\"col\" width=\"151\">\n<h2>\u00dcbungszeit<\/h2>\n<\/th>\n<\/tr>\n<\/thead>\n<tbody>\n<tr>\n<td width=\"327\">Kinder (9 &#8211; 12 Jahre)<\/td>\n<td width=\"374\">Montag<\/td>\n<td width=\"151\">17.00 &#8211; 18.00<\/td>\n<\/tr>\n<tr>\n<td width=\"327\">Kinder\/Jugendliche (ca. 13 &#8211; 18 Jahre)<\/td>\n<td width=\"374\">Montag<\/td>\n<td width=\"151\">18.00 &#8211; 19.00<\/td>\n<\/tr>\n<tr>\n<td width=\"327\">Kinder (Anf\u00e4nger 9 &#8211; 12 Jahre)<\/td>\n<td width=\"374\">Donnerstag<\/td>\n<td width=\"151\">17.00 &#8211; 18.00<\/td>\n<\/tr>\n<tr>\n<td width=\"327\">Jugend (ca. 13 &#8211; 18 Jahre)<\/td>\n<td width=\"374\">Donnerstag<\/td>\n<td width=\"151\">18.00 &#8211; 19.15<\/td>\n<\/tr>\n<tr>\n<td width=\"327\">Erwachsene<\/td>\n<td width=\"374\">Donnerstag<\/td>\n<td width=\"151\">20.30 &#8211; 21.45<\/td>\n<\/tr>\n<tr>\n<td width=\"327\">Erwachsene (Kata-Training)<\/td>\n<td width=\"374\">Montag<br \/>\n<strong>14-t\u00e4gig in den ungeraden KW<\/strong><\/td>\n<td width=\"151\">20.00 &#8211; 21.30<\/td>\n<\/tr>\n<\/tbody>\n<\/table>\n<p>&nbsp;<\/p>\n<p>Ansprechpartner Kinder- und Jugendbereich: Joachim Stecher, Tel 07042-16693<br \/>\nAnsprechpartner Erwachsenenbereich: Peter Kr\u00fcger, Tel 07042-14547<br \/>\nAdministration: Michael H\u00fceber, Tel 07042-<span class=\"\">13571<\/span><\/p>\n<h2>Chronik der Karateabteilung im TSV Oberriexingen<\/h2>\n<p><strong>Historie<\/strong><br \/>\nDie Geschichte der Karateabteilung des TSV Ori begann letztendlich Ende der 70er Jahre, in einem der ersten Karate Dojos in unmittelbarer Umgebung, im Karateverein Maulbronn.<br \/>\nDort lernten sich die damaligen Arbeitskollegen Arthur Bastian\/Peter Kr\u00fcger und Joachim Stecher kennen. Als Peter Kr\u00fcger in den Verein eintrat, trainierten Arthur und Joachim dort schon seit einigen Jahren. Der Verein bot damals schon regelm\u00e4\u00dfige Anf\u00e4ngerkurse an, diese wurden so gut angenommen, dass man in deren Trainingsbetrieb oft nur wechselweise trainieren konnte.<br \/>\nWarum war das so?<br \/>\nIn der damaligen Zeit wurde in den eher konservativen aufgestellten Vereinen haupts\u00e4chlich klassischer Ball- und Bewegungssportport (Fu\u00df-\/Handball, Turnen) angeboten. Mit Ausnahmen von Boxen und Judo \u00f6ffneten ganz wenige Vereine die T\u00fcren f\u00fcr Bereiche des Kampfsportes.<br \/>\nWollte man aber mehr \u00fcber Kampfsport wissen, blieb den Interessierten oftmals nichts anderes \u00fcbrig, als sich mit B\u00fcchern selbst zu unterrichten.<br \/>\nSomit war der Maulbronner Verein mit Sicherheit eine der Geburtsst\u00e4tten f\u00fcr Kampfsport in unserer Region. Arthur, Joachim und Peter trainierten einige Jahre gemeinsam in Maulbronn, bis sich unter der Leitung von Arhur Bastian der Vaihinger Karateclub gr\u00fcndete, zu dem auch Peter Kr\u00fcger wechselte. In dieser Zeit verloren sich die drei Kampfsportfreunde vor\u00fcbergehend aus den Augen. Bei Joachim lagen die Gr\u00fcnde daf\u00fcr im privaten Umfeld, bei Peter wurde eine chronische Krankheit diagnostiziert.<br \/>\nAls sich wieder ein geregelter Alltag einstellte kehrte Peter in den Vaihinger Karateverein zur\u00fcck und begann sich, neben den technischen Aspekten, auch f\u00fcr die Hintergr\u00fcnde der \u201eleeren Hand\u201c (Kara te) zu interessieren. Viel Wissen diesbez\u00fcglich konnte von Hanshi Fritz N\u00f6pel vermittelt werden, der dem Karateverein Kamen\/NRW vorstand. Die Faszination, die von diesem Dojo ausging war so gro\u00df, dass damals viele Sonntage genutzt wurden, um in Kamen zu trainieren.<br \/>\nDer pers\u00f6nliche Weg zu Karate war gefunden &gt; Karate im Bezug zu den Tieren\/Elementen.<br \/>\nDie ihm \u00fcbertragene Trainingseinheit im Vaihinger Karateclub wurden nun, so gut als m\u00f6glich, gem\u00e4\u00df dem in Kamen erlangten Wissen durchgef\u00fchrt.<br \/>\nFolge davon war, dass sich nun haupts\u00e4chlich einige Erwachsene f\u00fcr dieses Training interessierten und so wurde, in Absprache mit den Verantwortlichen des Vaihinger Karateclub und des TSV Oberriexingen, eine Karate Sparte in Oberriexingen, gegen Ende der 90er Jahre, gegr\u00fcndet.<br \/>\nDas angebotene Training war, auf Breitensportebene, ausschlie\u00dflich f\u00fcr Erwachsene gedacht, da neben den klassischen Techniken auch Tradition und Hintergr\u00fcnde vermittelt wurden. Als sich Joachim und Peter zuf\u00e4llig bei einer Veranstaltung trafen, entz\u00fcndete sich schnell wieder der gemeinsame Kampfsportfunke und Joachim begann ebenfalls wieder mit dem Karatetraining.<br \/>\nIm Jahre 2007 beschloss der engere Kreis um Peter Kr\u00fcger den Karateclub Vaihingen zu verlassen und in Oberriexingen eine selbstst\u00e4ndige Gruppe zu gr\u00fcnden, die mit etwa 20 Mitgliedern startete.<\/p>\n<p><strong>Gegenwart<\/strong><\/p>\n<p><span class=\"alignnone size-full wp-image-149\"><img loading=\"lazy\" decoding=\"async\" class=\"wp-image-149 alignleft\" title=\"Logo Karate\" src=\"http:\/\/www.tsv-oberriexingen.de\/WP\/wp-content\/uploads\/2012\/11\/logo-karate-200x250.gif\" alt=\"\" width=\"195\" height=\"198\" srcset=\"http:\/\/www.tsv-oberriexingen.de\/WP\/wp-content\/uploads\/2012\/11\/logo-karate-200x250.gif 195w, http:\/\/www.tsv-oberriexingen.de\/WP\/wp-content\/uploads\/2012\/11\/logo-karate-200x250-147x150.gif 147w\" sizes=\"auto, (max-width: 195px) 100vw, 195px\" \/><\/span><\/p>\n<p>Die Goju Ryu Do Karategruppe des TSV Oberriexingen wird heute als selbstst\u00e4ndige Abteilung gef\u00fchrt. Bis auf zwei Personen sind noch alle ehemaligen Gr\u00fcndungsmitglieder in der Karateabteilung aktiv und bilden somit heute noch das Fundament und gemeinsame Entscheidungsgremium. Damit wird einer der Grunds\u00e4tze gelebt, dass keine singul\u00e4ren Entscheidungen gef\u00e4llt werden.<br \/>\nDie Abteilung w\u00e4chst moderat, was auch von den Verantwortlichen so gew\u00fcnscht ist.<br \/>\nDie Aktivit\u00e4ten, neben dem regul\u00e4ren Trainingsbetrieb, sind in erster Linie zwei Wanderungen im Jahr, sowie das Ausrichten eines Karatelehrganges.<br \/>\nWas den Verantwortlichen besonders freut, ist die Tatsache, dass sich hier wohl einige Gleichgesinnte getroffen haben. Dies zeigt sich durch den respektvollen Trainingsumgang miteinander, als auch den privaten Unternehmungen einzelner Mitglieder.<br \/>\nIm Kinder-\/Jugendbereich ist ein reger Zulauf zu verzeichnen, der in erster Linie unseren Jugendtrainern Joachim Stecher (Kids) , Uwe Gebhardt und Stefan Schmid-Salostowitz (Teens) zu verdanken ist. Unerm\u00fcdlich versuchen sie ihren Teilnehmern das doch sehr komplexe Thema \u201eKarate\u201c altersgerecht n\u00e4her zu bringen.<\/p>\n<p><strong>Zahlen\/Fakten<\/strong><br \/>\nDie Karateabteilung hat derzeit (2016) 96 Mitglieder, davon 69 im Kinder-\/Jugendbereich.<\/p>\n<p><a href=\"http:\/\/www.tsv-oberriexingen.de\/WP\/wp-content\/uploads\/2012\/11\/Organisationsteam-Karate_b.jpg\"><img loading=\"lazy\" decoding=\"async\" class=\"alignleft size-medium wp-image-6598\" src=\"http:\/\/www.tsv-oberriexingen.de\/WP\/wp-content\/uploads\/2012\/11\/Organisationsteam-Karate_b-300x262.jpg\" alt=\"\" width=\"300\" height=\"262\" srcset=\"http:\/\/www.tsv-oberriexingen.de\/WP\/wp-content\/uploads\/2012\/11\/Organisationsteam-Karate_b-300x262.jpg 300w, http:\/\/www.tsv-oberriexingen.de\/WP\/wp-content\/uploads\/2012\/11\/Organisationsteam-Karate_b-172x150.jpg 172w, http:\/\/www.tsv-oberriexingen.de\/WP\/wp-content\/uploads\/2012\/11\/Organisationsteam-Karate_b-768x670.jpg 768w, http:\/\/www.tsv-oberriexingen.de\/WP\/wp-content\/uploads\/2012\/11\/Organisationsteam-Karate_b-600x523.jpg 600w, http:\/\/www.tsv-oberriexingen.de\/WP\/wp-content\/uploads\/2012\/11\/Organisationsteam-Karate_b-344x300.jpg 344w, http:\/\/www.tsv-oberriexingen.de\/WP\/wp-content\/uploads\/2012\/11\/Organisationsteam-Karate_b.jpg 1134w\" sizes=\"auto, (max-width: 300px) 100vw, 300px\" \/><\/a>Abteilungsleiter\/Trainingskonzeption:<br \/>\nPeter Kr\u00fcger (mitte)<br \/>\nJugendwart\/Trainingsmethodik:<br \/>\nJoachim Stecher (links)<br \/>\nAdministration\/Schnittstelle:<br \/>\nMichael H\u00fceber (rechts)<\/p>\n<p>&nbsp;<\/p>\n<p>&nbsp;<\/p>\n<p>&nbsp;<\/p>\n<p>Training Erwachsene: Peter Kr\u00fcger, Joachim Stecher, Hanne Fleckenstein<\/p>\n<p><a href=\"http:\/\/www.tsv-oberriexingen.de\/WP\/wp-content\/uploads\/2012\/11\/2012_Kinder-Jugendtrainer_web.jpg\"><img loading=\"lazy\" decoding=\"async\" class=\"alignleft size-medium wp-image-1053\" src=\"http:\/\/www.tsv-oberriexingen.de\/WP\/wp-content\/uploads\/2012\/11\/2012_Kinder-Jugendtrainer_web-278x300.jpg\" alt=\"\" width=\"278\" height=\"300\" srcset=\"http:\/\/www.tsv-oberriexingen.de\/WP\/wp-content\/uploads\/2012\/11\/2012_Kinder-Jugendtrainer_web-278x300.jpg 278w, http:\/\/www.tsv-oberriexingen.de\/WP\/wp-content\/uploads\/2012\/11\/2012_Kinder-Jugendtrainer_web-139x150.jpg 139w, http:\/\/www.tsv-oberriexingen.de\/WP\/wp-content\/uploads\/2012\/11\/2012_Kinder-Jugendtrainer_web.jpg 480w\" sizes=\"auto, (max-width: 278px) 100vw, 278px\" \/><\/a><\/p>\n<p>Training Kinder\/Jugend:<br \/>\nUwe Gebhardt,<br \/>\nJoachim Stecher,<br \/>\nStefan Schmid- Salostowitz<\/p>\n<p>&nbsp;<\/p>\n<p>&nbsp;<\/p>\n<p>&nbsp;<\/p>\n<p>&nbsp;<\/p>\n<p><strong>Zusammenfassung<\/strong><br \/>\nDas lange und best\u00e4ndige Bestehen unserer Abteilung liegt mit Sicherheit auch in der, so gut als m\u00f6glich, gelebten Botschaft der Karatekampfkunst. Die Leistung eines jeden Einzelnen wird anerkannt, die m\u00f6glichen Entwicklungsstufen werden aufgezeigt und unterst\u00fctzt, das Gelernte verpflichtet zur Weitergabe.<br \/>\nIn diesem Sinne bedanken wir uns bei unseren ersten, fr\u00fcheren Meistern und Trainern; Tokio Funasako und Hans H\u00e4rtner, deren Handeln stets einen Vorbildcharakter hatte.<br \/>\nEin weiterer Dank an Fritz N\u00f6pel, Klaus Fingerle und Christian Schollenberger, deren Training und Einstellung sich auf unseren Weg wieder spiegeln.<\/p>\n","protected":false},"excerpt":{"rendered":"<p>\u00dcbungsgruppe \u00dcbungStag \u00dcbungszeit Kinder (9 &#8211; 12 Jahre) Montag 17.00 &#8211; 18.00 Kinder\/Jugendliche (ca. 13 &#8211; 18 Jahre) Montag 18.00 &#8211; 19.00 Kinder (Anf\u00e4nger 9 &#8211; 12 Jahre) Donnerstag 17.00 &#8211; 18.00 Jugend (ca. 13 &#8211; 18 Jahre) Donnerstag 18.00 &hellip; <a href=\"http:\/\/www.tsv-oberriexingen.de\/WP\/karate\/\">Weiterlesen <span class=\"meta-nav\">&rarr;<\/span><\/a><\/p>\n","protected":false},"author":8,"featured_media":0,"parent":0,"menu_order":0,"comment_status":"closed","ping_status":"closed","template":"","meta":{"footnotes":""},"class_list":["post-113","page","type-page","status-publish","hentry"],"_links":{"self":[{"href":"http:\/\/www.tsv-oberriexingen.de\/WP\/wp-json\/wp\/v2\/pages\/113","targetHints":{"allow":["GET"]}}],"collection":[{"href":"http:\/\/www.tsv-oberriexingen.de\/WP\/wp-json\/wp\/v2\/pages"}],"about":[{"href":"http:\/\/www.tsv-oberriexingen.de\/WP\/wp-json\/wp\/v2\/types\/page"}],"author":[{"embeddable":true,"href":"http:\/\/www.tsv-oberriexingen.de\/WP\/wp-json\/wp\/v2\/users\/8"}],"replies":[{"embeddable":true,"href":"http:\/\/www.tsv-oberriexingen.de\/WP\/wp-json\/wp\/v2\/comments?post=113"}],"version-history":[{"count":37,"href":"http:\/\/www.tsv-oberriexingen.de\/WP\/wp-json\/wp\/v2\/pages\/113\/revisions"}],"predecessor-version":[{"id":7128,"href":"http:\/\/www.tsv-oberriexingen.de\/WP\/wp-json\/wp\/v2\/pages\/113\/revisions\/7128"}],"wp:attachment":[{"href":"http:\/\/www.tsv-oberriexingen.de\/WP\/wp-json\/wp\/v2\/media?parent=113"}],"curies":[{"name":"wp","href":"https:\/\/api.w.org\/{rel}","templated":true}]}}