{"id":12,"date":"2012-11-07T11:11:01","date_gmt":"2012-11-07T10:11:01","guid":{"rendered":"http:\/\/wp1081102.wp115.webpack.hosteurope.de\/WP\/?page_id=12"},"modified":"2024-10-22T06:30:00","modified_gmt":"2024-10-22T04:30:00","slug":"fusball","status":"publish","type":"page","link":"http:\/\/www.tsv-oberriexingen.de\/WP\/fusball\/","title":{"rendered":"Fu\u00dfball"},"content":{"rendered":"<p><img loading=\"lazy\" decoding=\"async\" class=\"alignleft wp-image-1315\" style=\"border: 0px; padding: 0px;\" src=\"http:\/\/www.tsv-oberriexingen.de\/WP\/wp-content\/uploads\/2012\/11\/ball.jpg\" alt=\"ball\" width=\"156\" height=\"156\" srcset=\"http:\/\/www.tsv-oberriexingen.de\/WP\/wp-content\/uploads\/2012\/11\/ball.jpg 325w, http:\/\/www.tsv-oberriexingen.de\/WP\/wp-content\/uploads\/2012\/11\/ball-150x150.jpg 150w, http:\/\/www.tsv-oberriexingen.de\/WP\/wp-content\/uploads\/2012\/11\/ball-300x300.jpg 300w\" sizes=\"auto, (max-width: 156px) 100vw, 156px\" \/>Link zu den Spielpl\u00e4nen aller Mannschaften: <a href=\"http:\/\/www.fussball.de\/verein\/tsv-oberriexingen-wuerttemberg\/-\/id\/00ES8GNAVO0000CFVV0AG08LVUPGND5I#%21\/\" target=\"_blank\" rel=\"noopener noreferrer\">Fussball.de \/TSV Oberriexingen<\/a><\/p>\n<p>Die Fu\u00dfballaktivit\u00e4ten im heutigen TSV gehen auf die Gr\u00fcndung des damaligen &#8222;Sportvereins&#8220; im Sp\u00e4therbst des Jahres 1945 zur\u00fcck. Der Verein bestand im sportlichen Bereich zun\u00e4chst nur aus einer Fu\u00dfballmanschaft und war gegr\u00fcndet worden, weil der Turnverein von den Alliierten wegen Wehrert\u00fcchtigung noch verboten war.<\/p>\n<p>Durch den Zusammenschlu\u00df im Jahr 1947 entstand dann die Fu\u00dfballabteilung im Turn- und Sport\u00adverein.<\/p>\n<h4><em>2015: Pressemitteilung des TSV Unterriexingen und des TSV Oberriexingen<\/em><\/h4>\n<p><em>Beide Vereine haben sich zur Bildung von Spielgemeinschaften entschlossen, die sportliche Impulse, insbesondere f\u00fcr den Jugendbereich aus beiden Vereinen, setzen soll.<\/em><br \/>\n<!--more--><br \/>\n<em>Dem Antrag der beiden befreundeten Vereine TSV Unterriexingen und TSV Oberriexingen auf Bildung einer Spielgemeinschaft im aktiven Bereich zur neuen Saison 2015\/2016 wurde durch den WFV, den Bezirk Enz\/Murr sowie den Verbandsspielausschuss insoweit entsprochen, dass nunmehr folgende Spielgemeinschaften gebildet wurden: SGM Riexingen I und SGM Riexingen II. Zus\u00e4tzlich wird die Mannschaft TSV Unterriexingen I f\u00fcr die kommende Saison noch unter dem bisherigen Namen antreten.<\/em><\/p>\n<p><em>Die beiden Vereine kooperieren bereits seit mehreren Jahren erfolgreich in der Jugend.<\/em><br \/>\n<em> Aufgrund der aktuellen wenig gl\u00fccklichen Spielsituation beim TSV Oberriexingen mit nur wenigen Spielern und ohne Trainerteam, sowie im Gegensatz hierzu der hohen Anzahl an Spielern beim TSV Unterriexingen, f\u00fcr die bei einem Spielbetrieb mit zwei Mannschaften die Einsatzzeiten auf Dauer nicht gew\u00e4hrleistet gewesen w\u00e4ren, bietet die Bildung von Spielgemeinschaften der beiden Vereine positive Zukunftsperspektiven.<\/em><\/p>\n<p><em>Hinzu kommen die Chancen f\u00fcr die Entwicklung des Jugendbereichs.<\/em><br \/>\n<em> Geplant ist eine Art Modellversuch, der richtungsweisend f\u00fcr die gemeinsame Jugendarbeit sein kann.<\/em><br \/>\n<em> In der Vergangenheit haben Spieler immer wieder bem\u00e4ngelt, dass die komplette Jugendzeit gemeinsam trainiert und gespielt wird und sich im aktiven Bereich die Wege trennen. Leider hatte man dadurch in der Vergangenheit immer wieder Jugendspieler verloren.<\/em><br \/>\n<em> Dieses Jahr ist es erstmalig so, dass keine der beiden Ortschaften eine eigene Jugendmannschaft h\u00e4tte stellen k\u00f6nnen. Eine A-Jugend wird es dar\u00fcber hinaus gar nicht geben. Zieht man hierzu noch die allseits bekannte demographische (Stadt-)Entwicklung hinzu, werden die Aussichten auf Dauer leider nicht besser.<\/em><\/p>\n<p><em>Zuk\u00fcnftig soll nun mit 3 Mannschaften der gemeinsame Spielbetrieb aufgenommen werden. Die 1. (Staffel A3) und 2. (SGM Riexingen I, Staffel B8) Mannschaft wird ihre Heimspiele als Hauptspielort auf den Pl\u00e4tzen in Unterriexingen austragen. Die 3. Mannschaft (SGM Riexingen II, Staffel B9) wird ihre Heimspiele haupts\u00e4chlich in Oberriexingen austragen.<\/em><br \/>\n<em> Mit Blick auf die neue hohe Anzahl an Heimspielen und die Wettersituation wird sicherlich das ein oder andere Spiel auch in der anderen Ortschaft ausgetragen.<\/em><\/p>\n<p><em>Die \u201eFussball-Ehe\u201c zwischen Unterriexingen und Oberriexingen wurde in beiden Orten in Spieler- und Vorstandssitzungen vorbesprochen. Das gemeinsame Vorgehen fand in allen Gespr\u00e4chen breite Zustimmung und Unterst\u00fctzung.<\/em><\/p>\n<p><em>Wir, die Vereine aus Unterriexingen und Oberriexingen, glauben, dass durch diese gemeinschaftliche Entscheidung eine zukunftsorientierte L\u00f6sung gefunden werden konnte. Wir stehen nun vor neuen, gro\u00dfen Herausforderungen, denen wir uns mit einem hohen Ma\u00df an Freude und Motivation stellen werden. Wir glauben, dass dieses Konzept dazu f\u00fchren kann, dass auch in l\u00e4ndlichen Regionen weiterhin Fu\u00dfball gespielt werden kann. Unsere Zielsetzung ist, den Fu\u00dfball in beiden Orten am Leben und attraktiv zu halten.<\/em><\/p>\n<p><em>Da die Beantragung kurzfristig bei den zust\u00e4ndigen Entscheidungsgremien einging, konnte erst in der letzten Woche eine finale Entscheidung mitgeteilt werden.<\/em><br \/>\n<em> Wir m\u00f6chten uns an dieser Stelle nochmals bei den entscheidenden Gremien f\u00fcr die schnelle Entscheidung bedanken und werden auch weiterhin vertrauensvoll und transparent zusammenarbeiten.<\/em><\/p>\n<p><em>TSV Unterriexingen &amp; TSV Oberriexingen<\/em><\/p>\n","protected":false},"excerpt":{"rendered":"<p>Link zu den Spielpl\u00e4nen aller Mannschaften: Fussball.de \/TSV Oberriexingen Die Fu\u00dfballaktivit\u00e4ten im heutigen TSV gehen auf die Gr\u00fcndung des damaligen &#8222;Sportvereins&#8220; im Sp\u00e4therbst des Jahres 1945 zur\u00fcck. Der Verein bestand im sportlichen Bereich zun\u00e4chst nur aus einer Fu\u00dfballmanschaft und war &hellip; <a href=\"http:\/\/www.tsv-oberriexingen.de\/WP\/fusball\/\">Weiterlesen <span class=\"meta-nav\">&rarr;<\/span><\/a><\/p>\n","protected":false},"author":8,"featured_media":0,"parent":0,"menu_order":0,"comment_status":"closed","ping_status":"closed","template":"","meta":{"footnotes":""},"class_list":["post-12","page","type-page","status-publish","hentry"],"_links":{"self":[{"href":"http:\/\/www.tsv-oberriexingen.de\/WP\/wp-json\/wp\/v2\/pages\/12","targetHints":{"allow":["GET"]}}],"collection":[{"href":"http:\/\/www.tsv-oberriexingen.de\/WP\/wp-json\/wp\/v2\/pages"}],"about":[{"href":"http:\/\/www.tsv-oberriexingen.de\/WP\/wp-json\/wp\/v2\/types\/page"}],"author":[{"embeddable":true,"href":"http:\/\/www.tsv-oberriexingen.de\/WP\/wp-json\/wp\/v2\/users\/8"}],"replies":[{"embeddable":true,"href":"http:\/\/www.tsv-oberriexingen.de\/WP\/wp-json\/wp\/v2\/comments?post=12"}],"version-history":[{"count":22,"href":"http:\/\/www.tsv-oberriexingen.de\/WP\/wp-json\/wp\/v2\/pages\/12\/revisions"}],"predecessor-version":[{"id":8068,"href":"http:\/\/www.tsv-oberriexingen.de\/WP\/wp-json\/wp\/v2\/pages\/12\/revisions\/8068"}],"wp:attachment":[{"href":"http:\/\/www.tsv-oberriexingen.de\/WP\/wp-json\/wp\/v2\/media?parent=12"}],"curies":[{"name":"wp","href":"https:\/\/api.w.org\/{rel}","templated":true}]}}