{"id":130,"date":"2012-11-13T10:31:01","date_gmt":"2012-11-13T09:31:01","guid":{"rendered":"http:\/\/wp1081102.wp115.webpack.hosteurope.de\/WP\/?page_id=130"},"modified":"2023-05-28T08:34:13","modified_gmt":"2023-05-28T06:34:13","slug":"volleyball","status":"publish","type":"page","link":"http:\/\/www.tsv-oberriexingen.de\/WP\/volleyball\/","title":{"rendered":"Volleyball"},"content":{"rendered":"<p>Volleyball wird immer Montags auf zwei Feldern gespielt- die einen sind j\u00fcnger, die anderen \u00e4lter&#8230;<\/p>\n<h2>\u00dcbungszeiten und Ort:<\/h2>\n<h3>Montagsturner<\/h3>\n<ul>\n<li><strong>Montags 20:00 &#8211; 22:00, Sporthalle<\/strong><\/li>\n<\/ul>\n\n\n<p>Ansprechpartner: Julian Strecker +49 151 55281230<\/p>\n","protected":false},"excerpt":{"rendered":"<p>Volleyball wird immer Montags auf zwei Feldern gespielt- die einen sind j\u00fcnger, die anderen \u00e4lter&#8230; \u00dcbungszeiten und Ort: Montagsturner Montags 20:00 &#8211; 22:00, Sporthalle Ansprechpartner: Julian Strecker +49 151 55281230<\/p>\n","protected":false},"author":8,"featured_media":0,"parent":0,"menu_order":0,"comment_status":"closed","ping_status":"closed","template":"","meta":{"footnotes":""},"class_list":["post-130","page","type-page","status-publish","hentry"],"_links":{"self":[{"href":"http:\/\/www.tsv-oberriexingen.de\/WP\/wp-json\/wp\/v2\/pages\/130","targetHints":{"allow":["GET"]}}],"collection":[{"href":"http:\/\/www.tsv-oberriexingen.de\/WP\/wp-json\/wp\/v2\/pages"}],"about":[{"href":"http:\/\/www.tsv-oberriexingen.de\/WP\/wp-json\/wp\/v2\/types\/page"}],"author":[{"embeddable":true,"href":"http:\/\/www.tsv-oberriexingen.de\/WP\/wp-json\/wp\/v2\/users\/8"}],"replies":[{"embeddable":true,"href":"http:\/\/www.tsv-oberriexingen.de\/WP\/wp-json\/wp\/v2\/comments?post=130"}],"version-history":[{"count":6,"href":"http:\/\/www.tsv-oberriexingen.de\/WP\/wp-json\/wp\/v2\/pages\/130\/revisions"}],"predecessor-version":[{"id":7872,"href":"http:\/\/www.tsv-oberriexingen.de\/WP\/wp-json\/wp\/v2\/pages\/130\/revisions\/7872"}],"wp:attachment":[{"href":"http:\/\/www.tsv-oberriexingen.de\/WP\/wp-json\/wp\/v2\/media?parent=130"}],"curies":[{"name":"wp","href":"https:\/\/api.w.org\/{rel}","templated":true}]}}