{"id":16,"date":"2012-11-07T11:11:47","date_gmt":"2012-11-07T10:11:47","guid":{"rendered":"http:\/\/wp1081102.wp115.webpack.hosteurope.de\/WP\/?page_id=16"},"modified":"2024-07-18T22:45:44","modified_gmt":"2024-07-18T20:45:44","slug":"tennis","status":"publish","type":"page","link":"http:\/\/www.tsv-oberriexingen.de\/WP\/tennis\/","title":{"rendered":"Tennis"},"content":{"rendered":"<p>Tennis macht Spa\u00df \u2013 davon sind Millionen Tennisspieler in Deutschland \u00fcberzeugt.\u00a0Auch in Oberriexingen bieten wir in unserer Tennis-Abteilung das gesamte Spektrum \u2013 vom Kinder- und Jugendsport, \u00fcber Breitensport, bis zum ambitionierten Aktiven Sport. Es ist f\u00fcr jeden etwas dabei. Und bei uns ist jeder willkommen, der Spa\u00df und Freude am Spiel mit der gelben Filzkugel hat.<\/p>\n<p><strong>Kinder- und Jugendsport<\/strong><br \/>\nBereits ab ca. 5 Jahren ist bei uns der Einstieg in den Tennissport m\u00f6glich. Daf\u00fcr gibt es extra unsere Schnuppergruppe, nat\u00fcrlich altersgerecht mit dem Spa\u00df im Vordergrund. Und danach gibt es eigentlich f\u00fcr jedes Alter eine geeignete Trainings- und \u00dcbungsgruppe. Ein besonderes Highlight ist unser j\u00e4hrliches Tennisjugend-Camp. Bereits seit 1989 k\u00f6nnen Kinder und Jugendliche von 6-16 Jahren an den ersten 3 Tagen der Sommerferien den Tennissport bei uns beginnen oder ihre F\u00e4higkeiten st\u00e4rken. Das Tennisjugend Camp ist Teil des Oberriexinger Sommerferienprogrammes, eine Mitgliedschaft im TSV Oberriexingen ist nicht erforderlich. Drei Tage voller Sport und Spa\u00df von 9-16 Uhr, nat\u00fcrlich mit entsprechender Verpflegung.<\/p>\n<p><strong>Breitensport<\/strong><br \/>\nAuch Tennis f\u00fcr den Breitensportler und die Breitensportlerinnen findet bei uns statt. Zwangloses trainieren und spielen steht hier nat\u00fcrlich im Vordergrund. In unserer M\u00e4nner \u00dc30-Gruppe finden sich Anf\u00e4nger und Fortgeschrittene \u2013 bis zu Senioren \u2013 zusammen, um auf der einen Seite den Spa\u00df am Spiel zu haben oder auf der anderen Seite sich kontinuierlich im Spiel weiterzuentwickeln. Das Pendant dazu ist unsere Frauen Hobby Trainingsgruppe. Engagierte und hoch motivierte Spielerinnen, etliche nehmen als Damen-Mannschaft an der j\u00e4hrlichen Hobby Spielrunde teil.<\/p>\n<p><strong>Aktiven Sport<\/strong><br \/>\nWir nehmen regelm\u00e4\u00dfig mit verschiedenen Mannschaften an den Verbandsspielen des W\u00fcrttembergischen Tennisbundes teil. In speziellen Trainingsgruppen versuchen wir selbstverst\u00e4ndlich unsere Spieler bestm\u00f6glich auf die Verbandsspiele vorzubereiten. Unsere aktuellen Mannschaften und die Spielergebnisse finden sich immer aktuell auf der Seite des W\u00fcrttembergischen Tennisbundes: <a href=\"https:\/\/www.wtb-tennis.de\/spielbetrieb\/vereine\/verein\/mannschaften\/v\/20125.html\">https:\/\/www.wtb-tennis.de\/spielbetrieb\/vereine\/verein\/mannschaften\/v\/20125.html<\/a><br \/>\nNat\u00fcrlich ist es unser gro\u00dfes Ziel insbesondere bei unseren Jugendspielern und &#8211; spielerinnen die M\u00f6glichkeit des sportlichen Vergleiches zu bieten, sei es durch dedizierte Jugendmannschaften oder durch fr\u00fchzeitige Integration in unsere Aktiven Mannschaften.<\/p>\n<p><strong>Unser Gel\u00e4nde<\/strong><br \/>\nUnsere Anlage ist eingebettet in das Oberriexinger Sportareal (M\u00fchlstrasse 25\/3). Wir haben vier Sandpl\u00e4tze und ein wundersch\u00f6nes Clubheim mit gro\u00dfer Sonnenterrasse, zum Verweilen nach dem Spiel oder beim Zuschauen der Verbandsspiele.<\/p>\n<p><img loading=\"lazy\" decoding=\"async\" class=\"alignleft size-full wp-image-8041\" src=\"http:\/\/www.tsv-oberriexingen.de\/WP\/wp-content\/uploads\/2024\/07\/tennisanlage.jpg\" alt=\"\" width=\"813\" height=\"308\" srcset=\"http:\/\/www.tsv-oberriexingen.de\/WP\/wp-content\/uploads\/2024\/07\/tennisanlage.jpg 813w, http:\/\/www.tsv-oberriexingen.de\/WP\/wp-content\/uploads\/2024\/07\/tennisanlage-300x114.jpg 300w, http:\/\/www.tsv-oberriexingen.de\/WP\/wp-content\/uploads\/2024\/07\/tennisanlage-600x227.jpg 600w, http:\/\/www.tsv-oberriexingen.de\/WP\/wp-content\/uploads\/2024\/07\/tennisanlage-200x76.jpg 200w, http:\/\/www.tsv-oberriexingen.de\/WP\/wp-content\/uploads\/2024\/07\/tennisanlage-768x291.jpg 768w, http:\/\/www.tsv-oberriexingen.de\/WP\/wp-content\/uploads\/2024\/07\/tennisanlage-500x189.jpg 500w\" sizes=\"auto, (max-width: 813px) 100vw, 813px\" \/><\/p>\n<p><strong>Haben wir dein Interesse geweckt?<\/strong><br \/>\nDann komm doch gerne zum unverbindlichen Schnuppern bei uns vorbei! Schreib uns einfach eine E-Mail an tennis.oberriexingen@web.de und frag nach der f\u00fcr dich passenden Gruppe und ihren Trainingszeiten oder setze dich direkt telefonisch mit unserem Trainer Mario Rieger unter 0170\/1415406 in Verbindung. Wir freuen uns \u00fcber jeden, der die Leidenschaft f\u00fcr Tennis mit uns teilen m\u00f6chte.<\/p>\n<p>F\u00fcr direkt entschlossene.<\/p>\n<p>Das Anmeldeformular gibt es hier: <a href=\"http:\/\/www.tsv-oberriexingen.de\/WP\/wp-content\/uploads\/simple-file-list\/formulare\/Aufnahmeantrag_2018.pdf\">Anmeldeformular<\/a><\/p>\n<p>Die Beitr\u00e4ge, sowie Rechte und Pflichten der Tennisabteilung sind hier zu finden:<a href=\"http:\/\/www.tsv-oberriexingen.de\/WP\/tennis\/tennisbeitrage\/\"> Tennisbeitr\u00e4ge<\/a><\/p>\n<p>Ach ja, obwohl Tennis mittlerweile im TSV Oberriexingen fest verankert ist, solange ist es noch nicht her. Wie alles begann, kann hier nachgelesen werden:<a href=\"http:\/\/www.tsv-oberriexingen.de\/WP\/tennis\/tennis-wie-alles-begann\/\"> Wie alles begann<\/a><\/p>\n<div><\/div>\n","protected":false},"excerpt":{"rendered":"<p>Tennis macht Spa\u00df \u2013 davon sind Millionen Tennisspieler in Deutschland \u00fcberzeugt.\u00a0Auch in Oberriexingen bieten wir in unserer Tennis-Abteilung das gesamte Spektrum \u2013 vom Kinder- und Jugendsport, \u00fcber Breitensport, bis zum ambitionierten Aktiven Sport. Es ist f\u00fcr jeden etwas dabei. Und &hellip; <a href=\"http:\/\/www.tsv-oberriexingen.de\/WP\/tennis\/\">Weiterlesen <span class=\"meta-nav\">&rarr;<\/span><\/a><\/p>\n","protected":false},"author":8,"featured_media":0,"parent":0,"menu_order":0,"comment_status":"closed","ping_status":"closed","template":"","meta":{"footnotes":""},"class_list":["post-16","page","type-page","status-publish","hentry"],"_links":{"self":[{"href":"http:\/\/www.tsv-oberriexingen.de\/WP\/wp-json\/wp\/v2\/pages\/16","targetHints":{"allow":["GET"]}}],"collection":[{"href":"http:\/\/www.tsv-oberriexingen.de\/WP\/wp-json\/wp\/v2\/pages"}],"about":[{"href":"http:\/\/www.tsv-oberriexingen.de\/WP\/wp-json\/wp\/v2\/types\/page"}],"author":[{"embeddable":true,"href":"http:\/\/www.tsv-oberriexingen.de\/WP\/wp-json\/wp\/v2\/users\/8"}],"replies":[{"embeddable":true,"href":"http:\/\/www.tsv-oberriexingen.de\/WP\/wp-json\/wp\/v2\/comments?post=16"}],"version-history":[{"count":37,"href":"http:\/\/www.tsv-oberriexingen.de\/WP\/wp-json\/wp\/v2\/pages\/16\/revisions"}],"predecessor-version":[{"id":8045,"href":"http:\/\/www.tsv-oberriexingen.de\/WP\/wp-json\/wp\/v2\/pages\/16\/revisions\/8045"}],"wp:attachment":[{"href":"http:\/\/www.tsv-oberriexingen.de\/WP\/wp-json\/wp\/v2\/media?parent=16"}],"curies":[{"name":"wp","href":"https:\/\/api.w.org\/{rel}","templated":true}]}}