{"id":164,"date":"2012-11-13T11:18:31","date_gmt":"2012-11-13T10:18:31","guid":{"rendered":"http:\/\/wp1081102.wp115.webpack.hosteurope.de\/WP\/?page_id=164"},"modified":"2020-09-24T20:27:57","modified_gmt":"2020-09-24T18:27:57","slug":"impressum-2","status":"publish","type":"page","link":"http:\/\/www.tsv-oberriexingen.de\/WP\/impressum-2\/","title":{"rendered":"Impressum \/ Datenschutz"},"content":{"rendered":"<p align=\"LEFT\">TSV Oberriexingen e. V. 1900<br \/>\n01578 \/ 03 888 23<br \/>\nGesch\u00e4ftsstelle:<br \/>\nGro\u00dfmoltenstr. 32<br \/>\nD-71739 Oberriexingen<\/p>\n<p>Postadresse:<br \/>\nPostfach 11<br \/>\nD-71739 Oberriexingen<\/p>\n<p>E-Mail: geschaeftsstelle@tsv-oberriexingen.de<\/p>\n<p>Internet: <a href=\"http:\/\/www.tsv-oberriexingen.de\">http:\/\/www.tsv-oberriexingen.de<\/a><br \/>\n<a href=\"http:\/\/www.facebook.com\/TSVOberriexingen\" target=\"_blank\" rel=\"noopener noreferrer\">http:\/\/www.facebook.com\/TSVOberriexingen<\/a><\/p>\n<p>Vereinsregister-Nr: Amtsgericht Vaihingen\/Enz unter Nummer VR13<br \/>\nUSt.ID-Nr: 55099\/01615<\/p>\n<p>Bankverbindung:<br \/>\nIBAN: DE96 604 628 080 000 950 009<\/p>\n<p>BIC: GENODES1AMT<\/p>\n<p>VR-Bank Asperg-Markgr\u00f6ningen eG<\/p>\n<p>Vertretungsberechtigter Vorstand nach \u00a7 26 BGB:<br \/>\nFulya Bertoli<br \/>\nErich J. Bannert<\/p>\n<p>Datenschutzbeauftragter:<br \/>\nRalf Stadelmann<\/p>\n<p>Verantwortlich f\u00fcr den Inhalt:<br \/>\nSteffen Schweininger, Erich J. Bannert, Fulya Bertoli<br \/>\nGrafische Gestaltung:<br \/>\nWerner Scholpp<br \/>\nRechtliche Hinweise:<br \/>\nInhalte und Layout dieser Internetseiten sind urheberrechtlich gesch\u00fctzt.<br \/>\n\u00a9 2018 TSV Oberriexingen<\/p>\n<p align=\"LEFT\"><span style=\"color: #000000\"><span style=\"font-family: Myriad Pro, sans-serif\"><span style=\"font-size: large\"><b>Informationspflichten nach Artikel 13 und 14 DSGVO<\/b><\/span><\/span><\/span><\/p>\n<p align=\"LEFT\"><span style=\"color: #000000\"><span style=\"font-family: Myriad Pro, sans-serif\"><span style=\"font-size: small\">Nach Artikel 13 und 14 EU-DSGVO hat der Verantwortliche einer betroffenen Person, deren Daten er verarbeitet, die in den Artikeln genannten Informationen bereit zu stellen. Dieser Informationspflicht kommt dieses Merkblatt nach.<\/span><\/span><\/span><\/p>\n<p align=\"LEFT\"><span style=\"color: #000000\"><span style=\"font-family: Myriad Pro, sans-serif\"><span style=\"font-size: small\"><b>1. Namen und Kontaktdaten des Verantwortlichen sowie gegebenenfalls seiner Vertreter:<br \/>\n<\/b><\/span><\/span><\/span><span style=\"color: #000000\"><span style=\"font-family: Myriad Pro, sans-serif\"><span style=\"font-size: small\">TSV Oberriexingen 1900 e.V. , gesetzlich vertreten durch den Vorstand nach \u00a7 26 BGB,<br \/>\n<\/span><\/span><\/span><span style=\"color: #000000\"><span style=\"font-family: Myriad Pro, sans-serif\"><span style=\"font-size: small\">Herrn Erich J. Bannert \/ 1. Vorsitzender und Frau Fulya Bertoli \/ Stv. Vorsitzende;<br \/>\n<\/span><\/span><\/span><span style=\"color: #000000\"><span style=\"font-family: Myriad Pro, sans-serif\"><span style=\"font-size: small\">E-Mail: <a href=\"mailto:geschaeftsstelle@tsv-oberriexingen.de\">geschaeftsstelle@tsv-oberriexingen.de<\/a><\/span><\/span><\/span><\/p>\n<p align=\"LEFT\"><span style=\"color: #000000\"><span style=\"font-family: Myriad Pro, sans-serif\"><span style=\"font-size: small\"><b>2. Zwecke, f\u00fcr die personenbezogenen Daten verarbeitet werden:<br \/>\n<\/b><\/span><\/span><\/span><span style=\"color: #000000\"><span style=\"font-family: Myriad Pro, sans-serif\"><span style=\"font-size: small\">Die personenbezogenen Daten werden f\u00fcr die Durchf\u00fchrung des Mitgliedschafts- verh\u00e4ltnisses verarbeitet (z.B. Einladung zu Versammlungen, Beitragseinzug, Organisation des Sportbetriebes). Ferner werden personenbezogene Daten zur Teilnahme am Wettkampf-, Turnier- und Spielbetrieb der Landesfachverb\u00e4nde an diese weitergeleitet.<br \/>\n<\/span><\/span><\/span><span style=\"color: #000000\"><span style=\"font-family: Myriad Pro, sans-serif\"><span style=\"font-size: small\">Dar\u00fcber hinaus werden personenbezogene Daten im Zusammenhang mit sportlichen Ereignissen einschlie\u00dflich der Berichterstattung hier\u00fcber auf der Internetseite des Vereins, in Auftritten des Vereins in Sozialen Medien sowie auf Seiten der Fachverb\u00e4nde ver\u00f6ffentlicht und an lokale, regionale und \u00fcberregionale Printmedien \u00fcbermittelt.<\/span><\/span><\/span><\/p>\n<p align=\"LEFT\"><span style=\"color: #000000\"><span style=\"font-family: Myriad Pro, sans-serif\"><span style=\"font-size: small\"><b>4. Rechtsgrundlagen, auf Grund derer die Verarbeitung erfolgt:<br \/>\n<\/b><\/span><\/span><\/span><span style=\"color: #000000\"><span style=\"font-family: Myriad Pro, sans-serif\"><span style=\"font-size: small\">Die Verarbeitung der personenbezogenen Daten erfolgt in der Regel aufgrund der Erforderlichkeit zur Erf\u00fcllung eines Vertrages gem\u00e4\u00df Artikel 6 Abs. 1 lit. b) DSGVO. Bei den Vertragsverh\u00e4ltnissen handelt es sich in erster Linie um das Mitgliedschaftsverh\u00e4ltnis im Verein und um die Teilnahme am Spielbetrieb der Fachverb\u00e4nde.<br \/>\n<\/span><\/span><\/span><span style=\"color: #000000\"><span style=\"font-family: Myriad Pro, sans-serif\"><span style=\"font-size: small\">Werden personenbezogene Daten erhoben, ohne dass die Verarbeitung zur Erf\u00fcllung des Vertrages erforderlich ist, erfolgt die Verarbeitung aufgrund einer Einwilligung nach Artikel 6 Abs. 1 lit. a) i.V.m. Artikel 7 DSGVO.<br \/>\n<\/span><\/span><\/span><span style=\"color: #000000\"><span style=\"font-family: Myriad Pro, sans-serif\"><span style=\"font-size: small\">Die Ver\u00f6ffentlichung personenbezogener Daten im Internet oder in lokalen, regionalen oder \u00fcberregionalen Printmedien erfolgt zur Wahrung berechtigter Interessen des Vereins (vgl. Artikel 6 Abs. 1 lit. f) DSGVO). Das berechtigte Interesse des Vereins besteht in der Information der \u00d6ffentlichkeit durch Berichterstattung \u00fcber die Aktivit\u00e4ten des Vereins. In diesem Rahmen werden personenbezogene Daten einschlie\u00dflich von Bildern der Teilnehmer zum Beispiel im Rahmen der<br \/>\n<\/span><\/span><\/span><span style=\"color: #000000\"><span style=\"font-family: Myriad Pro, sans-serif\"><span style=\"font-size: small\">Berichterstattung \u00fcber sportliche Ereignisse des Vereins ver\u00f6ffentlicht.<\/span><\/span><\/span><\/p>\n<p align=\"LEFT\"><span style=\"color: #000000\"><span style=\"font-family: Myriad Pro, sans-serif\"><span style=\"font-size: small\"><b>5. Die Empf\u00e4nger oder Kategorien von Empf\u00e4ngern der personenbezogenen Daten:<\/b><\/span><\/span><\/span><\/p>\n<p align=\"LEFT\"><span style=\"color: #000000\"><span style=\"font-family: Myriad Pro, sans-serif\"><span style=\"font-size: small\">Personenbezogene Daten der Mitglieder, die am Spiel- und Wettkampfbetrieb der Landesfachverb\u00e4nde teilnehmen, werden zum Erwerb einer Lizenz, einer Wertungskarte, eines Spielerpasses oder sonstiger Teilnahmeberechtigung an den jeweiligen Landesfachverband weitergegeben.<br \/>\n<\/span><\/span><\/span><span style=\"color: #000000\"><span style=\"font-family: Myriad Pro, sans-serif\"><span style=\"font-size: small\">Die Daten der Bankverbindung der Mitglieder werden zum Zwecke des Beitragseinzugs an die VR-Bank Asperg-Markgr\u00f6ningen weitergeleitet.<\/span><\/span><\/span><\/p>\n<p align=\"LEFT\"><span style=\"color: #000000\"><span style=\"font-family: Myriad Pro, sans-serif\"><span style=\"font-size: small\"><b>6. Die Dauer, f\u00fcr die die personenbezogenen Daten gespeichert werden oder, falls dies nicht m\u00f6glich ist, die Kriterien f\u00fcr die Festlegung der Dauer:<br \/>\n<\/b><\/span><\/span><\/span><span style=\"color: #000000\"><span style=\"font-family: Myriad Pro, sans-serif\"><span style=\"font-size: small\">Die personenbezogenen Daten werden f\u00fcr die Dauer der Mitgliedschaft gespeichert. Mit Beendigung der Mitgliedschaft werden die Datenkategorien gem\u00e4\u00df den gesetzlichen Aufbewahrungsfristen vorgehalten und dann gel\u00f6scht. In der Zeit zwischen Beendigung der Mitgliedschaft und der L\u00f6schung wird die Verarbeitung dieser Daten eingeschr\u00e4nkt.<br \/>\n<\/span><\/span><\/span><span style=\"color: #000000\"><span style=\"font-family: Myriad Pro, sans-serif\"><span style=\"font-size: small\">Bestimmte Datenkategorien werden zum Zweck der Vereinschronik im Vereinsarchiv gespeichert. Hierbei handelt es sich um die Kategorien Vorname, Nachname, Zugeh\u00f6rigkeit zu einer Mannschaft, besondere sportliche Erfolge oder Ereignisse, an denen die betroffene Person mitgewirkt hat. Der Speicherung liegt ein berechtigtes Interesse des Vereins an der zeitgeschichtlichen Dokumentation von sportlichen Ereignissen und Erfolgen und der jeweiligen Zusammensetzung der Mannschaften zugrunde.<br \/>\n<\/span><\/span><\/span><span style=\"color: #000000\"><span style=\"font-family: Myriad Pro, sans-serif\"><span style=\"font-size: small\">Alle Daten der \u00fcbrigen Kategorien (z.B. Bankdaten, Anschrift, Kontaktdaten) werden mit Beendigung der Mitgliedschaft gel\u00f6scht.<\/span><\/span><\/span><\/p>\n<p align=\"LEFT\"><span style=\"color: #000000\"><span style=\"font-family: Myriad Pro, sans-serif\"><span style=\"font-size: small\"><b>7. Der betroffenen Person stehen unter den in den Artikeln jeweils genannten Voraussetzungen<br \/>\n<\/b><\/span><\/span><\/span><span style=\"color: #000000\"><span style=\"font-family: Myriad Pro, sans-serif\"><span style=\"font-size: small\"><b>die nachfolgenden Rechte zu:<br \/>\n<\/b><\/span><\/span><\/span><span style=\"color: #000000\"><span style=\"font-family: Myriad Pro, sans-serif\"><span style=\"font-size: small\">\u00b7 das Recht auf Auskunft nach Artikel 15 DSGVO,<br \/>\n<\/span><\/span><\/span><span style=\"color: #000000\"><span style=\"font-family: Myriad Pro, sans-serif\"><span style=\"font-size: small\">\u00b7 das Recht auf Berichtigung nach Artikel 16 DSGVO,<br \/>\n<\/span><\/span><\/span><span style=\"color: #000000\"><span style=\"font-family: Myriad Pro, sans-serif\"><span style=\"font-size: small\">\u00b7 das Recht auf L\u00f6schung nach Artikel 17 DSGVO,<br \/>\n<\/span><\/span><\/span><span style=\"color: #000000\"><span style=\"font-family: Myriad Pro, sans-serif\"><span style=\"font-size: small\">\u00b7 das Recht auf Einschr\u00e4nkung der Verarbeitung nach Artikel 18 DSGVO,<br \/>\n<\/span><\/span><\/span><span style=\"color: #000000\"><span style=\"font-family: Myriad Pro, sans-serif\"><span style=\"font-size: small\">\u00b7 das Recht auf Daten\u00fcbertragbarkeit nach Artikel 20 DSGVO,<br \/>\n<\/span><\/span><\/span><span style=\"color: #000000\"><span style=\"font-family: Myriad Pro, sans-serif\"><span style=\"font-size: small\">\u00b7 das Widerspruchsrecht nach Artikel 21 DSGVO,<br \/>\n<\/span><\/span><\/span><span style=\"color: #000000\"><span style=\"font-family: Myriad Pro, sans-serif\"><span style=\"font-size: small\">\u00b7 das Recht auf Beschwerde bei einer Aufsichtsbeh\u00f6rde nach Artikel 77 DSGVO<br \/>\n<\/span><\/span><\/span><span style=\"color: #000000\"><span style=\"font-family: Myriad Pro, sans-serif\"><span style=\"font-size: small\">\u00b7 das Recht, eine erteilte Einwilligung jederzeit widerrufen zu k\u00f6nnen, ohne dass die<br \/>\n<\/span><\/span><\/span><span style=\"color: #000000\"><span style=\"font-family: Myriad Pro, sans-serif\"><span style=\"font-size: small\">Rechtm\u00e4\u00dfigkeit der aufgrund der Einwilligung bis zum Widerruf erfolgten Verarbeitung hierdurch ber\u00fchrt wird.<\/span><\/span><\/span><\/p>\n<p align=\"LEFT\"><span style=\"color: #000000\"><span style=\"font-family: Myriad Pro, sans-serif\"><span style=\"font-size: small\"><b>8. Die Quelle, aus der die personenbezogenen Daten stammen:<br \/>\n<\/b><\/span><\/span><\/span><span style=\"color: #000000\"><span style=\"font-family: Myriad Pro, sans-serif\"><span style=\"font-size: small\">Die personenbezogenen Daten werden grunds\u00e4tzlich im Rahmen des Erwerbs der Mitgliedschaft erhoben.<\/span><\/span><\/span><\/p>\n<p align=\"LEFT\"><span style=\"color: #000000\"><span style=\"font-family: Myriad Pro, sans-serif\"><span style=\"font-size: small\">Stand: September 2020<br \/>\n<\/span><\/span><\/span><span style=\"color: #000000\"><span style=\"font-family: Myriad Pro, sans-serif\"><span style=\"font-size: small\">Quelle:<br \/>\n<\/span><\/span><\/span><span style=\"color: #000000\"><span style=\"font-family: Myriad Pro, sans-serif\"><span style=\"font-size: small\">Landessportbund Nordrhein-Westfalen e.V.<br \/>\n<\/span><\/span><\/span><span style=\"color: #000000\"><span style=\"font-family: Myriad Pro, sans-serif\"><span style=\"font-size: small\">http:\/\/www.vibss.de\/<br \/>\n<\/span><\/span><\/span><span style=\"color: #000000\"><span style=\"font-family: Myriad Pro, sans-serif\"><span style=\"font-size: small\">Autor:<br \/>\n<\/span><\/span><\/span><span style=\"color: #000000\"><span style=\"font-family: Myriad Pro, sans-serif\"><span style=\"font-size: small\">Elmar Lumer<\/span><\/span><\/span><\/p>\n<p><strong><em>Die Bereitstellung der Presseberichte im Archiv erfolgt mit freundlicher Genehmigung der Vaihinger Kreiszeitung und der Bietigheimer Zeitung.<\/em><\/strong><\/p>\n<h1><span style=\"font-family: Myriad Pro, sans-serif\"><span style=\"font-size: x-large\">Datenschutzordnung TSV Oberriexingen 1900 e.V.<\/span><\/span><\/h1>\n<p><span style=\"font-family: Myriad Pro, sans-serif\"><b>Pr\u00e4ambel<\/b><\/span><\/p>\n<p><span style=\"font-family: Myriad Pro, sans-serif\">Der TSV Oberriexingen 1900 e.V. verarbeitet in vielfacher Weise automatisiert personenbezogene Daten (z.B. im Rahmen der Vereinsverwaltung, der Organisation des Sportbetriebs, der \u00d6ffentlichkeitsarbeit des Vereins). Um die Vorgaben der EU-Datenschutz-Grundverordnung und des Bundesdatenschutzgesetzes zu erf\u00fcllen, Datenschutzverst\u00f6\u00dfe zu vermeiden und einen einheitlichen Umgang mit personenbezogenen Daten innerhalb des Vereins zu gew\u00e4hrleisten, gibt sich der Verein die nachfolgende Datenschutzordnung.<\/span><\/p>\n<p><span style=\"font-family: Myriad Pro, sans-serif\"><b>\u00a7 1 Allgemeines<\/b><\/span><\/p>\n<p><span style=\"font-family: Myriad Pro, sans-serif\">Der Verein verarbeitet personenbezogene Daten u.a. von Mitgliedern, Teilnehmerinnen und Teilnehmern am Sport- und Kursbetrieb und Mitarbeiterinnen und Mitarbeitern sowohl automatisiert in EDV-Anlagen als auch nicht automatisiert in einem Dateisystem, z.B. in Form von ausgedruckten Listen. Dar\u00fcber hinaus werden personenbezogene Daten im Internet ver\u00f6ffentlicht und an Dritte weitergeleitet oder Dritten offengelegt. In all diesen F\u00e4llen ist die EU-Datenschutz-Grundverordnung, das Bundesdatenschutzgesetz und diese Datenschutzordnung durch alle Personen im Verein, die personenbezogene Daten verarbeiten, zu beachten.<\/span><\/p>\n<p><span style=\"font-family: Myriad Pro, sans-serif\"><b>\u00a7 2 Verarbeitung personenbezogener Daten der Mitglieder<\/b><\/span><\/p>\n<p><span style=\"font-family: Myriad Pro, sans-serif\">1. Der Verein verarbeitet die Daten unterschiedlicher Kategorien von Personen. F\u00fcr jede Kategorie von betroffenen Personen wird im Verzeichnis der Verarbeitungst\u00e4tigkeiten ein Einzelblatt angelegt.<\/span><\/p>\n<p><span style=\"font-family: Myriad Pro, sans-serif\">2. Im Rahmen des Mitgliedschaftsverh\u00e4ltnisses verarbeitet der Verein insbesondere die folgenden Daten der Mitglieder: Geschlecht, Vorname, Nachname, Anschrift (Stra\u00dfe, Hausnummer, Postleitzahl, Ort), Geburtsdatum, Datum des Vereinsbeitritts, Abteilungs- und ggf. Mannschaftszugeh\u00f6rigkeit, Bankverbindung, ggf. die Namen und Kontaktdaten der gesetzlichen Vertreter, Telefonnummern und E-Mail-Adressen, ggf. Funktion im Verein, ggf. Haushalts- und Familienzugeh\u00f6rigkeit bei Zuordnung zum Familienbeitrag.<\/span><\/p>\n<p><span style=\"font-family: Myriad Pro, sans-serif\">3. Im Rahmen der Zugeh\u00f6rigkeit zu den Landesverb\u00e4nden, deren Sportarten im Verein betrieben werden, werden personenbezogene Daten der Mitglieder an diese weitergeleitet, soweit die Mitglieder eine Berechtigung zur Teilnahme am Wettkampfbetrieb der Verb\u00e4nde beantragen (z.B. Startpass, Spielerpass, Lizenz) und an solchen Veranstaltungen teilnehmen.<\/span><\/p>\n<p><span style=\"font-family: Myriad Pro, sans-serif\">(Erg\u00e4nzung: Weiterleitung personenbezogener Daten der Mitglieder an den zust\u00e4ndigen Landessportbund\/Landessportverband &#8211; siehe Satzungsbausteine).<\/span><\/p>\n<p><span style=\"font-family: Myriad Pro, sans-serif\"><b>\u00a7 3 Datenverarbeitung im Rahmen der \u00d6ffentlichkeitsarbeit<\/b><\/span><\/p>\n<p><span style=\"font-family: Myriad Pro, sans-serif\">1. Im Rahmen der \u00d6ffentlichkeitsarbeit \u00fcber Vereinsaktivit\u00e4ten werden personenbezogene Daten in Aush\u00e4ngen, in der Vereinszeitung und in Internetauftritten ver\u00f6ffentlicht und an die Presse weitergegeben.<\/span><\/p>\n<p><span style=\"font-family: Myriad Pro, sans-serif\">2. Hierzu z\u00e4hlen insbesondere die Daten, die aus allgemein zug\u00e4nglichen Quellen stammen: Teilnehmer an sportlichen Veranstaltungen, Mannschaftsaufstellung, Ergebnisse, Torsch\u00fctzen, Alter oder Geburtsjahrgang.<\/span><\/p>\n<p><span style=\"font-family: Myriad Pro, sans-serif\">3. Die Ver\u00f6ffentlichung von Fotos und Videos, die au\u00dferhalb \u00f6ffentlicher Veranstaltungen gemacht wurden, erfolgt ausschlie\u00dflich auf Grundlage einer Einwilligung der abgebildeten Personen.<\/span><\/p>\n<p><span style=\"font-family: Myriad Pro, sans-serif\">4. Auf der Internetseite des Vereins werden die Daten der Mitglieder des Vorstands, der Abteilungsleiterinnen und Abteilungsleiter und der \u00dcbungsleiterinnen und \u00dcbungsleiter mit Vorname, Nachname, Funktion, E-Mail-Adresse und Telefonnummer ver\u00f6ffentlicht.<\/span><\/p>\n<p><span style=\"font-family: Myriad Pro, sans-serif\"><b>\u00a7 4 Zust\u00e4ndigkeiten f\u00fcr die Datenverarbeitung im Verein<\/b><\/span><\/p>\n<p><span style=\"font-family: Myriad Pro, sans-serif\">Verantwortlich f\u00fcr die Einhaltung der datenschutzrechtlichen Vorgaben ist der Vorstand nach \u00a7 26 BGB. Funktional ist die Aufgabe dem Ressort Allgemeine Verwaltung (alt: z.B. dem Gesch\u00e4ftsf\u00fchrer) zugeordnet, soweit die Satzung oder diese Ordnung nicht etwas Abweichendes regelt.<\/span><\/p>\n<p><span style=\"font-family: Myriad Pro, sans-serif\">Der Vorstand stellt sicher, dass Verzeichnisse der Verarbeitungst\u00e4tigkeiten nach Art. 30 DSGVO gef\u00fchrt und die Informationspflichten nach Art. 13 und 14 DSGVO erf\u00fcllt werden. Er ist f\u00fcr die Beantwortung von Auskunftsverlangen von betroffenen Personen zust\u00e4ndig.<\/span><\/p>\n<p><span style=\"font-family: Myriad Pro, sans-serif\"><b>\u00a7 5 Verwendung und Herausgabe von Mitgliederdaten und -listen<\/b><\/span><\/p>\n<p><span style=\"font-family: Myriad Pro, sans-serif\">1. Listen von Mitgliedern oder Teilnehmern werden den jeweiligen Mitarbeiterinnen und Mitarbeitern im Verein (z.B. Vorstandsmitgliedern, Abteilungsleitern, \u00dcbungsleitern) insofern zur Verf\u00fcgung gestellt, wie es die jeweilige Aufgabenstellung erfordert. Beim Umfang der dabei verwendeten personenbezogenen Daten ist das Gebot der Datensparsamkeit zu beachten.<\/span><\/p>\n<p><span style=\"font-family: Myriad Pro, sans-serif\">2. Personenbezogene Daten von Mitgliedern d\u00fcrfen an andere Vereinsmitglieder nur herausgegeben werden, wenn die Einwilligung der betroffenen Person vorliegt. Die Nutzung von Teilnehmerlisten, in die sich die Teilnehmer von Versammlungen und anderen Veranstaltungen zum Beispiel zum Nachweis der Anwesenheit eintragen, gilt nicht als eine solche Herausgabe.<\/span><\/p>\n<p><span style=\"font-family: Myriad Pro, sans-serif\">3. Macht ein Mitglied glaubhaft, dass es eine Mitgliederliste zur Wahrnehmung satzungsgem\u00e4\u00dfer oder gesetzlicher Rechte ben\u00f6tigt (z.B. um die Einberufung einer Mitgliederversammlung im Rahmen des Minderheitenbegehrens zu beantragen), stellt der Vorstand eine Kopie der Mitgliederliste mit Vornamen, Nachnamen und Anschrift als Ausdruck oder als Datei zur Verf\u00fcgung. Das Mitglied, welches das Minderheitenbegehren initiiert, hat vorher eine Versicherung abzugeben, dass diese Daten ausschlie\u00dflich f\u00fcr diesen Zweck verwendet und nach der Verwendung vernichtet werden.<\/span><\/p>\n<p><span style=\"font-family: Myriad Pro, sans-serif\"><b>\u00a7 6 Kommunikation per E-Mail<\/b><\/span><\/p>\n<p><span style=\"font-family: Myriad Pro, sans-serif\">1. F\u00fcr die Kommunikation per E-Mail richtet der Verein einen vereinseigenen E-Mail-Account ein, der im Rahmen der vereinsinternen Kommunikation ausschlie\u00dflich zu nutzen ist.<\/span><\/p>\n<p><span style=\"font-family: Myriad Pro, sans-serif\">2. Beim Versand von E-Mails an eine Vielzahl von Personen, die nicht in einem st\u00e4ndigen Kontakt per E-Mail untereinander stehen und\/oder deren private E-Mail-Accounts verwendet werden, sind die E-Mail-Adressen als \u201ebcc\u201c zu versenden.<\/span><\/p>\n<p><span style=\"font-family: Myriad Pro, sans-serif\"><b>\u00a7 7 Verpflichtung auf die Vertraulichkeit<\/b><\/span><\/p>\n<p><span style=\"font-family: Myriad Pro, sans-serif\">Alle Mitarbeiterinnen und Mitarbeiter im Verein, die Umgang mit personenbezogenen Daten haben (z.B. Mitglieder des Vorstands, Abteilungsleiterinnen und Abteilungsleiter, \u00dcbungsleiterinnen und \u00dcbungsleiter), sind auf den vertraulichen Umgang mit personenbezogenen Daten zu verpflichten.<\/span><\/p>\n<p><span style=\"font-family: Myriad Pro, sans-serif\"><b>\u00a7 8 Datenschutzbeauftragter<\/b><\/span><\/p>\n<p><span style=\"font-family: Myriad Pro, sans-serif\">Da im Verein weniger als 10 Personen st\u00e4ndig mit der automatisierten Verarbeitung personenbezogener Daten besch\u00e4ftigt sind, hat der Verein keinen Datenschutzbeauftragten zu benennen. <\/span><\/p>\n<p><span style=\"font-family: Myriad Pro, sans-serif\"><b>\u00a7 9 Einrichtung und Unterhaltung von Internetauftritten<\/b><\/span><\/p>\n<p><span style=\"font-family: Myriad Pro, sans-serif\">1. Der Verein unterh\u00e4lt zentrale Auftritte f\u00fcr den Gesamtverein. Die Einrichtung und Unterhaltung von Auftritten im Internet obliegt dem Ressortleiter \u00d6ffentlichkeitsarbeit. \u00c4nderungen d\u00fcrfen ausschlie\u00dflich durch den Ressortleiter \u00d6ffentlichkeitsarbeit, den Ressortleiter Allgemeine Verwaltung und den Administrator vorgenommen werden.<\/span><\/p>\n<p><span style=\"font-family: Myriad Pro, sans-serif\">2. Der Ressortleiter \u00d6ffentlichkeitsarbeit ist f\u00fcr die Einhaltung der Datenschutzbestimmungen im Zusammenhang mit Online-Auftritten verantwortlich.<\/span><\/p>\n<p><span style=\"font-family: Myriad Pro, sans-serif\">3. Abteilungen, Gruppen und Mannschaften bed\u00fcrfen f\u00fcr die Einrichtung eigener Internetauftritte (z.B. Homepage, Facebook, Twitter) der ausdr\u00fccklichen Genehmigung des Ressortleiters \u00d6ffentlichkeitsarbeit. F\u00fcr den Betrieb eines Internetauftritts haben die Abteilungen, Gruppen und Mannschaften Verantwortliche zu benennen, denen gegen\u00fcber der Ressortleiter \u00d6ffentlichkeitsarbeit weisungsbefugt ist. Bei Verst\u00f6\u00dfen gegen datenschutzrechtliche Vorgaben und Missachtung von Weisungen des Ressortleiters \u00d6ffentlichkeitsarbeit, kann der Vorstand nach \u00a7 26 BGB die Genehmigung f\u00fcr den Betrieb eines Internetauftritts widerrufen. Die Entscheidung des Vorstands nach \u00a7 26 BGB ist unanfechtbar.<\/span><\/p>\n<p><span style=\"font-family: Myriad Pro, sans-serif\"><b>\u00a7 10 Verst\u00f6\u00dfe gegen datenschutzrechtliche Vorgaben und diese Ordnung<\/b><\/span><\/p>\n<p><span style=\"font-family: Myriad Pro, sans-serif\">1. Alle Mitarbeiterinnen und Mitarbeiter des Vereins d\u00fcrfen nur im Rahmen ihrer jeweiligen Befugnisse Daten verarbeiten. Eine eigenm\u00e4chtige Datenerhebung, -nutzung oder \u2013weitergabe ist untersagt.<\/span><\/p>\n<p><span style=\"font-family: Myriad Pro, sans-serif\">2. Verst\u00f6\u00dfe gegen allgemeine datenschutzrechtliche Vorgaben und insbesondere gegen diese Datenschutzordnung k\u00f6nnen gem\u00e4\u00df den Sanktionsmitteln, wie sie in der Satzung vorgesehen sind, geahndet werden.<\/span><\/p>\n<p><span style=\"font-family: Myriad Pro, sans-serif\"><b>\u00a7 11 Inkrafttreten<\/b><\/span><\/p>\n<p><span style=\"font-family: Myriad Pro, sans-serif\">Diese Datenschutzordnung wurde durch den Gesamtvorstand des Vereins am 20.05.2018 beschlossen und tritt mit Ver\u00f6ffentlichung auf der Homepage des Vereins in Kraft.<\/span><\/p>\n<p><span style=\"font-family: Myriad Pro, sans-serif\"><span style=\"font-size: small\">Quelle:<\/span><\/span><\/p>\n<p><span style=\"font-family: Myriad Pro, sans-serif\"><span style=\"font-size: small\">Landessportbund Nordrhein-Westfalen e.V.<br \/>\n<\/span><\/span><span style=\"font-family: Myriad Pro, sans-serif\"><span style=\"font-size: small\">http:\/\/www.vibss.de\/<br \/>\n<\/span><\/span><span style=\"font-family: Myriad Pro, sans-serif\"><span style=\"font-size: small\">Autor:<br \/>\n<\/span><\/span><span style=\"font-family: Myriad Pro, sans-serif\"><span style=\"font-size: small\">Elmar Lumer<\/span><\/span><\/p>\n<p>&nbsp;<\/p>\n","protected":false},"excerpt":{"rendered":"<p>TSV Oberriexingen e. V. 1900 01578 \/ 03 888 23 Gesch\u00e4ftsstelle: Gro\u00dfmoltenstr. 32 D-71739 Oberriexingen Postadresse: Postfach 11 D-71739 Oberriexingen E-Mail: geschaeftsstelle@tsv-oberriexingen.de Internet: http:\/\/www.tsv-oberriexingen.de http:\/\/www.facebook.com\/TSVOberriexingen Vereinsregister-Nr: Amtsgericht Vaihingen\/Enz unter Nummer VR13 USt.ID-Nr: 55099\/01615 Bankverbindung: IBAN: DE96 604 628 080 000 &hellip; <a href=\"http:\/\/www.tsv-oberriexingen.de\/WP\/impressum-2\/\">Weiterlesen <span class=\"meta-nav\">&rarr;<\/span><\/a><\/p>\n","protected":false},"author":8,"featured_media":0,"parent":0,"menu_order":0,"comment_status":"closed","ping_status":"closed","template":"","meta":{"footnotes":""},"class_list":["post-164","page","type-page","status-publish","hentry"],"_links":{"self":[{"href":"http:\/\/www.tsv-oberriexingen.de\/WP\/wp-json\/wp\/v2\/pages\/164","targetHints":{"allow":["GET"]}}],"collection":[{"href":"http:\/\/www.tsv-oberriexingen.de\/WP\/wp-json\/wp\/v2\/pages"}],"about":[{"href":"http:\/\/www.tsv-oberriexingen.de\/WP\/wp-json\/wp\/v2\/types\/page"}],"author":[{"embeddable":true,"href":"http:\/\/www.tsv-oberriexingen.de\/WP\/wp-json\/wp\/v2\/users\/8"}],"replies":[{"embeddable":true,"href":"http:\/\/www.tsv-oberriexingen.de\/WP\/wp-json\/wp\/v2\/comments?post=164"}],"version-history":[{"count":31,"href":"http:\/\/www.tsv-oberriexingen.de\/WP\/wp-json\/wp\/v2\/pages\/164\/revisions"}],"predecessor-version":[{"id":7261,"href":"http:\/\/www.tsv-oberriexingen.de\/WP\/wp-json\/wp\/v2\/pages\/164\/revisions\/7261"}],"wp:attachment":[{"href":"http:\/\/www.tsv-oberriexingen.de\/WP\/wp-json\/wp\/v2\/media?parent=164"}],"curies":[{"name":"wp","href":"https:\/\/api.w.org\/{rel}","templated":true}]}}