{"id":1744,"date":"2013-03-25T10:51:09","date_gmt":"2013-03-25T09:51:09","guid":{"rendered":"http:\/\/wp1081102.wp115.webpack.hosteurope.de\/WP\/?page_id=1744"},"modified":"2018-10-04T18:53:10","modified_gmt":"2018-10-04T16:53:10","slug":"1744-2","status":"publish","type":"page","link":"http:\/\/www.tsv-oberriexingen.de\/WP\/sample-page\/1744-2\/","title":{"rendered":"Unser Leitbild"},"content":{"rendered":"<table border=\"1\" width=\"600\" cellspacing=\"1\" cellpadding=\"1\">\n<tbody>\n<tr>\n<td><\/td>\n<td><\/td>\n<\/tr>\n<tr>\n<td style=\"background-color: #353535;vertical-align: top\"><span style=\"font-size: 26px\"><strong><span style=\"color: #ffd700\">Fairness<\/span><\/strong><\/span><\/td>\n<td style=\"background-color: #fedc7c\">Jeder Einzelne beachtet auch im Wettkampf die sportlichen Regeln und akzeptiert die Schiedsrichterentscheidungen.<\/td>\n<\/tr>\n<tr>\n<td colspan=\"2\"><img loading=\"lazy\" decoding=\"async\" class=\"alignleft size-full wp-image-1328\" style=\"padding: 0px;border: 0px\" src=\"http:\/\/www.tsv-oberriexingen.de\/WP\/wp-content\/uploads\/2012\/11\/Blank.gif\" alt=\"Blank\" width=\"1\" height=\"1\" \/><\/td>\n<\/tr>\n<tr>\n<td style=\"background-color: #353535;vertical-align: top\"><span style=\"font-size: 26px\"><strong><span style=\"color: #ffd700\">Toleranz<\/span><\/strong><\/span><\/td>\n<td style=\"background-color: #fedc7c\">Jedes Vereinsmitglied toleriert unterschiedliche Leistungsstufen innerhalb seiner Abteilung, akzeptiert die verschiedenen Sportarten im Verein und k\u00e4mpft gegen Diskriminierung anderer aufgrund Herkunft, Hautfarbe und Religion.<\/td>\n<\/tr>\n<tr>\n<td colspan=\"2\"><img loading=\"lazy\" decoding=\"async\" class=\"alignleft size-full wp-image-1328\" style=\"padding: 0px;border: 0px\" src=\"http:\/\/www.tsv-oberriexingen.de\/WP\/wp-content\/uploads\/2012\/11\/Blank.gif\" alt=\"Blank\" width=\"1\" height=\"1\" \/><\/td>\n<\/tr>\n<tr>\n<td style=\"background-color: #353535;vertical-align: top\"><span style=\"font-size: 26px\"><strong><span style=\"color: #ffd700\">Respekt<\/span><\/strong><\/span><\/td>\n<td style=\"background-color: #fedc7c\">Jeder Einzelne repr\u00e4sentiert den Verein und geht verantwortungsvoll mit Mitmenschen und Eigentum um. Er respektiert Schw\u00e4chere, ist h\u00f6flich und verzichtet in jedem Fall auf Gewalt.<\/td>\n<\/tr>\n<tr>\n<td colspan=\"2\"><img loading=\"lazy\" decoding=\"async\" class=\"alignleft size-full wp-image-1328\" style=\"padding: 0px;border: 0px\" src=\"http:\/\/www.tsv-oberriexingen.de\/WP\/wp-content\/uploads\/2012\/11\/Blank.gif\" alt=\"Blank\" width=\"1\" height=\"1\" \/><\/td>\n<\/tr>\n<tr>\n<td style=\"background-color: #353535;vertical-align: top\"><span style=\"font-size: 26px\"><strong><span style=\"color: #ffd700\">Vorbild<\/span><\/strong><\/span><\/td>\n<td style=\"background-color: #fedc7c\">Jedes Vereinsmitglied ist sich seiner Vorbildfunktion f\u00fcr die Jugend bewusst und h\u00e4lt deshalb die gesetzlichen, sportlichen<br \/>\nund zwischenmenschlichen Regeln jederzeit ein.<\/td>\n<\/tr>\n<tr>\n<td colspan=\"2\"><img loading=\"lazy\" decoding=\"async\" class=\"alignleft size-full wp-image-1328\" style=\"padding: 0px;border: 0px\" src=\"http:\/\/www.tsv-oberriexingen.de\/WP\/wp-content\/uploads\/2012\/11\/Blank.gif\" alt=\"Blank\" width=\"1\" height=\"1\" \/><\/td>\n<\/tr>\n<tr>\n<td style=\"background-color: #353535;vertical-align: top\"><span style=\"font-size: 26px\"><strong><span style=\"color: #ffd700\">Engagement<\/span><\/strong><\/span><\/td>\n<td style=\"background-color: #fedc7c\">Alle Mitglieder tragen ihren Verein durch Ihre Initiative und ihr Engagement. Sie sorgen daf\u00fcr, dass der TSV Oberriexingen wesentlicher Teil des Gemeinschaftslebens der Stadt Oberriexingen bleibt.<\/td>\n<\/tr>\n<tr>\n<td colspan=\"2\"><img loading=\"lazy\" decoding=\"async\" class=\"alignleft size-full wp-image-1328\" style=\"padding: 0px;border: 0px\" src=\"http:\/\/www.tsv-oberriexingen.de\/WP\/wp-content\/uploads\/2012\/11\/Blank.gif\" alt=\"Blank\" width=\"1\" height=\"1\" \/><\/td>\n<\/tr>\n<tr>\n<td style=\"background-color: #353535;vertical-align: top\"><span style=\"font-size: 26px\"><strong><span style=\"color: #ffd700\">Gemeinsinn<\/span><\/strong><\/span><\/td>\n<td style=\"background-color: #fedc7c\">Alle Vereinsmitglieder betrachten sich als Teil einer Gemeinschaft und stellen ihre pers\u00f6nlichen Interessen nicht \u00fcber die Interessen der anderen.<\/td>\n<\/tr>\n<tr>\n<td colspan=\"2\"><img loading=\"lazy\" decoding=\"async\" class=\"alignleft size-full wp-image-1328\" style=\"padding: 0px;border: 0px\" src=\"http:\/\/www.tsv-oberriexingen.de\/WP\/wp-content\/uploads\/2012\/11\/Blank.gif\" alt=\"Blank\" width=\"1\" height=\"1\" \/><\/td>\n<\/tr>\n<\/tbody>\n<\/table>\n<p>&nbsp;<\/p>\n","protected":false},"excerpt":{"rendered":"<p>Fairness Jeder Einzelne beachtet auch im Wettkampf die sportlichen Regeln und akzeptiert die Schiedsrichterentscheidungen. Toleranz Jedes Vereinsmitglied toleriert unterschiedliche Leistungsstufen innerhalb seiner Abteilung, akzeptiert die verschiedenen Sportarten im Verein und k\u00e4mpft gegen Diskriminierung anderer aufgrund Herkunft, Hautfarbe und Religion. Respekt &hellip; <a href=\"http:\/\/www.tsv-oberriexingen.de\/WP\/sample-page\/1744-2\/\">Weiterlesen <span class=\"meta-nav\">&rarr;<\/span><\/a><\/p>\n","protected":false},"author":8,"featured_media":0,"parent":2,"menu_order":0,"comment_status":"closed","ping_status":"closed","template":"","meta":{"footnotes":""},"class_list":["post-1744","page","type-page","status-publish","hentry"],"_links":{"self":[{"href":"http:\/\/www.tsv-oberriexingen.de\/WP\/wp-json\/wp\/v2\/pages\/1744","targetHints":{"allow":["GET"]}}],"collection":[{"href":"http:\/\/www.tsv-oberriexingen.de\/WP\/wp-json\/wp\/v2\/pages"}],"about":[{"href":"http:\/\/www.tsv-oberriexingen.de\/WP\/wp-json\/wp\/v2\/types\/page"}],"author":[{"embeddable":true,"href":"http:\/\/www.tsv-oberriexingen.de\/WP\/wp-json\/wp\/v2\/users\/8"}],"replies":[{"embeddable":true,"href":"http:\/\/www.tsv-oberriexingen.de\/WP\/wp-json\/wp\/v2\/comments?post=1744"}],"version-history":[{"count":19,"href":"http:\/\/www.tsv-oberriexingen.de\/WP\/wp-json\/wp\/v2\/pages\/1744\/revisions"}],"predecessor-version":[{"id":6935,"href":"http:\/\/www.tsv-oberriexingen.de\/WP\/wp-json\/wp\/v2\/pages\/1744\/revisions\/6935"}],"up":[{"embeddable":true,"href":"http:\/\/www.tsv-oberriexingen.de\/WP\/wp-json\/wp\/v2\/pages\/2"}],"wp:attachment":[{"href":"http:\/\/www.tsv-oberriexingen.de\/WP\/wp-json\/wp\/v2\/media?parent=1744"}],"curies":[{"name":"wp","href":"https:\/\/api.w.org\/{rel}","templated":true}]}}