{"id":2,"date":"2012-11-07T08:56:57","date_gmt":"2012-11-07T07:56:57","guid":{"rendered":"http:\/\/wp1081102.wp115.webpack.hosteurope.de\/WP\/?page_id=2"},"modified":"2025-07-28T21:24:02","modified_gmt":"2025-07-28T19:24:02","slug":"sample-page","status":"publish","type":"page","link":"http:\/\/www.tsv-oberriexingen.de\/WP\/sample-page\/","title":{"rendered":"Unser Verein"},"content":{"rendered":"<p><img loading=\"lazy\" decoding=\"async\" class=\"alignleft size-thumbnail wp-image-6187\" src=\"http:\/\/www.tsv-oberriexingen.de\/WP\/wp-content\/uploads\/2012\/11\/tsv_logo-104x150.gif\" alt=\"\" width=\"104\" height=\"150\" srcset=\"http:\/\/www.tsv-oberriexingen.de\/WP\/wp-content\/uploads\/2012\/11\/tsv_logo-104x150.gif 104w, http:\/\/www.tsv-oberriexingen.de\/WP\/wp-content\/uploads\/2012\/11\/tsv_logo-208x300.gif 208w\" sizes=\"auto, (max-width: 104px) 100vw, 104px\" \/>Der Turn- und Sportverein Oberriexingen e.V. 1900 wurde im Jahr 1900 als reiner Turnverein gegr\u00fcndet. Ab 1947 kamen die Ballsportarten dazu, zuerst Fu\u00dfball, dann sukzessive die anderen Ballsportarten. Tischtennis gibt es seit 1957, die Tennisabteilung wurde 1976 gegr\u00fcndet.<br \/>\n<strong><a href=\"http:\/\/www.tsv-oberriexingen.de\/WP\/wp-content\/uploads\/simple-file-list\/allgemein\/TSV-Satzung_AKTUELL.pdf\">TSV-Satzung, <\/a><a href=\"http:\/\/www.tsv-oberriexingen.de\/WP\/wp-content\/uploads\/simple-file-list\/allgemein\/TSV_Beitragsordnung_2016.pdf\">Beitragsordnung, <\/a><a href=\"http:\/\/www.tsv-oberriexingen.de\/WP\/wp-content\/uploads\/simple-file-list\/allgemein\/Ehrenordnung_TSV_120315.pdf\">Ehrenordnung, <\/a><a href=\"http:\/\/www.tsv-oberriexingen.de\/WP\/wp-content\/uploads\/simple-file-list\/allgemein\/TSV_Leitbild_aktuelle_Version.pdf\">Leitbild.<\/a><\/strong><br \/>\nDer Verein umfasst heute knapp 1.000 Mitglieder.<br \/>\nDerzeit wird der Verein gef\u00fchrt von:<br \/>\nVorstand:<br \/>\n<strong>Erich J. Bannert<\/strong> &#8211;\u00a01.\u00a0Vorsitzender &#8211; 0170 5386303<br \/>\n<strong>Fulya Bertoli<\/strong> &#8211;\u00a0 \u00a0 \u00a0 \u00a02. Vorsitzende &#8211; <a href=\"mailto:fulya.bertoli@tsv-oberriexingen.de\">fulya.bertoli@tsv-oberriexingen.de<\/a><\/p>\n<p>Abteilungsleiter:<br \/>\n<strong>Yvonne Herre &#8211; Turnen\/Leichtathletik<\/strong><br \/>\n<strong> Jochen Fetzer &#8211; Fu\u00dfball<\/strong><br \/>\n<strong> Hartmut Sch\u00fcle &#8211; Tischtennis<\/strong><br \/>\n<strong>Nico Ziesel &#8211; Tennis<\/strong><br \/>\n<strong> Christine Schuster &#8211; Handball<\/strong><br \/>\n<strong>Peter Kr\u00fcger &#8211; Karate<\/strong><br \/>\n<strong> n.a. &#8211; Gesamtjugendleiter<\/strong><br \/>\n<strong> Erich Horntasch &#8211; Schriftf\u00fchrer<\/strong><br \/>\n<strong> Michael Bortel, Frank Sch\u00fcle\u00a0&#8211; Kassenpr\u00fcfer<\/strong><\/p>\n<p>Beisitzer im Hauptausschuss:<br \/>\n<strong>Brigitte Roller, Joachim Stecher, Michael H\u00fceber, Helmut Thomas, Alexander Rupprecht, Werner Scholpp, Steffen Schweininger, Kristin K\u00fchnle<\/strong><\/p>\n<p>\u00c4ltestenrat:<br \/>\n<strong>Hermann Strecker, Willi Baur, Dieter Hohn, Karl Karner<\/strong><\/p>\n<p>Ehrenvorsitzende:<\/p>\n<p><strong>Dr. Hermann Strecker, Karl Karner<\/strong><\/p>\n<p>Datenschutzbeauftragter:<br \/>\n<strong>Ralf Stadelmann<\/strong><\/p>\n<p>Beauftragte f\u00fcr Schutzkonzept Kindeswohl:<br \/>\n<strong>Yvonne Herre, Sarah D\u00f6rr<\/strong><\/p>\n<p>Gesch\u00e4ftsstelle:<br \/>\n<strong>Brigitte Roller<\/strong> &#8211; Mitgliederverwaltung<br \/>\n<b>Fulya Bertoli<\/b>&#8211; Finanzen<br \/>\nGro\u00dfmoltenstr. 32<br \/>\nD-71739 Oberriexingen<\/p>\n<p>01578 0388823<br \/>\ngeschaeftsstelle@tsv-oberriexingen.de<\/p>\n","protected":false},"excerpt":{"rendered":"<p>Der Turn- und Sportverein Oberriexingen e.V. 1900 wurde im Jahr 1900 als reiner Turnverein gegr\u00fcndet. Ab 1947 kamen die Ballsportarten dazu, zuerst Fu\u00dfball, dann sukzessive die anderen Ballsportarten. Tischtennis gibt es seit 1957, die Tennisabteilung wurde 1976 gegr\u00fcndet. TSV-Satzung, Beitragsordnung, &hellip; <a href=\"http:\/\/www.tsv-oberriexingen.de\/WP\/sample-page\/\">Weiterlesen <span class=\"meta-nav\">&rarr;<\/span><\/a><\/p>\n","protected":false},"author":8,"featured_media":0,"parent":0,"menu_order":0,"comment_status":"closed","ping_status":"closed","template":"","meta":{"footnotes":""},"class_list":["post-2","page","type-page","status-publish","hentry"],"_links":{"self":[{"href":"http:\/\/www.tsv-oberriexingen.de\/WP\/wp-json\/wp\/v2\/pages\/2","targetHints":{"allow":["GET"]}}],"collection":[{"href":"http:\/\/www.tsv-oberriexingen.de\/WP\/wp-json\/wp\/v2\/pages"}],"about":[{"href":"http:\/\/www.tsv-oberriexingen.de\/WP\/wp-json\/wp\/v2\/types\/page"}],"author":[{"embeddable":true,"href":"http:\/\/www.tsv-oberriexingen.de\/WP\/wp-json\/wp\/v2\/users\/8"}],"replies":[{"embeddable":true,"href":"http:\/\/www.tsv-oberriexingen.de\/WP\/wp-json\/wp\/v2\/comments?post=2"}],"version-history":[{"count":64,"href":"http:\/\/www.tsv-oberriexingen.de\/WP\/wp-json\/wp\/v2\/pages\/2\/revisions"}],"predecessor-version":[{"id":8169,"href":"http:\/\/www.tsv-oberriexingen.de\/WP\/wp-json\/wp\/v2\/pages\/2\/revisions\/8169"}],"wp:attachment":[{"href":"http:\/\/www.tsv-oberriexingen.de\/WP\/wp-json\/wp\/v2\/media?parent=2"}],"curies":[{"name":"wp","href":"https:\/\/api.w.org\/{rel}","templated":true}]}}