{"id":358,"date":"2012-11-21T09:45:42","date_gmt":"2012-11-21T08:45:42","guid":{"rendered":"http:\/\/wp1081102.wp115.webpack.hosteurope.de\/WP\/?page_id=358"},"modified":"2024-10-27T11:41:00","modified_gmt":"2024-10-27T10:41:00","slug":"tsv-wochenplan","status":"publish","type":"page","link":"http:\/\/www.tsv-oberriexingen.de\/WP\/tsv-wochenplan\/","title":{"rendered":"Sport mit dem TSV Oberriexingen"},"content":{"rendered":"<p>Hier eine \u00dcbersicht \u00fcber Trainingszeiten und angebotene Kurse in den beiden Hallen (Wochen\u00fcbersicht):<\/p>\n<hr \/>\n<p>Trainingszeiten:<\/p>\n<ul>\n<li><a href=\"http:\/\/www.tsv-oberriexingen.de\/WP\/?page_id=128\">Badminton<\/a><\/li>\n<li><a href=\"http:\/\/www.tsv-oberriexingen.de\/WP\/?page_id=130\">Volleyball<\/a><\/li>\n<li><a href=\"http:\/\/www.tsv-oberriexingen.de\/WP\/?page_id=111\">Gymnastikgruppen<\/a> (alle Kurse)<\/li>\n<li><a href=\"http:\/\/www.tsv-oberriexingen.de\/WP\/?page_id=113\">Karate<\/a><\/li>\n<li><a href=\"http:\/\/www.tsv-oberriexingen.de\/WP\/turnen-leichtathletik\/jugendgruppen\/\">Kinderturnen<\/a><\/li>\n<li><a href=\"http:\/\/www.tsv-oberriexingen.de\/WP\/kinderyoga\/\">Kinderyoga<\/a><\/li>\n<li><a href=\"http:\/\/www.tsv-oberriexingen.de\/WP\/hallen-trainingszeiten-jugendfussball-2021-2022\/\" target=\"_blank\" rel=\"noopener noreferrer\">Fu\u00dfball: Jugend<\/a><\/li>\n<li><a href=\"http:\/\/www.tsv-oberriexingen.de\/WP\/?page_id=557\">Fu\u00dfball: Aktive<\/a><\/li>\n<li><a href=\"http:\/\/www.tsv-oberriexingen.de\/WP\/?page_id=559\">Fu\u00dfball: AH<\/a><\/li>\n<li><a href=\"http:\/\/www.tsv-oberriexingen.de\/WP\/?page_id=1186\">Tischtennis<\/a><\/li>\n<li><a href=\"http:\/\/www.tsv-oberriexingen.de\/WP\/?page_id=710\">Handball<\/a><\/li>\n<li><a href=\"http:\/\/www.tsv-oberriexingen.de\/WP\/?page_id=4299\">Tennis<\/a><\/li>\n<\/ul>\n<hr \/>\n<p>.<\/p>\n","protected":false},"excerpt":{"rendered":"<p>Hier eine \u00dcbersicht \u00fcber Trainingszeiten und angebotene Kurse in den beiden Hallen (Wochen\u00fcbersicht): Trainingszeiten: Badminton Volleyball Gymnastikgruppen (alle Kurse) Karate Kinderturnen Kinderyoga Fu\u00dfball: Jugend Fu\u00dfball: Aktive Fu\u00dfball: AH Tischtennis Handball Tennis .<\/p>\n","protected":false},"author":8,"featured_media":0,"parent":0,"menu_order":0,"comment_status":"closed","ping_status":"closed","template":"","meta":{"footnotes":""},"class_list":["post-358","page","type-page","status-publish","hentry"],"_links":{"self":[{"href":"http:\/\/www.tsv-oberriexingen.de\/WP\/wp-json\/wp\/v2\/pages\/358","targetHints":{"allow":["GET"]}}],"collection":[{"href":"http:\/\/www.tsv-oberriexingen.de\/WP\/wp-json\/wp\/v2\/pages"}],"about":[{"href":"http:\/\/www.tsv-oberriexingen.de\/WP\/wp-json\/wp\/v2\/types\/page"}],"author":[{"embeddable":true,"href":"http:\/\/www.tsv-oberriexingen.de\/WP\/wp-json\/wp\/v2\/users\/8"}],"replies":[{"embeddable":true,"href":"http:\/\/www.tsv-oberriexingen.de\/WP\/wp-json\/wp\/v2\/comments?post=358"}],"version-history":[{"count":45,"href":"http:\/\/www.tsv-oberriexingen.de\/WP\/wp-json\/wp\/v2\/pages\/358\/revisions"}],"predecessor-version":[{"id":8076,"href":"http:\/\/www.tsv-oberriexingen.de\/WP\/wp-json\/wp\/v2\/pages\/358\/revisions\/8076"}],"wp:attachment":[{"href":"http:\/\/www.tsv-oberriexingen.de\/WP\/wp-json\/wp\/v2\/media?parent=358"}],"curies":[{"name":"wp","href":"https:\/\/api.w.org\/{rel}","templated":true}]}}