{"id":4307,"date":"2015-06-22T20:50:27","date_gmt":"2015-06-22T18:50:27","guid":{"rendered":"http:\/\/www.tsv-oberriexingen.de\/WP\/?page_id=4307"},"modified":"2022-11-23T13:03:36","modified_gmt":"2022-11-23T12:03:36","slug":"spielberichte","status":"publish","type":"page","link":"http:\/\/www.tsv-oberriexingen.de\/WP\/tennis\/spielberichte\/","title":{"rendered":"Spielberichte"},"content":{"rendered":"<p><strong>Vom 29.06.2015<\/strong><\/p>\n<p>Verbandsspiel der Damen gegen TC Schwieberdingen II<\/p>\n<p>Am Sonntag, den 28.06.2015 bestritten die Damen des TSV Oberriexingen ihr drittes Spiel der Saison in Schwieberdingen. Leider konnten die Spiele nicht wie geplant um 14.00 Uhr beginnen, da uns nicht einmal ein einziger Platz zur Verf\u00fcgung stand. Nach einer kurzen Wartezeit konnte aber zumindest die an 2 gesetzte Huanita Vidicek starten. Gleich im ersten Ballwechsel ging sie vor ans Netz und versenkte den Volley souver\u00e4n, die Fronten waren gekl\u00e4rt. Ihre Schwieberdinger Gegnerin hielt trotzdem gut dagegen, am Ende gewann Huanita aber mit 6:4 6:3. Im zweiten Einzel spielte Tammy Streicher (Rang 4), nervenstark wie sonst auch, gegen eine unerwartet schwache Schwieberdingerin, die von Tammy 6:0 6:0 besiegt wurde. Die f\u00fcnf Zuschauer, die extra f\u00fcr Tammys Match angereist waren, waren fast schon entt\u00e4uscht, denn die klare \u00dcberlegenheit der Oberriexingerin lie\u00df fast keine Ballwechsel zu. Jessica Hartmann auf Rang 6 begann als N\u00e4chste zu spielen, nach einem verlorenen ersten Satz setzte sie sich im zweiten klar durch. \u201eIch bin so fertig, bin zwei Mal umgeknickt\u201c, sagte sie trocken, bevor es in den dritten Satz als Match-Tie-Break ging. Anders als letzte Woche setzte sie sich aber durch, es endete insgesamt 2:6 6:1 10:7. Oberriexingens Nummer 1, Theresa Heuberger, startete als N\u00e4chste und fand anfangs nicht in ihr Spiel, weshalb sie 1:4 im ersten Satz hinten lag. Doch mit raffinierten Stop-B\u00e4llen und starken Aufschl\u00e4gen gewann sie ihre Sicherheit zur\u00fcck, holte den ersten Satz noch und gewann den folgenden Satz dann klar mit insgesamt 6:4 6:2. So stand es bereits 4:0 aus der Sicht der Ori-Damen. An diesem Spieltag hatte Nina Ropertz ihr Deb\u00fct in der Oberriexinger Damenmannschaft auf Rang 3. Sie zeigte eine exzellente Technik und viele gute Aufschl\u00e4ge, konnte gegen die Sicherheit und Spielerfahrung der Schwieberdingerin aber nicht gewinnen. Doch unser Youngster strahlte eigentlich die meiste Zeit auf dem Platz und war mit ihrer Leistung trotz des 4:6 1:6-Endstands sehr zufrieden. Im letzten Einzel spielte Anja Schauer auf Rang 5 f\u00fcr Oberriexingen. Nachdem Nina fertig war, ging die ganze Mannschaft geschlossen zu dem obersten Platz, auf dem Anja spielte. Nach einem verlorenen ersten Satz lag sie nun im zweiten Satz 5:4 vorne. Ein Sieg in diesem Einzel h\u00e4tte bereits den Gesamtsieg bedeutet. Alle fieberten mit und Anja zeigte druckvolle, platzierte Schl\u00e4ge, die die Schwieberdinger Gegnerin jedoch fast alle zur\u00fcckbrachte. Den zweiten Satz gewann Anja aber, stolz und strahlend lief sie zu ihrer Bank und wiederholte f\u00fcr das Publikum \u201e6:4.\u201c. Der Match-Tie-Break verlief \u00e4hnlich wie das Spiel, lange Ballwechsel und starke Schl\u00e4ge von Anja, jedoch konnte sich ihre Gegnerin mit ihrer Sicherheit durchsetzen und das Spiel endete 3:6 6:4 8:10.<br \/>\nNach den Einzeln war es bereits 19 Uhr und es stand 4:2 aus der Sicht Oberriexingens, weshalb wir nur noch ein Doppel gewinnen mussten, das Ziel war aber nat\u00fcrlich wie letzte Woche: \u201eJetzt k\u00f6nnen wir immer noch 7:2 gewinnen\u201c, sagte Huanita. Das Einser-Doppel von ihr und Theresa war den Schwieberdingerinnen klar \u00fcberlegen, trotz ein paar Netzfehler im zweiten Satz wurde die Devise \u201eVorne holt man die Punkte\u201c souver\u00e4n umgesetzt und so gewannen wir 6:0 6:2, womit der Gesamtsieg unser war. Auf dem Nebenplatz spielten Nina und Jessi das Zweier-Doppel, in dem sie den ersten Satz abgaben, den zweiten aber gewannen. Im Match-Tie-Break lagen sie dann 4:8 hinten, jedoch best\u00e4tigten die Oris die Aussage von Mannschaftsf\u00fchrerin Theresa: \u201eIm Match-Tie-Break gewinnt der, der mutiger spielt.\u201c, wobei vor allem eine super-starke R\u00fcckhand Ninas rausstach. Auf einmal stand es 9:8 f\u00fcr Oberriexingen \u201eDie zwei haben einen Matchball!\u201c, sagte Huanita v\u00f6llig von den Socken. Jedoch wehrten die Schwieberdingerinnen diesen ab, genauso wie die zwei folgenden. Dann waren auf einmal unsere Gegnerinnen im Vorteil, aber Jessi und Nina wehrten den Matchball ebenfalls ab, beim folgenden Matchball f\u00fcr die Schwieberdingerinnen gelang ihnen das aber leider nicht, so verloren unsere zwei Youngsters leider mit insgesamt 3:6 6:1 11:13. Wir h\u00e4tten es ihnen so geg\u00f6nnt. Auf einem Platz weiter oben spielte das Harmonie-Doppel Tammy und Anja gegen das Schwieberdinger Dreier-Doppel. Wie Nina und Jessi verloren sie den ersten Satz, das Tammy laut eigener Aussage zu viele Netzfehler beging, sie gewannen aber den zweiten Satz und irgendwann h\u00f6rte man nur Anja laut aufschreien, sie hatten sich n\u00e4mlich im Match-Tie-Break durchgesetzt und das ziemlich klar. Es endete also 4:6 6:3 10:3.<br \/>\nInsgesamt gewannen wir also mit 6:3 Matches, wobei wir zwei Match-Tie-Breaks abgaben, Luft nach oben also \ud83d\ude42<br \/>\nEs war letztendlich ein langer Tag, da das Essen erst um 22.15 Uhr serviert wurde, jedoch ein Tag mit tollen Matches, gr\u00f6\u00dftenteils toller Technik und vor allem mit einer tollen Mannschaft! #wirfuerori #raffinierterr\u00fcckenausschnitt #irgendwannlangts<\/p>\n<p><strong>Vom 22.06.2015<\/strong><\/p>\n<p>Verbandsspiel der Knabenmannschaft gegen den TC Schwieberdingen 2<\/p>\n<p>Am 19.06.2015 trat unsere Knabenmannschaft bei dem starken Team vom TC Schwieberdingen 2 zum Verbandsspiel der Kreisstaffel 2 an. F\u00fcr Oberriexingen spielten Luca und Kai Volkert, Theo M\u00fcller und Michael Sch\u00fcle. Kai Volkert hatte seinen Gegner von Anfang an im Griff und gewann sein Einzelspiel souver\u00e4n mit 6:4 und 6:1. Michael Sch\u00fcle hatte im ersten Satz Schwierigkeiten ins Spiel zu finden und gab den ersten Satz knapp mit 5:7 ab. Im zweiten Satz kam er deutlich besser ins Spiel und gewann problemlos mit 6:1 und konnte sich dann auch im Matchtiebreak mit 10:6 erfolgreich durchsetzen. Luca Volkert traf in seinem Einzelspiel auf einen stark auftretenden Gegner und unterlag nach einen engagierten Spiel mit 1:6 und 0:6. Auch Theo M\u00fcller spielte in seinem Einzelspiel couragiert, doch auch er musste sich dem an diesem Tag besseren Gegner mit 2:6 und 2:6 geschlagen geben. Nach 2:2 Spielen nach den Einzelbegegnungen mussten nun die beiden Doppelspiele die Entscheidung bringen. Kai und Michael erwiesen sich wie in der Vorwoche als sichere Bank im Doppel und gewannen ihr Doppel mit 6:2 und 7:5 und brachten damit unser Team zun\u00e4chst mit 3:2 Spielen in F\u00fchrung. Doch die starken Schwieberdinger konnten ausgleichen. Luca und Theo verloren zun\u00e4chst den ersten Satz mit 1:6. Im zweiten Satz drehten sie dann richtig auf und konnten den zweiten Satz ausgeglichen gestalten. Nach einem spannenden und umk\u00e4mpften Spiel stand es am Ende des zweiten Satzes 6:6, der Tie-break musste entscheiden. Hier hatten dann die Schwieberdinger das Qu\u00e4ntchen Gl\u00fcck auf ihrer Seite und setzten sich mit 6:7 durch. So stand es nach sechs Spielen 3:3 unentschieden. In der Addition der gewonnen S\u00e4tze lag aber Schwieberdingen mit 7:6 S\u00e4tzen vorne und konnte den Spieltag denkbar knapp f\u00fcr sich entscheiden. Die n\u00e4chsten Spiele der Knaben sind am 26.06. in Wurmberg, am 03.07. ist der TC Hirschlanden 4 in Oberriexingen zu Gast, am 10.07. der TC Schwieberdingen und 17.07. spielt der TSV in Hirschlanden. Die Begegnungen beginnen voraussichtlich jeweils um 15.00 Uhr.<\/p>\n<p>Damen Verbandsspiel am 21.06. in Ingersheim<\/p>\n<p>Am Sonntag hatte die erste Damenmannschaft des TSV Oberriexingen ihr zweites Verbandsspiel in Ingersheim. Wir traten gegen eine ersatzgeschw\u00e4chte zweite Mannschaft des Tennisclubs Ingersheim an und hatten dementsprechend gute Chancen, schon in den Einzeln Punkte zu ergattern. An 1 spielte Theresa Heuberger und konnte sich gegen ihre laufstarke, aber ansonsten schwache Gegnerin 6:2 6:2 durchsetzen. Huanita Vidicek auf Rang 2 hatte eine sehr junge Ingersheimerin zur Gegnerin, die im ersten Satz nicht viel zeigte, im zweiten aber zumindest ein paar Spiele gewann. Am Ende siegte Huanita aber klar mit 6:0 6:3. Im dritten Einzel spielte Tammy Streicher ebenfalls gegen ein sehr junges M\u00e4dchen, die aber sehr laufstark war und auch souver\u00e4n ihre B\u00e4lle zu platzieren wusste. Aber Tammy, diese Woche wieder mit Nerven wie Drahtseilen, siegte trotz R\u00fcckstand im zweiten Satz mit 6:4 6:4 . An 4 trat f\u00fcr den TSV Anja Schauer an, die leider einen Satz abgab. Obwohl sie sehr nerv\u00f6s war, legte sie einen starken Auftritt hin und gewann ihr Einzel im Matchtiebreak sehr deutlich mit 1:6 6:2 10:4 . Jessica Hartmann hatte auf Rang 5 ihr Deb\u00fct in der Oberriexinger Damenmannschaft. Unsere insgesamt zweitj\u00fcngste Spielerin lieferte einen starken Auftritt, musste aber wie Anja \u00fcber einen dritten Satz gehen. Leider verlor sie den Matchtiebreak sehr, sehr knapp und es ging insgesamt 6:2 1:6 9:11 aus. Im letzten Einzel trat Vanessa Heuberger gegen eine erfahrene Spielerin an. Laut eigener Aussage fand Vanessa aber nicht in ihr Spiel, wobei sie dennoch gut mithalten konnte. Im Matchtiebreak verlor sie aber wie Jessica sehr knapp mit insgesamt 6:4 1:6 7:10 . Nach den Einzeln stand es also 4:2 aus unserer Sicht, weshalb wir f\u00fcr den Gesamtsieg nur eins von drei Doppeln gewinnen mussten. \u201eAlle drei zu gewinnen w\u00e4re halt optimal, 7:2 w\u00e4r\u2019 ein sch\u00f6nes Ergebnis\u201c, sagte Huanita und das spiegelte genau den Optimismus in unserer Mannschaft wider, wir hatten nun die Chance und wollten alle drei gewinnen. Nach etwas Glitzerlipgloss ging es anschlie\u00dfend z\u00fcgig weiter. Als erstes beendeten Tammy und Anja ihr Doppel, sie waren von der Aufstellung her das zweite Doppel und gewannen trotz Nachlassens im zweiten Satz mit 6:0 6:4 . Die beiden sind au\u00dferdem das neue Traumdoppel, denn allein gegen die un\u00fcbersehbare Harmonie in diesem Duo hatten die Ingerseheimerinnen (Nummer 1 und 5) keine Chance. Der Gesamtsieg war nach diesem Doppel bereits unser. Als n\u00e4chstes konnten Jessica und Vanessa den Sack zumachen, sie mussten wie beide im Einzel \u00fcber einen dritten Satz, einen Matchtiebreak, gehen. Nach zwei vorhergehenden ausgeglichenen S\u00e4tzen, in denen es auch ein paar strittige B\u00e4lle gab, sagte die mitgereiste Spielermama Regina Heuberger: \u201eJetzt lasst ihr\u2019s euch nicht mehr nehmen! Im Einzel hat\u2019s nicht geklappt, aber jetzt k\u00e4mpft ihr, ihr holt des!\u201c Uns so war es, die beiden k\u00e4mpften und siegten im Matchtiebreak relativ deutlich mit insgesamt 6:4 5:7 10:4 . Der Sieg im Einserdoppel schien nach einem klaren ersten Satz auch deutlich an uns zu gehen, jedoch wackelte die Souver\u00e4nit\u00e4t von Huanita und Theresa im zweiten Satz, dessen F\u00fchrung sie zwischendurch abgaben, dann wieder eroberten und schlie\u00dflic im Satztiebreak zwei Matchb\u00e4lle vergaben. Auch folgenden Matchtiebreak sah es nicht gut aus, Oberriexingens Nummer 1 und 2 lagen 2:7 hinten. Doch dann, besser sp\u00e4t als nie, konnten sie endlich den Tipp des mitgereisten Spielerinnenfreundes Harry umsetzen: \u201eM\u00e4dels, vorne werden die Punkte gemacht!\u201c und gewannen schlie\u00dflich mit insgesamt 6:2 6:7 10:8, was auf Seiten der jungen Ingersheimerinnen zu ein paar Tr\u00e4nen f\u00fchrte. So ging der Spieltag mit einem 7:2 aus Sicht der Oberriexinger Spielerinnen zu Ende und nach einem Siegerselfie f\u00fcr den Trainer sa\u00dfen wir noch gem\u00fctlich bei Spaghetti Bolognese auf der Ingersheimer Terrasse zusammen und schwelgten in Tr\u00e4umen vom Aufstieg in die Verbandsliga, Oberliga, Bundesliga&#8230; #wirfuerori<\/p>\n<p>Das n\u00e4chste Spiel der Damen ist am 28.06. in Schwieberdingen und am 05.07. und am 26.07. sind jeweils die Mannschaften aus Hemmingen und Aldingen in Oberriexingen zu Gast. Spielbeginn ist voraussichtlich immer um 14 Uhr. Wer vorbei kommen m\u00f6chte, um tolle Spiele (und auch tolle Outfits) zu sehen, ist herzlich eingeladen. Auf der Oberriexinger Tennisanlage gibt es sonntags bei Spielen f\u00fcr euch G\u00e4ste au\u00dfer tollem Tennis auch immer Kaffee und Kuchen.<\/p>\n<p>Herren Verbandsspiel am 21.06. in Hirschlanden<\/p>\n<p>Zweiter Sieg im zweiten Spiel f\u00fcr die erste M\u00e4nnermannschaft. Nach dem erfolgreichen Saisonauftakt gegen Oberstenfeld 4 hat die erste M\u00e4nnermannschaft gegen den TC Hirschlanden 2 den zweiten Sieg nachgelegt. Timo Peters, der die ganze Runde aufgrund einer Ellbogen-OP ausf\u00e4llt, wird von Daniel Fr\u00f6hlich vertreten, der bisher alle Einzel f\u00fcr sich entschied. F\u00fcr Matthias Klaiber war in Hirschlanden Christian Gyenes die Vertretung im Einzel. Bereits nach den Einzeln war das Spiel gewonnen, da wir mit 5:1 uneinholbar vorne lagen. Andr\u00e9 und Nico Ziesel, sowie Daniel Fr\u00f6hlich, Daniel Gyenes und Steffen Schweininger gewannen deutlich in zwei S\u00e4tzen. In den drei Doppeln ging es dann jeweils in den \u201edritten Satz\u201c, der im Match-Tie-Break ausgespielt wird. Dabei fuhren Nico Ziesel\/Matthias Klaiber und Daniel Gyenes\/Christian Gyenes die weiteren Siege zum 7:2-Endstand ein. N\u00e4chsten Sonntag geht es dann gegen die ebenfalls ungeschlagenen Lienzinger um die Tabellenf\u00fchrung in der Kreisliga 1.<\/p>\n<p><strong>Vom 20.06.2015<\/strong><\/p>\n<p>Am Freitag, den 12.06.2015, spielte die Knabenmannschaft des TSV Oberriexingen in der Kreisstaffel 2 gegen den TC Wurmberg\/Neub\u00e4rental 1.<br \/>\nAuf Rang 1 versuchte Kai Volkert, m\u00f6glichst viele Spiele zu gewinnen, leider reichte es aber nur zu einem 1:6 1:6. Nikolai Gutscher spielte an 2 und unterlag seinem unerwartet starkem Gegner 0:6 0:6. An 3 hingegen gewann Raoul Oprisch in spektakul\u00e4ren drei S\u00e4tzen 6:7 6:3 10:5 und ebenso verdient gewann Michael Sch\u00fcle auf Rang 4 mit 6:2 6:3. Das Wetter hielt zum Gl\u00fcck bis auf etwas Nieselregen und so konnten ohne Unterbrechung die Doppel begonnen werden. Im Einser-Doppel verloren Raoul und Luca Volkert leider deutlich, konnten aber dennoch ein Spiel erringen, es endete 0:6 1:6. Im zweiten Doppel konnten sich Kai und Michael mit einer raffinierten Technik durchsetzen und gewannen 6:2 6:4. Insgesamt lieferte die Oberriexinger Mannschaft einen souver\u00e4nen Auftritt am ersten Spieltag, verlor aber bei einem Gleichstand in den gewonnenen Matches (3:3) aufgrund der S\u00e4tze (6:7).<\/p>\n<p>Die n\u00e4chsten Spiele der Knaben sind am 19.06. in Schwieberdingen, am 26.06. in Wurmberg, 03.07. ist der TC Hirschlanden 4 in Oberriexingen zu Gast, am 10.07. der TC Schwieberdingen und 17.07. spielt der TSV in Hirschlanden. Die Begegnungen beginnen voraussichtlich jeweils um 15.00 Uhr.<\/p>\n<p>Am Sonntag, den 14.06.2015, ging f\u00fcr die neu aufgestellte Damenmannschaft des TSV Oberriexingen endlich die neue Saison mit dem ersten Spiel in der Kreisklasse 1 los. H\u00f6chst motiviert und in den neuen Outfits empfingen wir die zweite Damenmannschaft des TSV Bietigheim. BILD v. l. n. r. Theresa Heuberger (Rang 1), Vanessa Heuberger (5), Anja Schauer (4), Huanita Vidicek (2), Tammy Streicher (3) und Lorena Sch\u00fcle (6). Doch vor Spielbeginn tauchte das erste Problem auf: Eine der angereisten Bietigheimer Spielerinnen war nicht offiziell in der Mannschaft gemeldet. Das hei\u00dft, dass sie gar nicht antreten durfte. Die Bietigheimer waren deshalb nur noch zu f\u00fcnft, aber gro\u00dfz\u00fcgiger Weise akzeptierten wir, dass eine neue Spielerin eben etwas sp\u00e4ter nachkommen konnte.<\/p>\n<p>Auf der Anlage in Oberriexingen war ordentlich was los, denn auch unsere erste Herrenmannschaft hatte an diesem Tag ein Heimspiel. Deshalb standen uns leider aber auch nur zwei Pl\u00e4tze zur Verf\u00fcgung, auf denen unsere Neuzug\u00e4nge Huanita Vidicek und Anja Schauer starteten. Huanita gewann ihr Einzel souver\u00e4n mit sensationellen direkten Punkten mit 6:2 6:2 und holte so wichtige LK-Punkte. Auf dem Nebenplatz verlor Anja leider gegen eine unerwartet starke junge Bietigheimerin 1:6 0:6, wobei das Ergebnis die knappen Spielausg\u00e4nge nicht anzeigt. Daraufhin spielte Lorena Sch\u00fcle, nach einem sehr starken ersten und einem verlorenen zweiten Satz setzte sie sich im Match-Tie-Break klar durch (6:4 1:6 10:3). Theresa Heuberger musste gegen die sp\u00e4ter angereiste Bietigheimerin spielen, welche mit ihrer Spielerfahrung nach einem hart umk\u00e4mpften Match, in dem Theresa anfangs f\u00fchrte, schlie\u00dflich gewann (3:6 4:6). Ihre Schwester Vanessa fand auf dem Nebenplatz trotz starker Passierb\u00e4lle keinen Weg, ihre Gegnerin zu bezwingen und verlor 1:6 2:6. Im als letztes begonnenen Match spielte Tammy Streicher und trotz starkem Willen und gro\u00dfer Selbstdisziplin fand sie nicht in ihr Spiel und musste sie sich mit 1:6 0:6 geschlagen geben.<\/p>\n<p>Nach den Einzeln stand es 2:4 aus Sicht der Oberriexinger, weshalb wir alle drei Doppel gewinnen sollten. Jedoch hatten die Bietigheimer eine weitere Spielerin herbei telefoniert, deren hohe Leistungsklasse dadurch best\u00e4tigt wurde, dass sie im gesamten Doppel \u201enur einen Fehler gemacht hat, den Tag markier\u2019 ich mir rot im Kalender!\u201c, so eine Oberriexinger Spielerin. Im Einser-Doppel mussten Huanita und Tammy gegen diesen Bietigheimer Joker antreten und unsere M\u00e4dels konnten immerhin einen Ehrenpunkt erzielen (0:6 1:6). Im zweiten Doppel waren Theresa und Anja gesetzt und verloren, da sie die Schw\u00e4chen der Bietigheimerinnen nicht zu nutzen wussten. Es endete 3:6 0:6. Im dritten Doppel spielte Vanessa mit der nun gek\u00fcrten Match-Tie-Break-K\u00f6nigin Lorena, nat\u00fcrlich spielten die zwei einen Match-Tie-Break, in dem sie sich souver\u00e4n mit insgesamt 6:3 0:6 10:4 durchsetzten.<br \/>\nInsgesamt verlor der TSV Ori mit 3:6. Ob das Ergebnis anders ausgesehen h\u00e4tte, wenn wir die sp\u00e4tere Anreise der Nummer 1 nicht akzeptiert h\u00e4tten, darauf hatten auch Spekulationen auf der gem\u00fctlichen Oberriexinger Clubterrasse keine Antwort ergeben. Auf jeden Fall war es ein toller erster Spieltag, dank einer tollen Mannschaft (inklusive Nina Ropertz, die flei\u00dfig zugeschaut hatte), der Unterst\u00fctzung der Familien, Freunden und des Trainers und der tollen Bewirtung im Tennishaus.<\/p>\n<p>Die n\u00e4chsten Spiele der Damen sind am 21.06. in Ingersheim, am 28.06. in Schwieberdingen und am 05.07. und am 26.07. sind jeweils die Mannschaften aus Hemmingen und Aldingen in Oberriexingen zu Gast. Spielbeginn ist voraussichtlich immer um 14 Uhr. Wer vorbei kommen m\u00f6chte, um tolle Spiele (und auch tolle Outfits) zu sehen, ist herzlich eingeladen. Auf der Oberriexinger Tennisanlage gibt es sonntags bei Spielen f\u00fcr euch G\u00e4ste au\u00dfer tollem Tennis auch immer Kaffee und Kuchen.<\/p>\n<p><span style=\"color: #373e4d; font-family: helvetica, arial, sans-serif; line-height: 15.3599996566772px; white-space: pre-wrap; background-color: #f6f7f8;\">\u00a0<\/span><\/p>\n","protected":false},"excerpt":{"rendered":"<p>Vom 29.06.2015 Verbandsspiel der Damen gegen TC Schwieberdingen II Am Sonntag, den 28.06.2015 bestritten die Damen des TSV Oberriexingen ihr drittes Spiel der Saison in Schwieberdingen. Leider konnten die Spiele nicht wie geplant um 14.00 Uhr beginnen, da uns nicht &hellip; <a href=\"http:\/\/www.tsv-oberriexingen.de\/WP\/tennis\/spielberichte\/\">Weiterlesen <span class=\"meta-nav\">&rarr;<\/span><\/a><\/p>\n","protected":false},"author":111,"featured_media":0,"parent":16,"menu_order":0,"comment_status":"closed","ping_status":"closed","template":"","meta":{"footnotes":""},"class_list":["post-4307","page","type-page","status-publish","hentry"],"_links":{"self":[{"href":"http:\/\/www.tsv-oberriexingen.de\/WP\/wp-json\/wp\/v2\/pages\/4307","targetHints":{"allow":["GET"]}}],"collection":[{"href":"http:\/\/www.tsv-oberriexingen.de\/WP\/wp-json\/wp\/v2\/pages"}],"about":[{"href":"http:\/\/www.tsv-oberriexingen.de\/WP\/wp-json\/wp\/v2\/types\/page"}],"author":[{"embeddable":true,"href":"http:\/\/www.tsv-oberriexingen.de\/WP\/wp-json\/wp\/v2\/users\/111"}],"replies":[{"embeddable":true,"href":"http:\/\/www.tsv-oberriexingen.de\/WP\/wp-json\/wp\/v2\/comments?post=4307"}],"version-history":[{"count":13,"href":"http:\/\/www.tsv-oberriexingen.de\/WP\/wp-json\/wp\/v2\/pages\/4307\/revisions"}],"predecessor-version":[{"id":7461,"href":"http:\/\/www.tsv-oberriexingen.de\/WP\/wp-json\/wp\/v2\/pages\/4307\/revisions\/7461"}],"up":[{"embeddable":true,"href":"http:\/\/www.tsv-oberriexingen.de\/WP\/wp-json\/wp\/v2\/pages\/16"}],"wp:attachment":[{"href":"http:\/\/www.tsv-oberriexingen.de\/WP\/wp-json\/wp\/v2\/media?parent=4307"}],"curies":[{"name":"wp","href":"https:\/\/api.w.org\/{rel}","templated":true}]}}