{"id":46,"date":"2012-11-07T20:25:31","date_gmt":"2012-11-07T19:25:31","guid":{"rendered":"http:\/\/wp1081102.wp115.webpack.hosteurope.de\/WP\/?page_id=46"},"modified":"2018-10-04T18:47:16","modified_gmt":"2018-10-04T16:47:16","slug":"das-fusballhaus","status":"publish","type":"page","link":"http:\/\/www.tsv-oberriexingen.de\/WP\/fusball\/das-fusballhaus\/","title":{"rendered":"Das Fu\u00dfballhaus"},"content":{"rendered":"<p><a href=\"http:\/\/www.tsv-oberriexingen.de\/WP\/fusball\/das-fusballhaus\/2009_haus01_web\/\" rel=\"attachment wp-att-51\"><img loading=\"lazy\" decoding=\"async\" class=\"alignnone wp-image-51\" title=\"Das Fu\u00dfballhaus am alten Sportplatz\" src=\"http:\/\/www.tsv-oberriexingen.de\/WP\/wp-content\/uploads\/2012\/11\/2009_Haus01_web-600x453.jpg\" alt=\"\" width=\"384\" height=\"290\" srcset=\"http:\/\/www.tsv-oberriexingen.de\/WP\/wp-content\/uploads\/2012\/11\/2009_Haus01_web-600x453.jpg 600w, http:\/\/www.tsv-oberriexingen.de\/WP\/wp-content\/uploads\/2012\/11\/2009_Haus01_web-300x226.jpg 300w, http:\/\/www.tsv-oberriexingen.de\/WP\/wp-content\/uploads\/2012\/11\/2009_Haus01_web-198x150.jpg 198w, http:\/\/www.tsv-oberriexingen.de\/WP\/wp-content\/uploads\/2012\/11\/2009_Haus01_web.jpg 635w\" sizes=\"auto, (max-width: 384px) 100vw, 384px\" \/><\/a><\/p>\n<p>TSV Oberriexingen Fu\u00dfball-Vereinsheim M\u00fchlstra\u00dfe 25<br \/>\n\u00d6ffnungszeiten:<\/p>\n<ul>\n<li>Das Fu\u00dfball-Vereinsheim ist Dienstags und Donnerstags ab 19.00 Uhr<\/li>\n<li>Und bei allen Heimspielen unserer Mannschaften ge\u00f6ffnet.<\/li>\n<li>Sowie an Bundesligaspieltagen, Samstags ab 15.00 Uhr.<\/li>\n<\/ul>\n<p><a href=\"http:\/\/www.tsv-oberriexingen.de\/WP\/fusball\/das-fusballhaus\/2009_haus02_web\/\" target=\"_blank\" rel=\"attachment wp-att-52 noopener noreferrer\"><img loading=\"lazy\" decoding=\"async\" class=\" wp-image-52 alignnone\" title=\"Bewirtung am neuen Sportplatz\" src=\"http:\/\/www.tsv-oberriexingen.de\/WP\/wp-content\/uploads\/2012\/11\/2009_Haus02_web.jpg\" alt=\"\" width=\"414\" height=\"311\" srcset=\"http:\/\/www.tsv-oberriexingen.de\/WP\/wp-content\/uploads\/2012\/11\/2009_Haus02_web.jpg 640w, http:\/\/www.tsv-oberriexingen.de\/WP\/wp-content\/uploads\/2012\/11\/2009_Haus02_web-300x225.jpg 300w, http:\/\/www.tsv-oberriexingen.de\/WP\/wp-content\/uploads\/2012\/11\/2009_Haus02_web-600x450.jpg 600w, http:\/\/www.tsv-oberriexingen.de\/WP\/wp-content\/uploads\/2012\/11\/2009_Haus02_web-200x150.jpg 200w\" sizes=\"auto, (max-width: 414px) 100vw, 414px\" \/><\/a><\/p>\n<p>&nbsp;<\/p>\n","protected":false},"excerpt":{"rendered":"<p>TSV Oberriexingen Fu\u00dfball-Vereinsheim M\u00fchlstra\u00dfe 25 \u00d6ffnungszeiten: Das Fu\u00dfball-Vereinsheim ist Dienstags und Donnerstags ab 19.00 Uhr Und bei allen Heimspielen unserer Mannschaften ge\u00f6ffnet. Sowie an Bundesligaspieltagen, Samstags ab 15.00 Uhr. &nbsp;<\/p>\n","protected":false},"author":8,"featured_media":0,"parent":12,"menu_order":0,"comment_status":"closed","ping_status":"closed","template":"","meta":{"footnotes":""},"class_list":["post-46","page","type-page","status-publish","hentry"],"_links":{"self":[{"href":"http:\/\/www.tsv-oberriexingen.de\/WP\/wp-json\/wp\/v2\/pages\/46","targetHints":{"allow":["GET"]}}],"collection":[{"href":"http:\/\/www.tsv-oberriexingen.de\/WP\/wp-json\/wp\/v2\/pages"}],"about":[{"href":"http:\/\/www.tsv-oberriexingen.de\/WP\/wp-json\/wp\/v2\/types\/page"}],"author":[{"embeddable":true,"href":"http:\/\/www.tsv-oberriexingen.de\/WP\/wp-json\/wp\/v2\/users\/8"}],"replies":[{"embeddable":true,"href":"http:\/\/www.tsv-oberriexingen.de\/WP\/wp-json\/wp\/v2\/comments?post=46"}],"version-history":[{"count":22,"href":"http:\/\/www.tsv-oberriexingen.de\/WP\/wp-json\/wp\/v2\/pages\/46\/revisions"}],"predecessor-version":[{"id":6302,"href":"http:\/\/www.tsv-oberriexingen.de\/WP\/wp-json\/wp\/v2\/pages\/46\/revisions\/6302"}],"up":[{"embeddable":true,"href":"http:\/\/www.tsv-oberriexingen.de\/WP\/wp-json\/wp\/v2\/pages\/12"}],"wp:attachment":[{"href":"http:\/\/www.tsv-oberriexingen.de\/WP\/wp-json\/wp\/v2\/media?parent=46"}],"curies":[{"name":"wp","href":"https:\/\/api.w.org\/{rel}","templated":true}]}}