{"id":549,"date":"2012-11-29T16:33:41","date_gmt":"2012-11-29T15:33:41","guid":{"rendered":"http:\/\/wp1081102.wp115.webpack.hosteurope.de\/WP\/?page_id=549"},"modified":"2023-09-24T09:23:16","modified_gmt":"2023-09-24T07:23:16","slug":"mannschaften","status":"publish","type":"page","link":"http:\/\/www.tsv-oberriexingen.de\/WP\/fusball\/mannschaften\/","title":{"rendered":"Mannschaften"},"content":{"rendered":"<p>Saison 2015\/16:<\/p>\n<h2 id=\"page-title\" class=\"page__title title\">Neue Spielgemeinschaft bei den Aktiven<\/h2>\n<p>Dem Antrag der beiden befreundeten Vereine TSV Unterriexingen und TSV Oberriexingen auf Bildung einer Spielgemeinschaft im aktiven Bereich zur neuen Saison 2015\/2016 wurde durch den WFV, den Bezirk Enz\/Murr sowie den Verbandsspielausschuss insoweit entsprochen, dass nunmehr folgende Spielgemeinschaften gebildet wurden: <strong>SGM Riexingen I<\/strong> und <strong>SGM Riexingen II<\/strong>. Zus\u00e4tzlich wird die Mannschaft <strong>TSV Unterriexingen I<\/strong> f\u00fcr die kommende Saison noch unter dem bisherigen Namen antreten.<\/p>\n<p>Mehr dazu auf der website <a href=\"http:\/\/www.tsv-unterriexingen.de\/\" target=\"_blank\" rel=\"noopener noreferrer\">unterriexingen.de<\/a><\/p>\n<p><a href=\"http:\/\/www.tsv-oberriexingen.de\/WP\/trainingszeiten-jugendfussball\/\">Organisation Jugendfu\u00dfball<\/a><\/p>\n<p>Spielpl\u00e4ne und Spielergebnisse der TSV-Mannschaften k\u00f6nnen \u00fcber <a title=\"Spilepl\u00e4ne und Tabellen auf fussball.de\" href=\"http:\/\/www.fussball.de\/verein\/tsv-oberriexingen-wuerttemberg\/-\/id\/00ES8GNAVO0000CFVV0AG08LVUPGND5I#!\/section\/mediastream\" target=\"_blank\" rel=\"noopener noreferrer\">fussball.de<\/a> aufgerufen werden.<\/p>\n","protected":false},"excerpt":{"rendered":"<p>Saison 2015\/16: Neue Spielgemeinschaft bei den Aktiven Dem Antrag der beiden befreundeten Vereine TSV Unterriexingen und TSV Oberriexingen auf Bildung einer Spielgemeinschaft im aktiven Bereich zur neuen Saison 2015\/2016 wurde durch den WFV, den Bezirk Enz\/Murr sowie den Verbandsspielausschuss insoweit &hellip; <a href=\"http:\/\/www.tsv-oberriexingen.de\/WP\/fusball\/mannschaften\/\">Weiterlesen <span class=\"meta-nav\">&rarr;<\/span><\/a><\/p>\n","protected":false},"author":8,"featured_media":0,"parent":12,"menu_order":0,"comment_status":"closed","ping_status":"closed","template":"","meta":{"footnotes":""},"class_list":["post-549","page","type-page","status-publish","hentry"],"_links":{"self":[{"href":"http:\/\/www.tsv-oberriexingen.de\/WP\/wp-json\/wp\/v2\/pages\/549","targetHints":{"allow":["GET"]}}],"collection":[{"href":"http:\/\/www.tsv-oberriexingen.de\/WP\/wp-json\/wp\/v2\/pages"}],"about":[{"href":"http:\/\/www.tsv-oberriexingen.de\/WP\/wp-json\/wp\/v2\/types\/page"}],"author":[{"embeddable":true,"href":"http:\/\/www.tsv-oberriexingen.de\/WP\/wp-json\/wp\/v2\/users\/8"}],"replies":[{"embeddable":true,"href":"http:\/\/www.tsv-oberriexingen.de\/WP\/wp-json\/wp\/v2\/comments?post=549"}],"version-history":[{"count":9,"href":"http:\/\/www.tsv-oberriexingen.de\/WP\/wp-json\/wp\/v2\/pages\/549\/revisions"}],"predecessor-version":[{"id":7922,"href":"http:\/\/www.tsv-oberriexingen.de\/WP\/wp-json\/wp\/v2\/pages\/549\/revisions\/7922"}],"up":[{"embeddable":true,"href":"http:\/\/www.tsv-oberriexingen.de\/WP\/wp-json\/wp\/v2\/pages\/12"}],"wp:attachment":[{"href":"http:\/\/www.tsv-oberriexingen.de\/WP\/wp-json\/wp\/v2\/media?parent=549"}],"curies":[{"name":"wp","href":"https:\/\/api.w.org\/{rel}","templated":true}]}}