{"id":559,"date":"2012-11-29T16:39:21","date_gmt":"2012-11-29T15:39:21","guid":{"rendered":"http:\/\/wp1081102.wp115.webpack.hosteurope.de\/WP\/?page_id=559"},"modified":"2018-10-04T18:49:13","modified_gmt":"2018-10-04T16:49:13","slug":"fusball-ah","status":"publish","type":"page","link":"http:\/\/www.tsv-oberriexingen.de\/WP\/fusball\/mannschaften\/fusball-ah\/","title":{"rendered":"Fu\u00dfball-AH"},"content":{"rendered":"<p>Ansprechpartner:<br \/>\nAttila Trenka und Martin Essich<br \/>\nKontakt: Sporthalle M\u00fchlstr. 25, Fon: 0 70 42 \/ 97 81 00<br \/>\nSportplatz M\u00fchlstr. 29, Fon: 0 70 42 \/ 65 05<\/p>\n<p><a href=\"http:\/\/www.tsv-oberriexingen.de\/WP\/fusball\/mannschaften\/fusball-ah\/olympus-digital-camera\/\" rel=\"attachment wp-att-1005\"><img loading=\"lazy\" decoding=\"async\" class=\"alignleft size-medium wp-image-1005\" src=\"http:\/\/www.tsv-oberriexingen.de\/WP\/wp-content\/uploads\/2012\/11\/ah-2007-300x224.jpg\" alt=\"OLYMPUS DIGITAL CAMERA\" width=\"300\" height=\"224\" srcset=\"http:\/\/www.tsv-oberriexingen.de\/WP\/wp-content\/uploads\/2012\/11\/ah-2007-300x224.jpg 300w, http:\/\/www.tsv-oberriexingen.de\/WP\/wp-content\/uploads\/2012\/11\/ah-2007-200x150.jpg 200w, http:\/\/www.tsv-oberriexingen.de\/WP\/wp-content\/uploads\/2012\/11\/ah-2007.jpg 350w\" sizes=\"auto, (max-width: 300px) 100vw, 300px\" \/><\/a>Trainingszeiten und -orte:<br \/>\nSommersaison (April &#8211; Oktober):<br \/>\nDonnerstag 19.30 &#8211; 21.00 Uhr<br \/>\nWintersaison (November &#8211; M\u00e4rz):<br \/>\nDonnerstag 20.30 &#8211; 22.00 Uhr<br \/>\nSommerpause (August):<br \/>\nDonnerstag ab ca. 19.30 Uhr<br \/>\nRadfahren, Beach-Volleyball o.\u00e4 (Treffpunkt Sportplatz)<\/p>\n<p>Wir trainieren in eigener Regie.<br \/>\nSpa\u00df und Kameradschaft wiegen bei uns mindestens so viel wie sportlicher Erfolg. Die Begegnungen mit anderen Mannschaften nehmen wir als Freundschaftsspiele wahr.<\/p>\n<p>Fu\u00dfballer, die ab 30 eher Erfahrung als Schnelligkeit und Kraft einsetzen wollen, sind bei uns immer willkommen. Da spielt es dann auch keine Rolle, wenn Sie Bundesliganiveau nicht ganz erreichen!<\/p>\n<h3>Und wer schon eine Weile dabei ist, der wird folgenden Leits\u00e4tzen zustimmen:<\/h3>\n<p><em>Fu\u00dfballspielen ist f\u00fcr uns die zweitsch\u00f6nste Sache der Welt.<br \/>\nWir siegen gerne, aber auch nach Niederlagen k\u00f6nnen wir noch Witze machen.<br \/>\nWir halten die Kameradschaft hoch und die B\u00e4lle (meistens) flach.<br \/>\nWir achten unsere Gegner, aber laufen ihnen nur hinterher, wenn sie den Ball haben.<br \/>\nSchiedsrichter sind unsere besten Freunde!<\/em><\/p>\n<p>22. September 2007<\/p>\n<p><a href=\"http:\/\/www.tsv-oberriexingen.de\/WP\/fusball\/mannschaften\/fusball-ah\/ah-sept07-eisenach-ori\/\" rel=\"attachment wp-att-1006\"><img loading=\"lazy\" decoding=\"async\" class=\"alignleft size-medium wp-image-1006\" src=\"http:\/\/www.tsv-oberriexingen.de\/WP\/wp-content\/uploads\/2012\/11\/ah-sept07-eisenach-ori-300x159.jpg\" alt=\"ah-sept07-eisenach-ori\" width=\"300\" height=\"159\" srcset=\"http:\/\/www.tsv-oberriexingen.de\/WP\/wp-content\/uploads\/2012\/11\/ah-sept07-eisenach-ori-300x159.jpg 300w, http:\/\/www.tsv-oberriexingen.de\/WP\/wp-content\/uploads\/2012\/11\/ah-sept07-eisenach-ori-200x106.jpg 200w, http:\/\/www.tsv-oberriexingen.de\/WP\/wp-content\/uploads\/2012\/11\/ah-sept07-eisenach-ori-250x132.jpg 250w, http:\/\/www.tsv-oberriexingen.de\/WP\/wp-content\/uploads\/2012\/11\/ah-sept07-eisenach-ori.jpg 600w\" sizes=\"auto, (max-width: 300px) 100vw, 300px\" \/><\/a><br \/>\n<em>Spiel (AH) Oberriexingen &#8211; Eisenach (3 : 1)<\/em><\/p>\n","protected":false},"excerpt":{"rendered":"<p>Ansprechpartner: Attila Trenka und Martin Essich Kontakt: Sporthalle M\u00fchlstr. 25, Fon: 0 70 42 \/ 97 81 00 Sportplatz M\u00fchlstr. 29, Fon: 0 70 42 \/ 65 05 Trainingszeiten und -orte: Sommersaison (April &#8211; Oktober): Donnerstag 19.30 &#8211; 21.00 Uhr &hellip; <a href=\"http:\/\/www.tsv-oberriexingen.de\/WP\/fusball\/mannschaften\/fusball-ah\/\">Weiterlesen <span class=\"meta-nav\">&rarr;<\/span><\/a><\/p>\n","protected":false},"author":8,"featured_media":0,"parent":549,"menu_order":4,"comment_status":"closed","ping_status":"closed","template":"","meta":{"footnotes":""},"class_list":["post-559","page","type-page","status-publish","hentry"],"_links":{"self":[{"href":"http:\/\/www.tsv-oberriexingen.de\/WP\/wp-json\/wp\/v2\/pages\/559","targetHints":{"allow":["GET"]}}],"collection":[{"href":"http:\/\/www.tsv-oberriexingen.de\/WP\/wp-json\/wp\/v2\/pages"}],"about":[{"href":"http:\/\/www.tsv-oberriexingen.de\/WP\/wp-json\/wp\/v2\/types\/page"}],"author":[{"embeddable":true,"href":"http:\/\/www.tsv-oberriexingen.de\/WP\/wp-json\/wp\/v2\/users\/8"}],"replies":[{"embeddable":true,"href":"http:\/\/www.tsv-oberriexingen.de\/WP\/wp-json\/wp\/v2\/comments?post=559"}],"version-history":[{"count":24,"href":"http:\/\/www.tsv-oberriexingen.de\/WP\/wp-json\/wp\/v2\/pages\/559\/revisions"}],"predecessor-version":[{"id":6305,"href":"http:\/\/www.tsv-oberriexingen.de\/WP\/wp-json\/wp\/v2\/pages\/559\/revisions\/6305"}],"up":[{"embeddable":true,"href":"http:\/\/www.tsv-oberriexingen.de\/WP\/wp-json\/wp\/v2\/pages\/549"}],"wp:attachment":[{"href":"http:\/\/www.tsv-oberriexingen.de\/WP\/wp-json\/wp\/v2\/media?parent=559"}],"curies":[{"name":"wp","href":"https:\/\/api.w.org\/{rel}","templated":true}]}}