{"id":651,"date":"2012-11-29T21:07:46","date_gmt":"2012-11-29T20:07:46","guid":{"rendered":"http:\/\/wp1081102.wp115.webpack.hosteurope.de\/WP\/?page_id=651"},"modified":"2022-11-23T08:59:31","modified_gmt":"2022-11-23T07:59:31","slug":"tennisjugend","status":"publish","type":"page","link":"http:\/\/www.tsv-oberriexingen.de\/WP\/tennis\/tennisjugend\/","title":{"rendered":"Tennisjugend"},"content":{"rendered":"<p><strong>Tennisjugendcamp 2015:<\/strong><\/p>\n<p><a href=\"http:\/\/www.tsv-oberriexingen.de\/WP\/wp-content\/uploads\/2012\/11\/tjc_1.jpg\"><img loading=\"lazy\" decoding=\"async\" class=\"alignnone wp-image-4808\" src=\"http:\/\/www.tsv-oberriexingen.de\/WP\/wp-content\/uploads\/2012\/11\/tjc_1-300x225.jpg\" alt=\"tjc_1\" width=\"605\" height=\"453\" srcset=\"http:\/\/www.tsv-oberriexingen.de\/WP\/wp-content\/uploads\/2012\/11\/tjc_1-300x225.jpg 300w, http:\/\/www.tsv-oberriexingen.de\/WP\/wp-content\/uploads\/2012\/11\/tjc_1-200x150.jpg 200w, http:\/\/www.tsv-oberriexingen.de\/WP\/wp-content\/uploads\/2012\/11\/tjc_1-600x450.jpg 600w, http:\/\/www.tsv-oberriexingen.de\/WP\/wp-content\/uploads\/2012\/11\/tjc_1-150x113.jpg 150w\" sizes=\"auto, (max-width: 605px) 100vw, 605px\" \/><\/a><\/p>\n<p>Dieses Jahr fand das Tennisjugendcamp in Oberriexingen zum 26. Mal. statt. Mit \u00fcber 40 Kindern war es mehr als ausgebucht, doch alle Kinder waren sofort still, als Cheftrainer Sascha Wennagel sagte: \u201eDie leiseste Gruppe ist beim Essen zuerst dran\u201c. Das klappte jedes Mal. Nachdem an die Anf\u00e4nger Schl\u00e4ger verteilt waren, ging es am Donnerstag, den 30.07.2015 p\u00fcnktlich um neun Uhr los. Die sechs Gruppen malten ihre Gruppenfahnen und gaben sich Namen wie \u201eDie Tennisteufel\u201c oder einfach \u201eGruppe 4\u201c. Die Sechs- und Siebenj\u00e4hrigen nannten sich \u201eTenisklup\u201c. Dann starteten wir mit dem Training nach Plan. Die vereinseigenen Trainer Mario Rieger, Theresa Heuberger, Jessica Hartmann und Bianca Sch\u00fcle sowie die beiden Vaihinger Tim Geyer und Pascal Gerlich stellten zusammen mit dem Cheftrainer ein tolles Training auf die Beine, von Sprinten an der Enz bis M\u00e4xlespielen war alles dabei. Besonderer Beliebtheit erfreute sich dieses Jahr das Spiel U-Boot, bei dem man sich auf das Feld auf den Boden setzen musste, wenn man einen Fehler gemacht hatte. Voller Einsatz, da wird eben auch mal der ein oder andere wei\u00dfe Tennisrock eingesaut. Bei den Anf\u00e4ngern fingen wir erst einmal mit leichten \u00dcbungen wie den Ball mit dem Schl\u00e4ger auf den Boden zu prellen an: \u201eWer schafft es f\u00fcnf Mal?\u201c \u2013 \u201eIch hab schon elf!\u201c \u2013 \u201eIch f\u00fcnfundzwanzig!\u201c \u2013 \u201eUnd ich hab hundertachtzigtausend!\u201c So wurde auch bei den kleinsten der Ehrgeiz geweckt.<\/p>\n<p>Unterbrochen wurden die Trainingseinheiten durch Pausen, in denen sich das neue K\u00fcchenteam nicht lumpen lie\u00df und tischte wieder ein tolles Fr\u00fchst\u00fcck sowie Mittagessen auf.<\/p>\n<p><a href=\"http:\/\/www.tsv-oberriexingen.de\/WP\/wp-content\/uploads\/2012\/11\/tjc_2.jpg\"><img loading=\"lazy\" decoding=\"async\" class=\"alignnone size-medium wp-image-4809\" src=\"http:\/\/www.tsv-oberriexingen.de\/WP\/wp-content\/uploads\/2012\/11\/tjc_2-300x169.jpg\" alt=\"tjc_2\" width=\"300\" height=\"169\" srcset=\"http:\/\/www.tsv-oberriexingen.de\/WP\/wp-content\/uploads\/2012\/11\/tjc_2-300x169.jpg 300w, http:\/\/www.tsv-oberriexingen.de\/WP\/wp-content\/uploads\/2012\/11\/tjc_2-200x113.jpg 200w, http:\/\/www.tsv-oberriexingen.de\/WP\/wp-content\/uploads\/2012\/11\/tjc_2-600x338.jpg 600w, http:\/\/www.tsv-oberriexingen.de\/WP\/wp-content\/uploads\/2012\/11\/tjc_2-250x141.jpg 250w, http:\/\/www.tsv-oberriexingen.de\/WP\/wp-content\/uploads\/2012\/11\/tjc_2-150x84.jpg 150w\" sizes=\"auto, (max-width: 300px) 100vw, 300px\" \/><\/a><a href=\"http:\/\/www.tsv-oberriexingen.de\/WP\/wp-content\/uploads\/2012\/11\/tjc_3.jpg\"><img loading=\"lazy\" decoding=\"async\" class=\"alignnone size-medium wp-image-4810\" src=\"http:\/\/www.tsv-oberriexingen.de\/WP\/wp-content\/uploads\/2012\/11\/tjc_3-300x169.jpg\" alt=\"tjc_3\" width=\"300\" height=\"169\" srcset=\"http:\/\/www.tsv-oberriexingen.de\/WP\/wp-content\/uploads\/2012\/11\/tjc_3-300x169.jpg 300w, http:\/\/www.tsv-oberriexingen.de\/WP\/wp-content\/uploads\/2012\/11\/tjc_3-200x113.jpg 200w, http:\/\/www.tsv-oberriexingen.de\/WP\/wp-content\/uploads\/2012\/11\/tjc_3-600x338.jpg 600w, http:\/\/www.tsv-oberriexingen.de\/WP\/wp-content\/uploads\/2012\/11\/tjc_3-250x141.jpg 250w, http:\/\/www.tsv-oberriexingen.de\/WP\/wp-content\/uploads\/2012\/11\/tjc_3-150x84.jpg 150w\" sizes=\"auto, (max-width: 300px) 100vw, 300px\" \/><\/a><\/p>\n<p>Getr\u00e4nke gab es dazu reichlich, wie in den Jahren zuvor wurden wir von der Firma Winkels (alwa, Fontanis) gesponsert. Gl\u00fccklicherweise hielt das Wetter und sp\u00e4testens am zweiten Tag fragten die Kids: \u201eWann sprengst du den Platz denn?\u201c, womit die Beregnungsanlage gemeint war. Denn in der Mittagspause waren alle Kinder sofort wieder auf dem Platz, spielten Doppel, M\u00e4xle oder rannten eben unter den Sprenzern durch.<\/p>\n<p><a href=\"http:\/\/www.tsv-oberriexingen.de\/WP\/wp-content\/uploads\/2012\/11\/tjc_4.jpg\"><img loading=\"lazy\" decoding=\"async\" class=\"alignnone wp-image-4811\" src=\"http:\/\/www.tsv-oberriexingen.de\/WP\/wp-content\/uploads\/2012\/11\/tjc_4-300x169.jpg\" alt=\"tjc_4\" width=\"600\" height=\"338\" srcset=\"http:\/\/www.tsv-oberriexingen.de\/WP\/wp-content\/uploads\/2012\/11\/tjc_4-300x169.jpg 300w, http:\/\/www.tsv-oberriexingen.de\/WP\/wp-content\/uploads\/2012\/11\/tjc_4-200x113.jpg 200w, http:\/\/www.tsv-oberriexingen.de\/WP\/wp-content\/uploads\/2012\/11\/tjc_4-600x338.jpg 600w, http:\/\/www.tsv-oberriexingen.de\/WP\/wp-content\/uploads\/2012\/11\/tjc_4-250x141.jpg 250w, http:\/\/www.tsv-oberriexingen.de\/WP\/wp-content\/uploads\/2012\/11\/tjc_4-150x84.jpg 150w\" sizes=\"auto, (max-width: 600px) 100vw, 600px\" \/><\/a><\/p>\n<p>Zwischendurch bastelten die Kids, unter der Leitung von Beate und Svenja M\u00e4rz konnten sie Stoffbeutel, zum Beispiel f\u00fcr Tennisschuhe, sch\u00f6n gestalten und am Ende des Camps wie gewohnt mit nach Hause nehmen. Am letzten Tag brachten einige Eltern Kuchen und Muffins, vielen Dank f\u00fcr die Bereitschaft, und beim Essen wurde dann der Lob- und Kummerkasten verlesen: \u201eDas Tenniscamp sollte eine Woche gehen\u201c oder \u201ePascal bester Trainer\u201c.<\/p>\n<p>Die organisatorische Verantwortung lag bei diesem Tenniscamp \u00fcbergangsweise bei Theresa Heuberger, die von einem K\u00fcchenteam aus Susanne Zelch, Dorit Wiedenmann, Helene Zimmermann, Vanessa und Regina Heuberger und Christa Oprisch unterst\u00fctzt wurde. Dieses K\u00fcchenteam wiederum wurde von Corinna Grams unterst\u00fctzt, die mit ihrer Erfahrung zur Seite stand. Vielen Dank euch und dem Bastelteam (s. o.) f\u00fcr euren Einsatz.<\/p>\n<p><a href=\"http:\/\/www.tsv-oberriexingen.de\/WP\/wp-content\/uploads\/2012\/11\/tjc_5.jpg\"><img loading=\"lazy\" decoding=\"async\" class=\"alignnone wp-image-4812\" src=\"http:\/\/www.tsv-oberriexingen.de\/WP\/wp-content\/uploads\/2012\/11\/tjc_5-300x169.jpg\" alt=\"tjc_5\" width=\"607\" height=\"342\" srcset=\"http:\/\/www.tsv-oberriexingen.de\/WP\/wp-content\/uploads\/2012\/11\/tjc_5-300x169.jpg 300w, http:\/\/www.tsv-oberriexingen.de\/WP\/wp-content\/uploads\/2012\/11\/tjc_5-200x113.jpg 200w, http:\/\/www.tsv-oberriexingen.de\/WP\/wp-content\/uploads\/2012\/11\/tjc_5-600x338.jpg 600w, http:\/\/www.tsv-oberriexingen.de\/WP\/wp-content\/uploads\/2012\/11\/tjc_5-250x141.jpg 250w, http:\/\/www.tsv-oberriexingen.de\/WP\/wp-content\/uploads\/2012\/11\/tjc_5-150x84.jpg 150w\" sizes=\"auto, (max-width: 607px) 100vw, 607px\" \/><\/a><\/p>\n<p>Au\u00dferdem gilt ein Dank den Helfern, die beim Auf- und Abbau geholfen haben und auch Timo Peters, der sich um das Sponsoring gek\u00fcmmert hat. Das Tenniscamp war dieses Jahr also gewisserma\u00dfen ein Teamprojekt und f\u00fcr dieses einmalige Engagement werden auch im n\u00e4chsten Jahr wieder Helfer gesucht werden. Engagiert euch! Denn nur durch freiwillige Helfer k\u00f6nnen f\u00fcr die Kinder so sch\u00f6ne Tage und f\u00fcr den Verein so belebende Veranstaltungen \u00fcberhaupt stattfinden.<\/p>\n<p>&#8212;&#8212;&#8212;&#8212;&#8212;&#8212;&#8212;&#8212;&#8212;&#8212;&#8212;&#8212;&#8212;&#8212;&#8212;&#8212;&#8212;&#8212;&#8212;&#8212;&#8212;&#8212;&#8212;&#8212;&#8212;&#8212;&#8212;&#8212;&#8212;&#8212;&#8212;&#8212;&#8212;&#8212;<\/p>\n<p>In der TSV-Tennisabteilung wird eine intensive Jugendarbeit betrieben. Von den ca. 140 Mitgliedern sind mehr als ein Drittel unter 18 Jahre alt. Die Aufgaben der Jugendleitung werden zur Zeit von\u00a0Vera Lehner\u00a0wahrgenommen, als Jugendvertreter wurden im April 2014 Jessica Hartmann und Fabian May gew\u00e4hlt. Die Jugendvertreter sind die direkten Ansprechpartner f\u00fcr alle Kinder und Jugendlichen der Abteilung. Sie sind auch st\u00e4ndige, voll stimmberechtigte Mitglieder des Abteilungsausschusses und haben damit die M\u00f6glichkeit die Interessen der Jugendlichen in diesem Gremium zu vertreten und aktiv an Prozessen und Entscheidungen, die die ganze Abteilung betreffen, mitzuwirken.<\/p>\n<p><strong>Spielberechtigung f\u00fcr Jugendliche am Abend<\/strong><\/p>\n<p>Die meisten erwachsenen Abteilungsmitglieder, aber auch viele Jugendliche wissen nicht, dass es seit mehreren Jahren eine vom Abteilungsausschluss und in der Mitgliederversammlung best\u00e4tigte Regelung gibt, dass die f\u00fcr die Kinder und Jugendlichen auch am Abend nach 18:00 ein Platz zum freien Spiel zur Verf\u00fcgung steht (au\u00dfer am Clubabend &#8211; dienstags ab 17:30 Uhr). Das hei\u00dft also, Kinder und Jugendliche d\u00fcrfen mit ruhigem Gewissen die langen Sommerabende nutzen.<\/p>\n<p>Wenn mehere Pl\u00e4tze frei sind kann nat\u00fcrlich auch auf denen gespielt werden. Sollte der Andrang auf die Pl\u00e4tze gro\u00df sein, haben Jugendliche aber wie gesagt auf jeden Fall das Recht auf einem Platz weiter zu spielen.<\/p>\n<p>Voraussetzung ist nat\u00fcrlich, dass man sich ordnungsgem\u00e4\u00df in die Platzliste eingetragen hat.<\/p>\n","protected":false},"excerpt":{"rendered":"<p>Tennisjugendcamp 2015: Dieses Jahr fand das Tennisjugendcamp in Oberriexingen zum 26. Mal. statt. Mit \u00fcber 40 Kindern war es mehr als ausgebucht, doch alle Kinder waren sofort still, als Cheftrainer Sascha Wennagel sagte: \u201eDie leiseste Gruppe ist beim Essen zuerst &hellip; <a href=\"http:\/\/www.tsv-oberriexingen.de\/WP\/tennis\/tennisjugend\/\">Weiterlesen <span class=\"meta-nav\">&rarr;<\/span><\/a><\/p>\n","protected":false},"author":2,"featured_media":0,"parent":16,"menu_order":0,"comment_status":"closed","ping_status":"closed","template":"","meta":{"footnotes":""},"class_list":["post-651","page","type-page","status-publish","hentry"],"_links":{"self":[{"href":"http:\/\/www.tsv-oberriexingen.de\/WP\/wp-json\/wp\/v2\/pages\/651","targetHints":{"allow":["GET"]}}],"collection":[{"href":"http:\/\/www.tsv-oberriexingen.de\/WP\/wp-json\/wp\/v2\/pages"}],"about":[{"href":"http:\/\/www.tsv-oberriexingen.de\/WP\/wp-json\/wp\/v2\/types\/page"}],"author":[{"embeddable":true,"href":"http:\/\/www.tsv-oberriexingen.de\/WP\/wp-json\/wp\/v2\/users\/2"}],"replies":[{"embeddable":true,"href":"http:\/\/www.tsv-oberriexingen.de\/WP\/wp-json\/wp\/v2\/comments?post=651"}],"version-history":[{"count":14,"href":"http:\/\/www.tsv-oberriexingen.de\/WP\/wp-json\/wp\/v2\/pages\/651\/revisions"}],"predecessor-version":[{"id":7451,"href":"http:\/\/www.tsv-oberriexingen.de\/WP\/wp-json\/wp\/v2\/pages\/651\/revisions\/7451"}],"up":[{"embeddable":true,"href":"http:\/\/www.tsv-oberriexingen.de\/WP\/wp-json\/wp\/v2\/pages\/16"}],"wp:attachment":[{"href":"http:\/\/www.tsv-oberriexingen.de\/WP\/wp-json\/wp\/v2\/media?parent=651"}],"curies":[{"name":"wp","href":"https:\/\/api.w.org\/{rel}","templated":true}]}}