{"id":6553,"date":"2017-09-18T15:47:31","date_gmt":"2017-09-18T13:47:31","guid":{"rendered":"http:\/\/www.tsv-oberriexingen.de\/WP\/?page_id=6553"},"modified":"2025-07-28T21:43:56","modified_gmt":"2025-07-28T19:43:56","slug":"trainingszeiten-jugendfussball","status":"publish","type":"page","link":"http:\/\/www.tsv-oberriexingen.de\/WP\/trainingszeiten-jugendfussball\/","title":{"rendered":"Organisation des Jugendfu\u00dfballs in der SGM Riexingen und Ansprechpartner"},"content":{"rendered":"<p>Link zu den Spielpl\u00e4nen aller Mannschaften: <a href=\"http:\/\/www.fussball.de\/verein\/tsv-oberriexingen-wuerttemberg\/-\/id\/00ES8GNAVO0000CFVV0AG08LVUPGND5I#%21\/\" target=\"_blank\" rel=\"noopener noreferrer\">Fussball.de \/TSV Oberriexingen<\/a><\/p>\n<p>Link zu den <a href=\"http:\/\/www.tsv-oberriexingen.de\/WP\/hallen-trainingszeiten-jugendfussball-2021-2022\/\">Trainingszeiten<\/a> f\u00fcr den Sommer und Winter<\/p>\n<p>Seit 2016 gibt es den Zusammenschluss der Fu\u00dfballabteilungen des TSV Unterriexingen und des TSV Oberriexingen zur SGM Riexingen im gesamten Jugendbereich von den Bambinis bis zur A-Jugend. Seit 2017 besteht im oberen Jugendbereich die um den FV Markgr\u00f6ningen erweiterte SGM Markgr\u00f6ningen-Riexingen, aktuell von der C- bis zur A-Jugend. Die Jugendleiter der drei Vereine bilden das Jugendleiterteam der SGM. Ansprechpartner beim TSV Oberriexingen ist:<\/p>\n<p>Kristin K\u00fchnle TSV Oberriexingen (<a href=\"mailto:jugendfussball@tsv-oberriexingen.de\" target=\"_blank\" rel=\"noopener\">jugendfussball@tsv-<wbr \/>oberriexingen.de<\/a>)<\/p>\n<p>F\u00fcr die Betreuung und Meldung der einzelnen Mannschaften gibt es f\u00fcr jede Jugend einen Hauptverantwortlichen Jugendleiter aus einem der 3 Vereine. Aktuell sind die Zust\u00e4ndigkeiten folgenderma\u00dfen:<\/p>\n<p>Bambinis TSV Oberriexingen<br \/>\nF-Jugend TSV Oberriexingen<br \/>\nE-Jugend TSV Unterriexingen<br \/>\nD-Jugend TSV Unterriexingen<br \/>\nC-Jugend TSV Oberriexingen<br \/>\nB-Jugend TSV Unterriexingen<br \/>\nA-Jugend FV Markgr\u00f6ningen<\/p>\n<p><em><strong>Anmeldung zum Fu\u00dfball-(Schnupper-)Training:<\/strong><\/em><br \/>\nUnabh\u00e4ngig von der Vereins-Mitgliedschaft muss ein Kind, um an einem Probe-\/Schnuppertraining teilnehmen zu k\u00f6nnen, <strong>vorab<\/strong> bei der Jugendleitung (<a href=\"mailto:jugendfussball@tsv-oberriexingen.de\" target=\"_blank\" rel=\"noopener\">jugendfussball@tsv-<wbr \/>oberriexingen.de<\/a>) mit dem Anmeldebogen \u201e<strong>Anmeldung Jugendfu\u00dfball<\/strong>\u201c angemeldet werden.<\/p>\n<p><strong>Ansprechpartner:<\/strong><br \/>\nKristin K\u00fchnle (<a href=\"mailto:jugendfussball@tsv-oberriexingen.de\" target=\"_blank\" rel=\"noopener\">jugendfussball@tsv-<wbr \/>oberriexingen.de<\/a>) \/<br \/>\nJugendleiterin Abt. Fu\u00dfball TSV Oberriexingen<\/p>\n","protected":false},"excerpt":{"rendered":"<p>Link zu den Spielpl\u00e4nen aller Mannschaften: Fussball.de \/TSV Oberriexingen Link zu den Trainingszeiten f\u00fcr den Sommer und Winter Seit 2016 gibt es den Zusammenschluss der Fu\u00dfballabteilungen des TSV Unterriexingen und des TSV Oberriexingen zur SGM Riexingen im gesamten Jugendbereich von &hellip; <a href=\"http:\/\/www.tsv-oberriexingen.de\/WP\/trainingszeiten-jugendfussball\/\">Weiterlesen <span class=\"meta-nav\">&rarr;<\/span><\/a><\/p>\n","protected":false},"author":8,"featured_media":0,"parent":0,"menu_order":0,"comment_status":"closed","ping_status":"closed","template":"","meta":{"footnotes":""},"class_list":["post-6553","page","type-page","status-publish","hentry"],"_links":{"self":[{"href":"http:\/\/www.tsv-oberriexingen.de\/WP\/wp-json\/wp\/v2\/pages\/6553","targetHints":{"allow":["GET"]}}],"collection":[{"href":"http:\/\/www.tsv-oberriexingen.de\/WP\/wp-json\/wp\/v2\/pages"}],"about":[{"href":"http:\/\/www.tsv-oberriexingen.de\/WP\/wp-json\/wp\/v2\/types\/page"}],"author":[{"embeddable":true,"href":"http:\/\/www.tsv-oberriexingen.de\/WP\/wp-json\/wp\/v2\/users\/8"}],"replies":[{"embeddable":true,"href":"http:\/\/www.tsv-oberriexingen.de\/WP\/wp-json\/wp\/v2\/comments?post=6553"}],"version-history":[{"count":28,"href":"http:\/\/www.tsv-oberriexingen.de\/WP\/wp-json\/wp\/v2\/pages\/6553\/revisions"}],"predecessor-version":[{"id":8174,"href":"http:\/\/www.tsv-oberriexingen.de\/WP\/wp-json\/wp\/v2\/pages\/6553\/revisions\/8174"}],"wp:attachment":[{"href":"http:\/\/www.tsv-oberriexingen.de\/WP\/wp-json\/wp\/v2\/media?parent=6553"}],"curies":[{"name":"wp","href":"https:\/\/api.w.org\/{rel}","templated":true}]}}