{"id":660,"date":"2012-11-29T21:11:32","date_gmt":"2012-11-29T20:11:32","guid":{"rendered":"http:\/\/wp1081102.wp115.webpack.hosteurope.de\/WP\/?page_id=660"},"modified":"2024-02-08T22:21:03","modified_gmt":"2024-02-08T21:21:03","slug":"tennisbeitrage","status":"publish","type":"page","link":"http:\/\/www.tsv-oberriexingen.de\/WP\/tennis\/tennisbeitrage\/","title":{"rendered":"Tennisbeitr\u00e4ge"},"content":{"rendered":"<p>Abteilungsbezogene Mitgliedsbeitr\u00e4ge und Leistungen<\/p>\n<p><strong>Beitr\u00e4ge &#8211; Aktive Mitglieder<\/strong><\/p>\n<p>Erwachsene ab 18 Jahren: <strong>Jahresbeitrag 109 \u20ac, keine Aufnahmegeb\u00fchr<\/strong><br \/>\nEhepaare: <strong>Jahresbeitrag 168 \u20ac, keine Aufnahmegeb\u00fchr<\/strong><br \/>\nFamilien mit 2 oder mehr Kinder: <strong> Jahresbeitrag 197 \u20ac, keine Aufnahmegeb\u00fchr<\/strong><br \/>\nKinder, Jugendliche bis 18 Jahre: <strong>Jahresbeitrag 37 \u20ac, keine Aufnahmegeb\u00fchr<\/strong><br \/>\nAzubis und Studenten bis 26 Jahre: <strong>Jahresbeitrag 37 \u20ac, keine Aufnahmegeb\u00fchr<\/strong><\/p>\n<p><strong>Umlage f\u00fcr Platzpflege durch Spezialfirma<\/strong><br \/>\nErwachsene: 16 \u20ac<br \/>\nKinder, Jugendliche bis 18 Jahre: 8 \u20ac<br \/>\nAzubis und Studenten bis 26 Jahre: 8 \u20ac<\/p>\n<p><strong>Beitr\u00e4ge &#8211; F\u00f6rdermitglieder<\/strong><br \/>\nErwachsene ab 18. Jahre: 40 \u20ac<br \/>\nJugendliche bis 18 Jahre:40 \u20ac<br \/>\nAzubis und Studenten bis 26 Jahre: 40 \u20ac<\/p>\n<p><strong>Rechte der F\u00f6rdermitglieder<br \/>\n<\/strong>&#8211; F\u00f6rdermitglieder haben ein Stimmrecht bei Mitgliederversammlungen<br \/>\n&#8211; F\u00f6rdermitglieder und Nicht-Mitglieder zahlen pro angefangene Stunde eine Platzgeb\u00fchr von 10,- \u20ac<br \/>\n&#8211; F\u00f6rdermitglieder und Nicht-Mitglieder d\u00fcrfen pro Jahr maximal 5 Stunden auf der Anlage Tennis spielen<\/p>\n<p><strong>Arbeitseinsatz pro Jahr &#8211; Aktive Mitglieder<\/strong><br \/>\nAlle Mitglieder ab dem Jahr nach Vollendung des 18. Lebensjahres: 8 Stunden<br \/>\nIn dem Jahr nach Vollendung des 16. Lebensjahres sind die Jugendlichen verpflichtet, bei einer Veranstaltung wie einem Verbandsspiel, dem LK-Turnier, Tenniscamp etc. dem Hausdienst an einem Termin unterst\u00fctzend zu helfen.<br \/>\nArbeitseinsatz pro Jahr &#8211; F\u00f6rdermitglieder: Arbeitsstunden m\u00fcssen nicht geleistet werden.<\/p>\n<p><strong>Erg\u00e4nzende Regelungen<\/strong><br \/>\nEs werden nur Arbeitsstunden angerechnet, die auf der Tennisanlage geleistet werden.<br \/>\n&#8211; Ausschu\u00dfmitglieder der Abteilung sind von Arbeitsstunden und Hausdienst befreit.<br \/>\n&#8211; Betreuer von Jugendmannschaften sind von den j\u00e4hrlichen Arbeitsstunden befreit.<br \/>\n&#8211; Nach dem 65. Lebensjahr sind die Mitglieder von Arbeitsstunden, nach dem 70. auch vom Hausdienst befreit.<br \/>\n&#8211; F\u00fcr nicht geleistete Arbeitsstunden wird ein Ausgleichsbetrag von 20,00 \u20ac\/Std. berechnet.<\/p>\n<p><strong>TSV Beitrag<\/strong><br \/>\n<strong>Zus\u00e4tzlich<\/strong> zum Abteilungsbeitrag der Tennisabteilung, werden die jeweils aktuellen Mitgliedsbeitr\u00e4ge f\u00fcr den Hauptverein TSV Oberriexingen f\u00e4llig. (Beitr\u00e4ge siehe <a href=\"http:\/\/www.tsv-oberriexingen.de\/WP\/wp-content\/uploads\/simple-file-list\/allgemein\/TSV_Beitragsordnung_2016.pdf\" target=\"_blank\" rel=\"noopener noreferrer\">Beitragsordnung<\/a>)<\/p>\n","protected":false},"excerpt":{"rendered":"<p>Abteilungsbezogene Mitgliedsbeitr\u00e4ge und Leistungen Beitr\u00e4ge &#8211; Aktive Mitglieder Erwachsene ab 18 Jahren: Jahresbeitrag 109 \u20ac, keine Aufnahmegeb\u00fchr Ehepaare: Jahresbeitrag 168 \u20ac, keine Aufnahmegeb\u00fchr Familien mit 2 oder mehr Kinder: Jahresbeitrag 197 \u20ac, keine Aufnahmegeb\u00fchr Kinder, Jugendliche bis 18 Jahre: Jahresbeitrag &hellip; <a href=\"http:\/\/www.tsv-oberriexingen.de\/WP\/tennis\/tennisbeitrage\/\">Weiterlesen <span class=\"meta-nav\">&rarr;<\/span><\/a><\/p>\n","protected":false},"author":2,"featured_media":0,"parent":16,"menu_order":0,"comment_status":"open","ping_status":"open","template":"","meta":{"footnotes":""},"class_list":["post-660","page","type-page","status-publish","hentry"],"_links":{"self":[{"href":"http:\/\/www.tsv-oberriexingen.de\/WP\/wp-json\/wp\/v2\/pages\/660","targetHints":{"allow":["GET"]}}],"collection":[{"href":"http:\/\/www.tsv-oberriexingen.de\/WP\/wp-json\/wp\/v2\/pages"}],"about":[{"href":"http:\/\/www.tsv-oberriexingen.de\/WP\/wp-json\/wp\/v2\/types\/page"}],"author":[{"embeddable":true,"href":"http:\/\/www.tsv-oberriexingen.de\/WP\/wp-json\/wp\/v2\/users\/2"}],"replies":[{"embeddable":true,"href":"http:\/\/www.tsv-oberriexingen.de\/WP\/wp-json\/wp\/v2\/comments?post=660"}],"version-history":[{"count":17,"href":"http:\/\/www.tsv-oberriexingen.de\/WP\/wp-json\/wp\/v2\/pages\/660\/revisions"}],"predecessor-version":[{"id":7985,"href":"http:\/\/www.tsv-oberriexingen.de\/WP\/wp-json\/wp\/v2\/pages\/660\/revisions\/7985"}],"up":[{"embeddable":true,"href":"http:\/\/www.tsv-oberriexingen.de\/WP\/wp-json\/wp\/v2\/pages\/16"}],"wp:attachment":[{"href":"http:\/\/www.tsv-oberriexingen.de\/WP\/wp-json\/wp\/v2\/media?parent=660"}],"curies":[{"name":"wp","href":"https:\/\/api.w.org\/{rel}","templated":true}]}}