{"id":716,"date":"2012-11-30T17:12:24","date_gmt":"2012-11-30T16:12:24","guid":{"rendered":"http:\/\/wp1081102.wp115.webpack.hosteurope.de\/WP\/?page_id=716"},"modified":"2022-11-30T10:31:30","modified_gmt":"2022-11-30T09:31:30","slug":"sponsoring","status":"publish","type":"page","link":"http:\/\/www.tsv-oberriexingen.de\/WP\/handball\/sponsoring\/","title":{"rendered":"Sponsoring"},"content":{"rendered":"<div><a href=\"http:\/\/www.tsv-oberriexingen.de\/WP\/handball\/sponsoring\/hendel-heizungstechnik\/\" rel=\"attachment wp-att-1041\"><img loading=\"lazy\" decoding=\"async\" class=\"size-medium wp-image-1041 alignright\" src=\"http:\/\/www.tsv-oberriexingen.de\/WP\/wp-content\/uploads\/2012\/11\/Hendel-Heizungstechnik-300x166.jpg\" alt=\"Hendel Heizungstechnik\" width=\"300\" height=\"166\" srcset=\"http:\/\/www.tsv-oberriexingen.de\/WP\/wp-content\/uploads\/2012\/11\/Hendel-Heizungstechnik-300x166.jpg 300w, http:\/\/www.tsv-oberriexingen.de\/WP\/wp-content\/uploads\/2012\/11\/Hendel-Heizungstechnik-200x111.jpg 200w, http:\/\/www.tsv-oberriexingen.de\/WP\/wp-content\/uploads\/2012\/11\/Hendel-Heizungstechnik-600x333.jpg 600w, http:\/\/www.tsv-oberriexingen.de\/WP\/wp-content\/uploads\/2012\/11\/Hendel-Heizungstechnik-250x138.jpg 250w, http:\/\/www.tsv-oberriexingen.de\/WP\/wp-content\/uploads\/2012\/11\/Hendel-Heizungstechnik.jpg 780w\" sizes=\"auto, (max-width: 300px) 100vw, 300px\" \/><\/a> <a href=\"http:\/\/www.tsv-oberriexingen.de\/WP\/handball\/sponsoring\/logo-legowear\/\" rel=\"attachment wp-att-1042\"><img loading=\"lazy\" decoding=\"async\" class=\"alignleft size-medium wp-image-1042\" src=\"http:\/\/www.tsv-oberriexingen.de\/WP\/wp-content\/uploads\/2012\/11\/logo-legowear-300x155.jpg\" alt=\"logo-legowear\" width=\"300\" height=\"155\" srcset=\"http:\/\/www.tsv-oberriexingen.de\/WP\/wp-content\/uploads\/2012\/11\/logo-legowear-300x155.jpg 300w, http:\/\/www.tsv-oberriexingen.de\/WP\/wp-content\/uploads\/2012\/11\/logo-legowear-200x103.jpg 200w, http:\/\/www.tsv-oberriexingen.de\/WP\/wp-content\/uploads\/2012\/11\/logo-legowear-250x129.jpg 250w, http:\/\/www.tsv-oberriexingen.de\/WP\/wp-content\/uploads\/2012\/11\/logo-legowear.jpg 512w\" sizes=\"auto, (max-width: 300px) 100vw, 300px\" \/><\/a><\/div>\n<h3>Warum sollte Ihr Unternehmen uns sponsern?<\/h3>\n<ol>\n<li>Indentifikation Ihres Unternehmens mit einer Sportart, deren Spieler aus Oberriexingen und Umgebung stammen<\/li>\n<li>Sie werben und erreichen alle Altersgruppen von 4- 60 Jahre<\/li>\n<li>Teil am Aufschwung der Sportart Handball in Oberriexingen und in ganz Deutschland<\/li>\n<li>Erh\u00f6hung Ihres Bekanntheitsgrades in Oberriexingen und Umgebung<\/li>\n<li>Sie tun etwas gemeinn\u00fctziges und bringen Ihrem Firmennamen in Verbindung mit Sport und Erfolg<\/li>\n<\/ol>\n<h3>Werbem\u00f6glichkeiten<\/h3>\n<ol>\n<li><strong>Bannereinblendung auf der TSV-Homepage<\/strong> &#8211; eine g\u00fcnstige Werbem\u00f6glichkeit<br \/>\nIhr Firmenlogo wird auf der Homepage erscheinen und auf der Seite der Damen- oder Herrenmannschaft. Falls Sie einen eigenen Internetauftritt haben wird in der Linkliste ein entsprechender Eintrag vorgenommen<\/li>\n<li><strong>Trainingsanz\u00fcge oder Trikots<\/strong> &#8211; Sie bestimmen wie viel Sie sponsern<br \/>\nSie sponsern einer unserer Mannschaften Trikots, Hosen oder Trainingsanz\u00fcge. Ihre Werbung wird auf mehreren Spielen in der Region zu sehen sein<\/li>\n<li><strong>Werbung auf Printmedien<\/strong> &#8211; Effektiv besonders in Oberriexingen<br \/>\nAuf&nbsp;unsere Heimspieltagen&nbsp;weisen wir seit&nbsp;der Saison 2005\/2006 regelm\u00e4\u00dfig mit&nbsp;Aush\u00e4ngen in L\u00e4den und weiteren \u00d6rtlichkeiten hin. Wir bieten Ihnen die M\u00f6glichkeit, ihren Firmennamen auf diese Plakate zu drucken. Oder Sie beteiligen sich mit Ihrem Sponsoring an unserem &#8222;Hallenheftle&#8220;. Dieses erscheint jedes Jahr und informiert \u00fcber den Handballsport in Oberriexingen. Das Heft liegt in der Sporthalle aus und ihre Werbung wird darin abgedruckt. Die Auflage liegt bei etwa 200 Heften pro Saison.<\/li>\n<li><strong>Plakat in der Sporthalle<\/strong> &#8211; Ihre Firma ganz gro\u00df<br \/>\nSie werben auf einem Plakat in der Sporthalle f\u00fcr Ihre Firma. Das Plakat wird zu allen Heimspieltagen der Aktiven- und Jugendmannschaften aufgeh\u00e4ngt.<\/li>\n<\/ol>\n","protected":false},"excerpt":{"rendered":"<p>Warum sollte Ihr Unternehmen uns sponsern? Indentifikation Ihres Unternehmens mit einer Sportart, deren Spieler aus Oberriexingen und Umgebung stammen Sie werben und erreichen alle Altersgruppen von 4- 60 Jahre Teil am Aufschwung der Sportart Handball in Oberriexingen und in ganz &hellip; <a href=\"http:\/\/www.tsv-oberriexingen.de\/WP\/handball\/sponsoring\/\">Weiterlesen <span class=\"meta-nav\">&rarr;<\/span><\/a><\/p>\n","protected":false},"author":2,"featured_media":0,"parent":18,"menu_order":0,"comment_status":"closed","ping_status":"open","template":"page-templates\/full-width.php","meta":{"footnotes":""},"class_list":["post-716","page","type-page","status-publish","hentry"],"_links":{"self":[{"href":"http:\/\/www.tsv-oberriexingen.de\/WP\/wp-json\/wp\/v2\/pages\/716","targetHints":{"allow":["GET"]}}],"collection":[{"href":"http:\/\/www.tsv-oberriexingen.de\/WP\/wp-json\/wp\/v2\/pages"}],"about":[{"href":"http:\/\/www.tsv-oberriexingen.de\/WP\/wp-json\/wp\/v2\/types\/page"}],"author":[{"embeddable":true,"href":"http:\/\/www.tsv-oberriexingen.de\/WP\/wp-json\/wp\/v2\/users\/2"}],"replies":[{"embeddable":true,"href":"http:\/\/www.tsv-oberriexingen.de\/WP\/wp-json\/wp\/v2\/comments?post=716"}],"version-history":[{"count":16,"href":"http:\/\/www.tsv-oberriexingen.de\/WP\/wp-json\/wp\/v2\/pages\/716\/revisions"}],"predecessor-version":[{"id":6311,"href":"http:\/\/www.tsv-oberriexingen.de\/WP\/wp-json\/wp\/v2\/pages\/716\/revisions\/6311"}],"up":[{"embeddable":true,"href":"http:\/\/www.tsv-oberriexingen.de\/WP\/wp-json\/wp\/v2\/pages\/18"}],"wp:attachment":[{"href":"http:\/\/www.tsv-oberriexingen.de\/WP\/wp-json\/wp\/v2\/media?parent=716"}],"curies":[{"name":"wp","href":"https:\/\/api.w.org\/{rel}","templated":true}]}}