{"id":7613,"date":"2022-11-26T11:10:36","date_gmt":"2022-11-26T10:10:36","guid":{"rendered":"http:\/\/www.tsv-oberriexingen.de\/WP\/?page_id=7613"},"modified":"2022-11-29T12:53:55","modified_gmt":"2022-11-29T11:53:55","slug":"volkslauf","status":"publish","type":"page","link":"http:\/\/www.tsv-oberriexingen.de\/WP\/downloads-2\/volkslauf\/","title":{"rendered":"Volkslauf"},"content":{"rendered":"<div class=\"wp-block-downloadlist-list\"><ul class=\"downloadlist-list wp-block-downloadlist-list iconset-dashicons\">\n<li class=\"attachment-7591 file_application file_pdf \"><a href=\"http:\/\/www.tsv-oberriexingen.de\/WP\/wp-content\/uploads\/simple-file-list\/volkslauf\/TSV-Volkslauf-Flyer19.pdf\" download rel=\"nofollow\">TSV-Volkslauf-Flyer19<\/a> (884 KB)<\/li>\n<li class=\"attachment-7590 file_application file_pdf \"><a href=\"http:\/\/www.tsv-oberriexingen.de\/WP\/wp-content\/uploads\/simple-file-list\/volkslauf\/AnleitungTransponder.pdf\" download rel=\"nofollow\">AnleitungTransponder<\/a> (201 KB)<\/li>\n<li class=\"attachment-7592 file_application file_vndms-excel \"><a href=\"http:\/\/www.tsv-oberriexingen.de\/WP\/wp-content\/uploads\/simple-file-list\/volkslauf\/Volkslauf_Oberriexingen_2019_Sammelanmeldung_Schulen.xls\" download rel=\"nofollow\">Volkslauf_Oberriexingen_2019_Sammelanmeldung_Schulen<\/a> (9 KB)<\/li>\n<\/ul><\/div>\n\n\n\n<p><strong>Neue Ergebnislisten werden kurz nach den L\u00e4ufen aush\u00e4ngen und online bei <a href=\"https:\/\/www.racepedia360.de\/\" target=\"_blank\" rel=\"noreferrer noopener\">racepedia<\/a> erh\u00e4ltlich sein.<\/strong><\/p>\n\n\n\n<p><a href=\"http:\/\/www.tsv-oberriexingen.de\/WP\/downloads-2\/volkslauf\/alte-ergebnislisten\/\" data-type=\"page\" data-id=\"7737\">Hier sind die alten Ergebnislisten (2007 bis 2019)<\/a><\/p>\n","protected":false},"excerpt":{"rendered":"<p>Neue Ergebnislisten werden kurz nach den L\u00e4ufen aush\u00e4ngen und online bei racepedia erh\u00e4ltlich sein. Hier sind die alten Ergebnislisten (2007 bis 2019)<\/p>\n","protected":false},"author":113,"featured_media":0,"parent":7555,"menu_order":0,"comment_status":"closed","ping_status":"closed","template":"","meta":{"footnotes":""},"class_list":["post-7613","page","type-page","status-publish","hentry"],"_links":{"self":[{"href":"http:\/\/www.tsv-oberriexingen.de\/WP\/wp-json\/wp\/v2\/pages\/7613","targetHints":{"allow":["GET"]}}],"collection":[{"href":"http:\/\/www.tsv-oberriexingen.de\/WP\/wp-json\/wp\/v2\/pages"}],"about":[{"href":"http:\/\/www.tsv-oberriexingen.de\/WP\/wp-json\/wp\/v2\/types\/page"}],"author":[{"embeddable":true,"href":"http:\/\/www.tsv-oberriexingen.de\/WP\/wp-json\/wp\/v2\/users\/113"}],"replies":[{"embeddable":true,"href":"http:\/\/www.tsv-oberriexingen.de\/WP\/wp-json\/wp\/v2\/comments?post=7613"}],"version-history":[{"count":3,"href":"http:\/\/www.tsv-oberriexingen.de\/WP\/wp-json\/wp\/v2\/pages\/7613\/revisions"}],"predecessor-version":[{"id":7744,"href":"http:\/\/www.tsv-oberriexingen.de\/WP\/wp-json\/wp\/v2\/pages\/7613\/revisions\/7744"}],"up":[{"embeddable":true,"href":"http:\/\/www.tsv-oberriexingen.de\/WP\/wp-json\/wp\/v2\/pages\/7555"}],"wp:attachment":[{"href":"http:\/\/www.tsv-oberriexingen.de\/WP\/wp-json\/wp\/v2\/media?parent=7613"}],"curies":[{"name":"wp","href":"https:\/\/api.w.org\/{rel}","templated":true}]}}