{"id":115,"date":"2012-11-13T10:23:53","date_gmt":"2012-11-13T09:23:53","guid":{"rendered":"http:\/\/wp1081102.wp115.webpack.hosteurope.de\/WP\/?page_id=115"},"modified":"2017-04-26T16:16:32","modified_gmt":"2017-04-26T14:16:32","slug":"leichtathletik","status":"publish","type":"page","link":"https:\/\/www.tsv-oberriexingen.de\/WP\/turnen-leichtathletik\/leichtathletik\/","title":{"rendered":"Leichtathletik"},"content":{"rendered":"<h3><img loading=\"lazy\" decoding=\"async\" class=\"alignleft size-thumbnail wp-image-1385\" style=\"border: 0px; padding: 0px;\" src=\"http:\/\/www.tsv-oberriexingen.de\/WP\/wp-content\/uploads\/2012\/11\/wanted-150x150.jpg\" alt=\"wanted\" width=\"150\" height=\"150\" srcset=\"https:\/\/www.tsv-oberriexingen.de\/WP\/wp-content\/uploads\/2012\/11\/wanted-150x150.jpg 150w, https:\/\/www.tsv-oberriexingen.de\/WP\/wp-content\/uploads\/2012\/11\/wanted-300x300.jpg 300w, https:\/\/www.tsv-oberriexingen.de\/WP\/wp-content\/uploads\/2012\/11\/wanted.jpg 325w\" sizes=\"auto, (max-width: 150px) 100vw, 150px\" \/>Trainer gesucht!<\/h3>\n<p>Unsere Leichtathletik-Kinder &amp; Jugendlichen sind aktuell unbetreut und daher suchen wir dringend eine\/n Trainer\/in. Gute Voraussetzungen f\u00fcr Leichtathletik sind sowohl im Freien als auch in der Halle vorhanden. Neben einer Aufwandsentsch\u00e4digung stellen wir Ihnen auch gerne eine Bescheinigung \u00fcber die T\u00e4tigkeit in unserem Verein aus.<br \/>\nBei Interesse wenden Sie sich bitte an: Abteilungsleiterin Turnen\/Leichtathletik: Yvonne Schembera (yvonne.schembera(at)gmx.de)<\/p>\n","protected":false},"excerpt":{"rendered":"<p>Trainer gesucht! Unsere Leichtathletik-Kinder &amp; Jugendlichen sind aktuell unbetreut und daher suchen wir dringend eine\/n Trainer\/in. Gute Voraussetzungen f\u00fcr Leichtathletik sind sowohl im Freien als auch in der Halle vorhanden. Neben einer Aufwandsentsch\u00e4digung stellen wir Ihnen auch gerne eine Bescheinigung &hellip; <a href=\"https:\/\/www.tsv-oberriexingen.de\/WP\/turnen-leichtathletik\/leichtathletik\/\">Weiterlesen <span class=\"meta-nav\">&rarr;<\/span><\/a><\/p>\n","protected":false},"author":1,"featured_media":0,"parent":10,"menu_order":0,"comment_status":"open","ping_status":"open","template":"page-templates\/full-width.php","meta":{"footnotes":""},"class_list":["post-115","page","type-page","status-publish","hentry"],"_links":{"self":[{"href":"https:\/\/www.tsv-oberriexingen.de\/WP\/wp-json\/wp\/v2\/pages\/115","targetHints":{"allow":["GET"]}}],"collection":[{"href":"https:\/\/www.tsv-oberriexingen.de\/WP\/wp-json\/wp\/v2\/pages"}],"about":[{"href":"https:\/\/www.tsv-oberriexingen.de\/WP\/wp-json\/wp\/v2\/types\/page"}],"author":[{"embeddable":true,"href":"https:\/\/www.tsv-oberriexingen.de\/WP\/wp-json\/wp\/v2\/users\/1"}],"replies":[{"embeddable":true,"href":"https:\/\/www.tsv-oberriexingen.de\/WP\/wp-json\/wp\/v2\/comments?post=115"}],"version-history":[{"count":10,"href":"https:\/\/www.tsv-oberriexingen.de\/WP\/wp-json\/wp\/v2\/pages\/115\/revisions"}],"predecessor-version":[{"id":6334,"href":"https:\/\/www.tsv-oberriexingen.de\/WP\/wp-json\/wp\/v2\/pages\/115\/revisions\/6334"}],"up":[{"embeddable":true,"href":"https:\/\/www.tsv-oberriexingen.de\/WP\/wp-json\/wp\/v2\/pages\/10"}],"wp:attachment":[{"href":"https:\/\/www.tsv-oberriexingen.de\/WP\/wp-json\/wp\/v2\/media?parent=115"}],"curies":[{"name":"wp","href":"https:\/\/api.w.org\/{rel}","templated":true}]}}